{"id":169,"date":"2023-12-01T15:15:29","date_gmt":"2023-12-01T15:15:29","guid":{"rendered":"https:\/\/lavendiera.com\/?page_id=169"},"modified":"2024-01-12T13:37:29","modified_gmt":"2024-01-12T13:37:29","slug":"school","status":"publish","type":"page","link":"https:\/\/lavendiera.com\/index.php\/school\/","title":{"rendered":"Tr\u01b0\u1eddng H\u1ecdc"},"content":{"rendered":"\t<section class=\"section\" id=\"section_411687022\">\n\t\t<div class=\"bg section-bg fill bg-fill  bg-loaded\" >\n\n\t\t\t\n\t\t\t\n\t\t\t\n\n\t\t<\/div>\n\n\t\t\n\n\t\t<div class=\"section-content relative\">\n\t\t\t\n<div class=\"row row-collapse row-full-width align-equal\"  id=\"row-1777904797\">\n\n\t<div id=\"col-1918012769\" class=\"col medium-12 small-12 large-6\"  >\n\t\t\t\t<div class=\"col-inner\"  >\n\t\t\t\n\t\t\t\n<div class=\"row align-center\"  id=\"row-756466904\">\n\n\t<div id=\"col-61274155\" class=\"col small-12 large-12\"  >\n\t\t\t\t<div class=\"col-inner text-center\"  >\n\t\t\t\n\t\t\t\n\t<div id=\"text-1511654132\" class=\"text\">\n\t\t\n<h2>B\u1ea2O V\u1ec6 TR\u1eba EM \u1ede TR\u01af\u1edcNG H\u1eccC<\/h2>\n\t\t\n<style>\n#text-1511654132 {\n  font-size: 1.75rem;\n}\n@media (min-width:550px) {\n  #text-1511654132 {\n    font-size: 2.25rem;\n  }\n}\n<\/style>\n\t<\/div>\n\t\n\t<div id=\"text-3593191376\" class=\"text\">\n\t\t\n<p style=\"text-align: left;\"><span style=\"color: #282828;\">Kh\u00f4ng c\u00f3 l\u1ef1a ch\u1ecdn kh\u00f4ng ph\u1ea3i l\u00e0 m\u1ed9t l\u1ef1a ch\u1ecdn! T\u1ea5t c\u1ea3 tr\u1ebb em \u0111\u1ec1u x\u1ee9ng \u0111\u00e1ng c\u00f3 c\u01a1 h\u1ed9i trong tr\u01b0\u1eddng h\u1ee3p c\u1ea5p c\u1ee9u ngh\u1eb9t th\u1edf, k\u1ec3 c\u1ea3 nh\u1eefng tr\u1ebb ng\u1ed3i tr\u00ean xe l\u0103n, b\u1ecb v\u1eb9o c\u1ed9t s\u1ed1ng, n\u1ee9t \u0111\u1ed1t s\u1ed1ng, g\u00e3y x\u01b0\u01a1ng v\u00e0 nhi\u1ec1u khuy\u1ebft t\u1eadt kh\u00e1c.<\/span><\/p>\n<p style=\"text-align: left;\"><span style=\"color: #282828;\">\u0110\u1ec3 h\u1ed7 tr\u1ee3 tr\u01b0\u1eddng h\u1ecdc c\u1ee7a b\u1ea1n, ch\u00fang t\u00f4i s\u1ebd gi\u1ea3m gi\u00e1 10% cho B\u1ed9 Combo 4 s\u1ea3n ph\u1ea9m.<\/span><\/p>\n<p style=\"text-align: left;\"><span style=\"color: #282828;\">B\u1ed9 d\u1ee5ng c\u1ee5 tr\u01b0\u1eddng h\u1ecdc Lavendiera<\/span><br \/><span style=\"color: #282828;\">B\u1ed9 d\u1ee5ng c\u1ee5 h\u1ecdc t\u1eadp bao g\u1ed3m b\u1ed1n \u0111\u01a1n v\u1ecb. M\u1ed7i B\u1ed9 \u0111\u01b0\u1ee3c \u0111\u00f3ng g\u00f3i ri\u00eang l\u1ebb.<\/span><br \/><span style=\"color: #282828;\">\u0110\u1ec1 ngh\u1ecb \u0111\u1eb7t c\u00e1c b\u1ed9 d\u1ee5ng c\u1ee5 n\u00e0y t\u1ea1i v\u0103n ph\u00f2ng Hi\u1ec7u tr\u01b0\u1edfng (B\u1ed9 d\u1ee5ng c\u1ee5 t\u1ea1i nh\u00e0) \u0111\u1ec3 th\u1ef1c h\u00e0nh, nh\u00e0 \u0103n, ph\u00f2ng y t\u00e1 v\u00e0 v\u0103n ph\u00f2ng gi\u00e1o vi\u00ean th\u1ec3 d\u1ee5c.<\/span><br \/><span style=\"color: #282828;\">Thi\u1ebft B\u1ecb c\u00f3 hai k\u00edch c\u1ee1 kh\u1ea9u trang d\u00e0nh cho Ng\u01b0\u1eddi l\u1edbn v\u00e0 Tr\u1ebb em.<\/span><\/p>\n\t\t\n<style>\n#text-3593191376 {\n  line-height: 1.9;\n}\n<\/style>\n\t<\/div>\n\t\n\t<div id=\"gap-2134336426\" class=\"gap-element clearfix\" style=\"display:block; height:auto;\">\n\t\t\n<style>\n#gap-2134336426 {\n  padding-top: 20px;\n}\n@media (min-width:550px) {\n  #gap-2134336426 {\n    padding-top: 30px;\n  }\n}\n<\/style>\n\t<\/div>\n\t\n<a href=\"https:\/\/lavendiera.com\/index.php\/product\/bo-du-lich-mau-xanh\/\" class=\"button secondary is-underline\"  >\n    <span>Mua b\u1ed9 thi\u1ebft b\u1ecb cho tr\u01b0\u1eddng h\u1ecdc<\/span>\n  <\/a>\n\n\t\t<\/div>\n\t\t\t\t\n<style>\n#col-61274155 > .col-inner {\n  padding: 30px 5% 30px 5%;\n}\n@media (min-width:550px) {\n  #col-61274155 > .col-inner {\n    padding: 50px 10% 50px 10%;\n  }\n}\n<\/style>\n\t<\/div>\n\n\t\n<\/div>\n\t\t<\/div>\n\t\t\t\t\t<\/div>\n\n\t\n\n\t<div id=\"col-541942322\" class=\"col medium-12 small-12 large-6\"  >\n\t\t\t\t<div class=\"col-inner\" style=\"background-color:rgb(255, 255, 255);\" >\n\t\t\t\n\t\t\t\n<div class=\"slider-wrapper relative\" id=\"slider-1882800169\" >\n    <div class=\"slider slider-nav-dots-dashes slider-nav-circle slider-nav-large slider-nav-light slider-style-container\"\n        data-flickity-options='{\n            \"cellAlign\": \"center\",\n            \"imagesLoaded\": true,\n            \"lazyLoad\": 1,\n            \"freeScroll\": false,\n            \"wrapAround\": true,\n            \"autoPlay\": 3500,\n            \"pauseAutoPlayOnHover\" : false,\n            \"prevNextButtons\": false,\n            \"contain\" : true,\n            \"adaptiveHeight\" : true,\n            \"dragThreshold\" : 10,\n            \"percentPosition\": true,\n            \"pageDots\": true,\n            \"rightToLeft\": false,\n            \"draggable\": true,\n            \"selectedAttraction\": 0.1,\n            \"parallax\" : 0,\n            \"friction\": 0.6        }'\n        >\n        \n\n  <div class=\"banner has-hover\" id=\"banner-223907384\">\n          <div class=\"banner-inner fill\">\n        <div class=\"banner-bg fill\" >\n            <div class=\"bg fill bg-fill \"><\/div>\n                                    \n                    <\/div>\n\t\t\n        <div class=\"banner-layers container\">\n            <div class=\"fill banner-link\"><\/div>            \n   <div id=\"text-box-273908621\" class=\"text-box banner-layer x50 md-x50 lg-x50 y50 md-y50 lg-y50 res-text\">\n                                <div class=\"text-box-content text dark\">\n              \n              <div class=\"text-inner text-center\">\n                  \n              <\/div>\n           <\/div>\n                            \n<style>\n#text-box-273908621 {\n  width: 60%;\n}\n#text-box-273908621 .text-box-content {\n  font-size: 100%;\n}\n@media (min-width:550px) {\n  #text-box-273908621 {\n    width: 60%;\n  }\n}\n<\/style>\n    <\/div>\n \n        <\/div>\n      <\/div>\n\n            \n<style>\n#banner-223907384 {\n  padding-top: 300px;\n  background-color: rgba(255, 255, 255, 0);\n}\n#banner-223907384 .bg.bg-loaded {\n  background-image: url(https:\/\/lavendiera.com\/wp-content\/uploads\/2024\/01\/hoc-sinh.jpg);\n}\n@media (min-width:550px) {\n  #banner-223907384 {\n    padding-top: 450px;\n  }\n}\n@media (min-width:850px) {\n  #banner-223907384 {\n    padding-top: 550px;\n  }\n}\n<\/style>\n  <\/div>\n\n\n\n  <div class=\"banner has-hover\" id=\"banner-656582923\">\n          <div class=\"banner-inner fill\">\n        <div class=\"banner-bg fill\" >\n            <div class=\"bg fill bg-fill \"><\/div>\n                                    \n                    <\/div>\n\t\t\n        <div class=\"banner-layers container\">\n            <div class=\"fill banner-link\"><\/div>            \n   <div id=\"text-box-1427165517\" class=\"text-box banner-layer x50 md-x50 lg-x50 y50 md-y50 lg-y50 res-text\">\n                                <div class=\"text-box-content text dark\">\n              \n              <div class=\"text-inner text-center\">\n                  \n              <\/div>\n           <\/div>\n                            \n<style>\n#text-box-1427165517 {\n  width: 60%;\n}\n#text-box-1427165517 .text-box-content {\n  font-size: 100%;\n}\n<\/style>\n    <\/div>\n \n        <\/div>\n      <\/div>\n\n            \n<style>\n#banner-656582923 {\n  padding-top: 300px;\n  background-color: rgba(255, 255, 255, 0);\n}\n#banner-656582923 .bg.bg-loaded {\n  background-image: url(https:\/\/lavendiera.com\/wp-content\/uploads\/2024\/01\/a1-6935.jpg);\n}\n@media (min-width:550px) {\n  #banner-656582923 {\n    padding-top: 450px;\n  }\n}\n@media (min-width:850px) {\n  #banner-656582923 {\n    padding-top: 56.25%;\n  }\n}\n<\/style>\n  <\/div>\n\n\n     <\/div>\n\n     <div class=\"loading-spin dark large centered\"><\/div>\n\n\t<\/div>\n\n\n\t<div id=\"gap-318252909\" class=\"gap-element clearfix\" style=\"display:block; height:auto;\">\n\t\t\n<style>\n#gap-318252909 {\n  padding-top: 30px;\n}\n<\/style>\n\t<\/div>\n\t\n<div class=\"row\"  id=\"row-862211158\">\n\n\t<div id=\"col-155649760\" class=\"col small-12 large-12\"  >\n\t\t\t\t<div class=\"col-inner\"  >\n\t\t\t\n\t\t\t\n<div class=\"row row-solid\"  id=\"row-1166183359\">\n\n\t<div id=\"col-1674362877\" class=\"col medium-4 small-12 large-4\"  >\n\t\t\t\t<div class=\"col-inner text-center\"  >\n\t\t\t\n\t\t\t\n\t<div id=\"text-2219763789\" class=\"text\">\n\t\t\n<h3><span style=\"color: #282828;\">T\u01b0\u01a1ng Lai<\/span><\/h3>\n\t\t\n<style>\n#text-2219763789 {\n  line-height: 0.75;\n}\n<\/style>\n\t<\/div>\n\t\n\t\t<\/div>\n\t\t\t\t\t<\/div>\n\n\t\n\n\t<div id=\"col-1378380319\" class=\"col medium-4 small-12 large-4\"  >\n\t\t\t\t<div class=\"col-inner text-center\"  >\n\t\t\t\n\t\t\t\n\t<div id=\"text-3482732114\" class=\"text\">\n\t\t\n<h3>Gi\u00e1o Vi\u00ean<\/h3>\n\t\t\n<style>\n#text-3482732114 {\n  line-height: 0.75;\n}\n<\/style>\n\t<\/div>\n\t\n\t\t<\/div>\n\t\t\t\t\t<\/div>\n\n\t\n\n\t<div id=\"col-970176398\" class=\"col medium-4 small-12 large-4\"  >\n\t\t\t\t<div class=\"col-inner text-center\"  >\n\t\t\t\n\t\t\t\n\t<div id=\"text-2614953732\" class=\"text\">\n\t\t\n<h3><span style=\"color: #282828;\">\u0110\u1ed9i Nh\u00f3m Y T\u1ebf<\/span><\/h3>\n\t\t\n<style>\n#text-2614953732 {\n  line-height: 0.75;\n}\n<\/style>\n\t<\/div>\n\t\n\t\t<\/div>\n\t\t\t\t\t<\/div>\n\n\t\n<\/div>\n\t\t<\/div>\n\t\t\t\t\n<style>\n#col-155649760 > .col-inner {\n  padding: 0px 5% 0px 5%;\n  margin: 0px 0px 0px 0px;\n}\n@media (min-width:850px) {\n  #col-155649760 > .col-inner {\n    padding: 0px 10% 0px 10%;\n    margin: 0px 0px -15px 0px;\n  }\n}\n<\/style>\n\t<\/div>\n\n\t\n<\/div>\n\t\t<\/div>\n\t\t\t\t\t<\/div>\n\n\t\n<\/div>\n\t\t<\/div>\n\n\t\t\n<style>\n#section_411687022 {\n  padding-top: 0px;\n  padding-bottom: 0px;\n}\n<\/style>\n\t<\/section>\n\t\n\t<section class=\"section\" id=\"section_377037064\">\n\t\t<div class=\"bg section-bg fill bg-fill  bg-loaded\" >\n\n\t\t\t\n\t\t\t\n\t\t\t\n\n\t\t<\/div>\n\n\t\t\n\n\t\t<div class=\"section-content relative\">\n\t\t\t\n<div class=\"row row-collapse row-full-width align-middle\"  id=\"row-1679147183\">\n\n\t<div id=\"col-226672384\" class=\"col medium-6 small-12 large-6\"  >\n\t\t\t\t<div class=\"col-inner\"  >\n\t\t\t\n\t\t\t\n\n  <div class=\"banner has-hover\" id=\"banner-1651325824\">\n          <div class=\"banner-inner fill\">\n        <div class=\"banner-bg fill\" >\n            <div class=\"bg fill bg-fill \"><\/div>\n                                    \n                    <\/div>\n\t\t\n        <div class=\"banner-layers container\">\n            <div class=\"fill banner-link\"><\/div>            \n   <div id=\"text-box-1796202985\" class=\"text-box banner-layer x50 md-x50 lg-x50 y50 md-y50 lg-y50 res-text\">\n                                <div class=\"text-box-content text dark\">\n              \n              <div class=\"text-inner text-center\">\n                  \n              <\/div>\n           <\/div>\n                            \n<style>\n#text-box-1796202985 {\n  width: 60%;\n}\n#text-box-1796202985 .text-box-content {\n  font-size: 100%;\n}\n@media (min-width:550px) {\n  #text-box-1796202985 {\n    width: 60%;\n  }\n}\n<\/style>\n    <\/div>\n \n        <\/div>\n      <\/div>\n\n            \n<style>\n#banner-1651325824 {\n  padding-top: 300px;\n  background-color: rgba(255, 255, 255, 0);\n}\n#banner-1651325824 .bg.bg-loaded {\n  background-image: url(https:\/\/lavendiera.com\/wp-content\/uploads\/2024\/01\/Top-5-truong-tieu-hoc-song-ngu-TPHCM-tot-nhat_BVIS-1-1.jpg);\n}\n#banner-1651325824 .bg {\n  background-position: 64% 33%;\n}\n@media (min-width:550px) {\n  #banner-1651325824 {\n    padding-top: 70%;\n  }\n}\n<\/style>\n  <\/div>\n\n\n\t\t<\/div>\n\t\t\t\t\t<\/div>\n\n\t\n\n\t<div id=\"col-476326402\" class=\"col medium-6 small-12 large-6\"  >\n\t\t\t\t<div class=\"col-inner\"  >\n\t\t\t\n\t\t\t\n<div class=\"row align-center\"  id=\"row-111365589\">\n\n\t<div id=\"col-908534802\" class=\"col medium-9 small-12 large-9\"  >\n\t\t\t\t<div class=\"col-inner\"  >\n\t\t\t\n\t\t\t\n\t<div id=\"text-2250302491\" class=\"text\">\n\t\t\n<p><span style=\"color: #282828;\">B\u1ea3o v\u1ec7 th\u1ebf h\u1ec7 t\u01b0\u01a1ng lai !<\/span><\/p>\n<h5>ph\u00f2ng ch\u1ed1ng t\u1ea1i n\u1ea1n ngh\u1eb9n h\u00f3c m\u1ecdi l\u00fac m\u1ecdi n\u01a1i, v\u00e0 tr\u01b0\u1eddng h\u1ecdc l\u00e0 m\u1ed9t n\u01a1i kh\u00f4ng th\u1ec3 thi\u1ebfu<\/h5>\n<h5>\u00a0<\/h5>\n\t\t\n<style>\n#text-2250302491 {\n  font-size: 1.5rem;\n  line-height: 1.3;\n}\n@media (min-width:850px) {\n  #text-2250302491 {\n    font-size: 1.7rem;\n  }\n}\n<\/style>\n\t<\/div>\n\t\n\t<div id=\"gap-1944290149\" class=\"gap-element clearfix\" style=\"display:block; height:auto;\">\n\t\t\n<style>\n#gap-1944290149 {\n  padding-top: 20px;\n}\n<\/style>\n\t<\/div>\n\t\n\t<div id=\"stack-955713958\" class=\"stack stack-row justify-start items-stretch md:stack-col\">\n\t\t\n<a href=\"https:\/\/lavendiera.com\/index.php\/product\/bo-du-lich-mau-xanh\/\" class=\"button secondary\"  style=\"border-radius:10px;padding:10px 30px 10px 30px;\">\n    <span>t\u00ecm hi\u1ec3u th\u00eam<\/span>\n  <\/a>\n\n\t\t\n<style>\n#stack-955713958 > * {\n  --stack-gap: 0.25rem;\n}\n<\/style>\n\t<\/div>\n\t\n\t\t<\/div>\n\t\t\t\t\n<style>\n#col-908534802 > .col-inner {\n  padding: 50px 20px 20px 20px;\n}\n@media (min-width:550px) {\n  #col-908534802 > .col-inner {\n    padding: 0px 0px 0px 0;\n  }\n}\n<\/style>\n\t<\/div>\n\n\t\n<\/div>\n\t\t<\/div>\n\t\t\t\t\t<\/div>\n\n\t\n<\/div>\n\t\t<\/div>\n\n\t\t\n<style>\n#section_377037064 {\n  padding-top: 0px;\n  padding-bottom: 0px;\n}\n<\/style>\n\t<\/section>\n\t\n","protected":false},"excerpt":{"rendered":"","protected":false},"author":1,"featured_media":0,"parent":0,"menu_order":0,"comment_status":"closed","ping_status":"closed","template":"","meta":{"om_disable_all_campaigns":false,"_monsterinsights_skip_tracking":false,"_monsterinsights_sitenote_active":false,"_monsterinsights_sitenote_note":"","_monsterinsights_sitenote_category":0,"_uf_show_specific_survey":0,"_uf_disable_surveys":false,"footnotes":""},"class_list":["post-169","page","type-page","status-publish","hentry"],"aioseo_notices":[],"jetpack_sharing_enabled":true,"_links":{"self":[{"href":"https:\/\/lavendiera.com\/index.php\/wp-json\/wp\/v2\/pages\/169","targetHints":{"allow":["GET"]}}],"collection":[{"href":"https:\/\/lavendiera.com\/index.php\/wp-json\/wp\/v2\/pages"}],"about":[{"href":"https:\/\/lavendiera.com\/index.php\/wp-json\/wp\/v2\/types\/page"}],"author":[{"embeddable":true,"href":"https:\/\/lavendiera.com\/index.php\/wp-json\/wp\/v2\/users\/1"}],"replies":[{"embeddable":true,"href":"https:\/\/lavendiera.com\/index.php\/wp-json\/wp\/v2\/comments?post=169"}],"version-history":[{"count":21,"href":"https:\/\/lavendiera.com\/index.php\/wp-json\/wp\/v2\/pages\/169\/revisions"}],"predecessor-version":[{"id":1261,"href":"https:\/\/lavendiera.com\/index.php\/wp-json\/wp\/v2\/pages\/169\/revisions\/1261"}],"wp:attachment":[{"href":"https:\/\/lavendiera.com\/index.php\/wp-json\/wp\/v2\/media?parent=169"}],"curies":[{"name":"wp","href":"https:\/\/api.w.org\/{rel}","templated":true}]}}