{"id":171,"date":"2023-12-03T04:21:12","date_gmt":"2023-12-03T04:21:12","guid":{"rendered":"https:\/\/lavendiera.com\/?page_id=171"},"modified":"2026-01-11T01:40:04","modified_gmt":"2026-01-11T01:40:04","slug":"luc-hut-thiet-bi-hut-di-vat","status":"publish","type":"page","link":"https:\/\/lavendiera.com\/index.php\/luc-hut-thiet-bi-hut-di-vat\/","title":{"rendered":"L\u1ef1c h\u00fat thi\u1ebft b\u1ecb"},"content":{"rendered":"<div class=\"video video-fit mb hidden\" style=\"padding-top:56.25%;\"><p><iframe loading=\"lazy\" title=\"L\u1ef1c h\u00fat d\u1ee5ng c\u1ee5 h\u00fat d\u1ecb v\u1eadt \u0111\u01b0\u1eddng th\u1edf Lavendiera\" width=\"1020\" height=\"574\" src=\"https:\/\/www.youtube.com\/embed\/vVciXDZuHsw?feature=oembed\" frameborder=\"0\" allow=\"accelerometer; autoplay; clipboard-write; encrypted-media; gyroscope; picture-in-picture; web-share\" referrerpolicy=\"strict-origin-when-cross-origin\" allowfullscreen><\/iframe><\/p>\n<\/div>\n<div class=\"video video-fit mb hidden\" style=\"padding-top:56.25%;\"><p><iframe loading=\"lazy\" title=\"L\u1ef1c H\u00fat c\u1ee7a Thi\u1ebft B\u1ecb Ch\u1ed1ng Ngh\u1eb9n H\u00f3c Lavendiera\" width=\"1020\" height=\"574\" src=\"https:\/\/www.youtube.com\/embed\/t2qXQJWWDTs?feature=oembed\" frameborder=\"0\" allow=\"accelerometer; autoplay; clipboard-write; encrypted-media; gyroscope; picture-in-picture; web-share\" allowfullscreen><\/iframe><\/p>\n<\/div>\n\t<section class=\"section\" id=\"section_1652947702\">\n\t\t<div class=\"bg section-bg fill bg-fill  bg-loaded\" >\n\n\t\t\t\n\t\t\t\n\t\t\t\n\n\t\t<\/div>\n\n\t\t\n\n\t\t<div class=\"section-content relative\">\n\t\t\t\n<div class=\"row row-collapse row-full-width align-middle\"  id=\"row-1382473331\">\n\n\t<div id=\"col-1848701703\" class=\"col medium-6 small-12 large-6\"  >\n\t\t\t\t<div class=\"col-inner\"  >\n\t\t\t\n\t\t\t\n\n  <div class=\"banner has-hover\" id=\"banner-2012271327\">\n          <div class=\"banner-inner fill\">\n        <div class=\"banner-bg fill\" >\n            <div class=\"bg fill bg-fill \"><\/div>\n                                    \n                    <\/div>\n\t\t\n        <div class=\"banner-layers container\">\n            <div class=\"fill banner-link\"><\/div>            \n   <div id=\"text-box-1902343799\" class=\"text-box banner-layer x50 md-x50 lg-x50 y50 md-y50 lg-y50 res-text\">\n                                <div class=\"text-box-content text dark\">\n              \n              <div class=\"text-inner text-center\">\n                  \n              <\/div>\n           <\/div>\n                            \n<style>\n#text-box-1902343799 {\n  width: 60%;\n}\n#text-box-1902343799 .text-box-content {\n  font-size: 100%;\n}\n@media (min-width:550px) {\n  #text-box-1902343799 {\n    width: 60%;\n  }\n}\n<\/style>\n    <\/div>\n \n        <\/div>\n      <\/div>\n\n            \n<style>\n#banner-2012271327 {\n  padding-top: 75%;\n  background-color: rgba(255, 255, 255, 0);\n}\n#banner-2012271327 .bg.bg-loaded {\n  background-image: url(https:\/\/lavendiera.com\/wp-content\/uploads\/2023\/12\/2.png);\n}\n#banner-2012271327 .bg {\n  background-position: 64% 33%;\n}\n@media (min-width:550px) {\n  #banner-2012271327 {\n    padding-top: 75%;\n  }\n}\n<\/style>\n  <\/div>\n\n\n\t\t<\/div>\n\t\t\t\t\t<\/div>\n\n\t\n\n\t<div id=\"col-48362864\" class=\"col medium-6 small-12 large-6\"  >\n\t\t\t\t<div class=\"col-inner\"  >\n\t\t\t\n\t\t\t\n<div class=\"row align-center\"  id=\"row-2126195792\">\n\n\t<div id=\"col-868398254\" class=\"col medium-9 small-12 large-9\"  >\n\t\t\t\t<div class=\"col-inner\"  >\n\t\t\t\n\t\t\t\n\t<div id=\"text-1733498438\" class=\"text\">\n\t\t\n<h1><span style=\"color: #282828;\">S\u1eed d\u1ee5ng van m\u1ed9t chi\u1ec1u\u00a0<\/span><\/h1>\n\t\t\n<style>\n#text-1733498438 {\n  font-size: 1.5rem;\n}\n@media (min-width:850px) {\n  #text-1733498438 {\n    font-size: 1.75rem;\n  }\n}\n<\/style>\n\t<\/div>\n\t\n<p><span style=\"color: #282828;\">nh\u01b0 b\u1ea1n th\u1ea5y b\u00ean h\u00ecnh \u1ea3nh, c\u00e1c l\u1ed7 nh\u1ecf li ti tr\u00ean thi\u1ebft b\u1ecb \u1edf khu v\u1ef1c m\u00e0u v\u00e0ng, \u0111\u00f3 l\u00e0 n\u01a1i van m\u1ed9t chi\u1ec1u, khi thao t\u00e1c \u1ea5n xu\u1ed1ng, kh\u00f4ng kh\u00ed s\u1ebd ch\u1ec9 \u0111i ra c\u00e1c l\u1ed7 nh\u1ecf \u0111\u00f3 m\u00e0 kh\u00f4ng h\u1ec1 \u0111i qua m\u1eb7t n\u1ea1, ch\u1ec9 cho ph\u00e9p t\u1ea1o \u00e1p su\u1ea5t kh\u00ed h\u00fat ra m\u00e0 kh\u00f4ng h\u1ec1 \u0111\u1ea9y v\u00e0o.<\/span><\/p>\n\t<div id=\"gap-1069304986\" class=\"gap-element clearfix\" style=\"display:block; height:auto;\">\n\t\t\n<style>\n#gap-1069304986 {\n  padding-top: 20px;\n}\n<\/style>\n\t<\/div>\n\t\n\t<div id=\"stack-269432107\" class=\"stack stack-row justify-start items-stretch md:stack-col\">\n\t\t\n<a href=\"https:\/\/lavendiera.com\/index.php\/shop\/\" class=\"button secondary\"  style=\"border-radius:10px;padding:10px 30px 10px 30px;\">\n    <span>trang ch\u1ee7<\/span>\n  <\/a>\n\n<a href=\"http:\/\/lavendiera.com\" class=\"button secondary is-link\"  style=\"padding:10px 30px 10px 30px;\">\n    <span>\u0111\u1ecdc th\u00eam<\/span>\n  <i class=\"icon-angle-right\" aria-hidden=\"true\" ><\/i><\/a>\n\n\t\t\n<style>\n#stack-269432107 > * {\n  --stack-gap: 0.25rem;\n}\n<\/style>\n\t<\/div>\n\t\n\t\t<\/div>\n\t\t\t\t\n<style>\n#col-868398254 > .col-inner {\n  padding: 50px 20px 20px 20px;\n}\n@media (min-width:550px) {\n  #col-868398254 > .col-inner {\n    padding: 0px 0px 0px 0;\n  }\n}\n<\/style>\n\t<\/div>\n\n\t\n<\/div>\n\t\t<\/div>\n\t\t\t\t\t<\/div>\n\n\t\n<\/div>\n\t\t<\/div>\n\n\t\t\n<style>\n#section_1652947702 {\n  padding-top: 0px;\n  padding-bottom: 0px;\n}\n<\/style>\n\t<\/section>\n\t\n\t<section class=\"section\" id=\"section_2129904453\">\n\t\t<div class=\"bg section-bg fill bg-fill  bg-loaded\" >\n\n\t\t\t\n\t\t\t\n\t\t\t\n\n\t\t<\/div>\n\n\t\t\n\n\t\t<div class=\"section-content relative\">\n\t\t\t\n<div class=\"row align-middle\"  id=\"row-223663308\">\n\n\t<div id=\"col-1446250577\" class=\"col medium-12 small-12 large-6\"  >\n\t\t\t\t<div class=\"col-inner\"  >\n\t\t\t\n\t\t\t\n\t<div id=\"gap-412389412\" class=\"gap-element clearfix hide-for-small\" style=\"display:block; height:auto;\">\n\t\t\n<style>\n#gap-412389412 {\n  padding-top: 10px;\n}\n@media (min-width:850px) {\n  #gap-412389412 {\n    padding-top: 30px;\n  }\n}\n<\/style>\n\t<\/div>\n\t\n\t<div id=\"text-3434097334\" class=\"text\">\n\t\t\n<h1>Thi\u1ebft k\u1ebf th\u00f4ng minh d\u1ea1ng l\u00f2 xo<\/h1>\n\t\t\n<style>\n#text-3434097334 {\n  font-size: 1.75rem;\n  line-height: 1.5;\n}\n@media (min-width:550px) {\n  #text-3434097334 {\n    font-size: 2rem;\n  }\n}\n<\/style>\n\t<\/div>\n\t\n\t<div id=\"text-4066928332\" class=\"text\">\n\t\t\n<p><span style=\"color: #282828;\">Cho ph\u00e9p t\u1ea1o l\u1ef1c h\u00fat t\u1ed1i \u0111a, tu\u1ea7n ho\u00e0n theo chu k\u1ef3 v\u1edbi thao t\u00e1c \u1ea5n xu\u1ed1ng v\u00e0 k\u00e9o l\u00ean, c\u00e0ng thao tao nhi\u1ec1u l\u1ea7n, l\u1ef1c h\u00fat, \u00e1p su\u1ea5t kh\u00ed h\u00fat ra c\u00e0ng m\u1ea1nh<\/span><br \/>\n\t\t\n<style>\n#text-4066928332 {\n  font-size: 1rem;\n}\n<\/style>\n\t<\/div>\n\t\n\t<div id=\"gap-430847588\" class=\"gap-element clearfix\" style=\"display:block; height:auto;\">\n\t\t\n<style>\n#gap-430847588 {\n  padding-top: 10px;\n}\n<\/style>\n\t<\/div>\n\t\n<a href=\"http:\/\/lavendiera.com\" class=\"button secondary\"  style=\"border-radius:10px;padding:15px 30px 15px 30px;\">\n    <span>t\u00ecm hi\u1ec3u th\u00eam<\/span>\n  <\/a>\n\n<a href=\"https:\/\/lavendiera.com\/index.php\/shop\/\" class=\"button secondary is-outline\"  style=\"border-radius:10px;padding:17px 30px 17px 30px;\">\n    <span>Mua ngay<\/span>\n  <\/a>\n\n\t\t<\/div>\n\t\t\t\t\t<\/div>\n\n\t\n\n\t<div id=\"col-2106712739\" class=\"col medium-12 small-12 large-6 medium-col-first\"  >\n\t\t\t\t<div class=\"col-inner\"  >\n\t\t\t\n\t\t\t\n\t<div class=\"img has-hover x md-x lg-x y md-y lg-y\" id=\"image_524427774\">\n\t\t\t\t\t\t\t\t<div class=\"img-inner image-cover dark\" style=\"padding-top:80%;\">\n\t\t\t<img loading=\"lazy\" decoding=\"async\" width=\"1532\" height=\"1166\" src=\"https:\/\/lavendiera.com\/wp-content\/uploads\/2024\/01\/4.png\" class=\"attachment-original size-original\" alt=\"\" srcset=\"https:\/\/lavendiera.com\/wp-content\/uploads\/2024\/01\/4.png 1532w, https:\/\/lavendiera.com\/wp-content\/uploads\/2024\/01\/4-300x228.png 300w, https:\/\/lavendiera.com\/wp-content\/uploads\/2024\/01\/4-1024x779.png 1024w, https:\/\/lavendiera.com\/wp-content\/uploads\/2024\/01\/4-768x585.png 768w, https:\/\/lavendiera.com\/wp-content\/uploads\/2024\/01\/4-1320x1005.png 1320w, https:\/\/lavendiera.com\/wp-content\/uploads\/2024\/01\/4-1200x913.png 1200w\" sizes=\"auto, (max-width: 1532px) 100vw, 1532px\" \/>\t\t\t\t\t\t\n\t\t\t\t\t<\/div>\n\t\t\t\t\t\t\t\t\n<style>\n#image_524427774 {\n  width: 100%;\n}\n@media (min-width:850px) {\n  #image_524427774 {\n    width: 100%;\n  }\n}\n<\/style>\n\t<\/div>\n\t\n\t\t<\/div>\n\t\t\t\t\t<\/div>\n\n\t\n<\/div>\n\t\t<\/div>\n\n\t\t\n<style>\n#section_2129904453 {\n  padding-top: 20px;\n  padding-bottom: 20px;\n}\n@media (min-width:550px) {\n  #section_2129904453 {\n    padding-top: 50px;\n    padding-bottom: 50px;\n  }\n}\n@media (min-width:850px) {\n  #section_2129904453 {\n    padding-top: 0px;\n    padding-bottom: 0px;\n  }\n}\n<\/style>\n\t<\/section>\n\t\n<a href=\"http:\/\/lavendiera.com\" class=\"button primary is-shade is-larger box-shadow-4 box-shadow-5-hover\"  style=\"border-radius:10px;\">\n    <span>Tr\u1edf V\u1ec1 Trang Ch\u1ee7<\/span>\n  <i class=\"icon-angle-right\" aria-hidden=\"true\" ><\/i><\/a>\n\n","protected":false},"excerpt":{"rendered":"","protected":false},"author":1,"featured_media":0,"parent":0,"menu_order":0,"comment_status":"closed","ping_status":"closed","template":"","meta":{"om_disable_all_campaigns":false,"_monsterinsights_skip_tracking":false,"_monsterinsights_sitenote_active":false,"_monsterinsights_sitenote_note":"","_monsterinsights_sitenote_category":0,"_uf_show_specific_survey":0,"_uf_disable_surveys":false,"footnotes":""},"class_list":["post-171","page","type-page","status-publish","hentry"],"aioseo_notices":[],"jetpack_sharing_enabled":true,"_links":{"self":[{"href":"https:\/\/lavendiera.com\/index.php\/wp-json\/wp\/v2\/pages\/171","targetHints":{"allow":["GET"]}}],"collection":[{"href":"https:\/\/lavendiera.com\/index.php\/wp-json\/wp\/v2\/pages"}],"about":[{"href":"https:\/\/lavendiera.com\/index.php\/wp-json\/wp\/v2\/types\/page"}],"author":[{"embeddable":true,"href":"https:\/\/lavendiera.com\/index.php\/wp-json\/wp\/v2\/users\/1"}],"replies":[{"embeddable":true,"href":"https:\/\/lavendiera.com\/index.php\/wp-json\/wp\/v2\/comments?post=171"}],"version-history":[{"count":78,"href":"https:\/\/lavendiera.com\/index.php\/wp-json\/wp\/v2\/pages\/171\/revisions"}],"predecessor-version":[{"id":7133,"href":"https:\/\/lavendiera.com\/index.php\/wp-json\/wp\/v2\/pages\/171\/revisions\/7133"}],"wp:attachment":[{"href":"https:\/\/lavendiera.com\/index.php\/wp-json\/wp\/v2\/media?parent=171"}],"curies":[{"name":"wp","href":"https:\/\/api.w.org\/{rel}","templated":true}]}}