{"id":178,"date":"2023-12-03T04:24:49","date_gmt":"2023-12-03T04:24:49","guid":{"rendered":"https:\/\/lavendiera.com\/?page_id=178"},"modified":"2024-01-12T16:25:53","modified_gmt":"2024-01-12T16:25:53","slug":"fire-ems","status":"publish","type":"page","link":"https:\/\/lavendiera.com\/index.php\/fire-ems\/","title":{"rendered":"Fire\/EMS"},"content":{"rendered":"\t<section class=\"section dark\" id=\"section_139861890\">\n\t\t<div class=\"bg section-bg fill bg-fill  \" >\n\n\t\t\t\n\t\t\t<div class=\"section-bg-overlay absolute fill\"><\/div>\n\t\t\t\n\n\t\t<\/div>\n\n\t\t\n\n\t\t<div class=\"section-content relative\">\n\t\t\t\n<div class=\"row\" style=\"max-width:1300px\" id=\"row-819804442\">\n\n\t<div id=\"col-906177359\" class=\"col medium-5 small-12 large-5\"  >\n\t\t\t\t<div class=\"col-inner\"  >\n\t\t\t\n\t\t\t\n<div class=\"row\"  id=\"row-1279489999\">\n\n\t<div id=\"col-480861471\" class=\"col medium-4 small-12 large-4\"  >\n\t\t\t\t<div class=\"col-inner\"  >\n\t\t\t\n\t\t\t\n\t<div id=\"text-852501943\" class=\"text\">\n\t\t\n<h3>01<\/h3>\n\t\t\n<style>\n#text-852501943 {\n  font-size: 1.25rem;\n  text-align: left;\n}\n<\/style>\n\t<\/div>\n\t\n<div class=\"is-divider divider clearfix\" style=\"margin-top:15px;margin-bottom:15px;max-width:50px;background-color:rgb(255, 255, 255);\"><\/div>\n<h5>S\u1ef1 C\u1ea7n Thi\u1ebft<\/h5>\n\t\t<\/div>\n\t\t\t\t\t<\/div>\n\n\t\n\n\t<div id=\"col-895328076\" class=\"col medium-4 small-12 large-4\"  >\n\t\t\t\t<div class=\"col-inner\"  >\n\t\t\t\n\t\t\t\n\t<div id=\"text-1729357216\" class=\"text\">\n\t\t\n<h3>02<\/h3>\n\t\t\n<style>\n#text-1729357216 {\n  font-size: 1.25rem;\n  text-align: left;\n}\n<\/style>\n\t<\/div>\n\t\n<div class=\"is-divider divider clearfix\" style=\"margin-top:15px;margin-bottom:15px;max-width:50px;background-color:rgb(255, 255, 255);\"><\/div>\n<h5>Linh Ho\u1ea1t<\/h5>\n\t\t<\/div>\n\t\t\t\t\t<\/div>\n\n\t\n\n\t<div id=\"col-781482762\" class=\"col medium-4 small-12 large-4\"  >\n\t\t\t\t<div class=\"col-inner\"  >\n\t\t\t\n\t\t\t\n\t<div id=\"text-461045290\" class=\"text\">\n\t\t\n<h3>03<\/h3>\n\t\t\n<style>\n#text-461045290 {\n  font-size: 1.25rem;\n  text-align: left;\n}\n<\/style>\n\t<\/div>\n\t\n<div class=\"is-divider divider clearfix\" style=\"margin-top:15px;margin-bottom:15px;max-width:50px;background-color:rgb(255, 255, 255);\"><\/div>\n<h5>Ph\u00f2ng Ng\u1eeba<\/h5>\n\t\t<\/div>\n\t\t\t\t\t<\/div>\n\n\t\n<\/div>\n\t\t<\/div>\n\t\t\t\t\n<style>\n#col-906177359 > .col-inner {\n  margin: 0 0px 0px 0px;\n}\n@media (min-width:550px) {\n  #col-906177359 > .col-inner {\n    margin: 185px 0px 0px 0px;\n  }\n}\n@media (min-width:850px) {\n  #col-906177359 > .col-inner {\n    margin: 483px 0px 0px 0px;\n  }\n}\n<\/style>\n\t<\/div>\n\n\t\n<\/div>\n\t\t<\/div>\n\n\t\t\n<style>\n#section_139861890 {\n  padding-top: 0px;\n  padding-bottom: 0px;\n  min-height: 500px;\n}\n#section_139861890 .section-bg-overlay {\n  background-color: rgba(0, 0, 0, 0.33);\n}\n#section_139861890 .section-bg.bg-loaded {\n  background-image: url(https:\/\/lavendiera.com\/wp-content\/uploads\/2024\/01\/eb596de41e2cdbb8f078bf28149cb7b0-1.jpg);\n}\n#section_139861890 .section-bg {\n  background-position: 46% 74%;\n}\n@media (min-width:550px) {\n  #section_139861890 {\n    min-height: 500px;\n  }\n}\n@media (min-width:850px) {\n  #section_139861890 {\n    min-height: 600px;\n  }\n  #section_139861890 .section-bg-overlay {\n    background-color: rgba(0, 0, 0, 0.15);\n  }\n}\n<\/style>\n\t<\/section>\n\t\n<div class=\"row align-right\" style=\"max-width:1300px\" id=\"row-233889360\">\n\n\t<div id=\"col-232004290\" class=\"col medium-12 small-12 large-6\"  >\n\t\t\t\t<div class=\"col-inner box-shadow-3 dark\" style=\"background-color:#d60306;\" >\n\t\t\t\n\t\t\t\n\t<div id=\"text-3974800327\" class=\"text\">\n\t\t\n<h1>M\u1ed9t thi\u1ebft b\u1ecb c\u00f3 th\u1ec3 h\u1eefu hi\u1ec7u nh\u01b0 PCCC<\/h1>\n\t\t\n<style>\n#text-3974800327 {\n  font-size: 1.25rem;\n}\n@media (min-width:550px) {\n  #text-3974800327 {\n    font-size: 1.5rem;\n  }\n}\n<\/style>\n\t<\/div>\n\t\n<div class=\"is-divider divider clearfix\" style=\"margin-top:25px;margin-bottom:25px;max-width:100px;background-color:rgb(255, 255, 255);\"><\/div>\n<p>Trang b\u1ecb cho Ph\u00f2ng C\u1ee9u h\u1ecfa\/EMS c\u1ee7a b\u1ea1n Thi\u1ebft b\u1ecb c\u1ee9u sinh n\u00e0y. Thi\u1ebft b\u1ecb C\u1ee9u h\u1ed9 ngh\u1eb9t th\u1edf \u0111ang c\u1ee9u s\u1ed1ng nhi\u1ec1u m\u1ea1ng s\u1ed1ng tr\u00ean to\u00e0n th\u1ebf gi\u1edbi.<\/p>\n\t\t<\/div>\n\t\t\t\t\n<style>\n#col-232004290 > .col-inner {\n  padding: 40px 40px 40px 40px;\n  margin: -75px 0px 0px 0px;\n}\n@media (min-width:550px) {\n  #col-232004290 > .col-inner {\n    padding: 60px 80px 60px 80px;\n    margin: -121px 0px 0px 0px;\n  }\n}\n@media (min-width:850px) {\n  #col-232004290 > .col-inner {\n    margin: -225px 0px 0px 0px;\n  }\n}\n<\/style>\n\t<\/div>\n\n\t\n\n<style>\n#row-233889360 > .col > .col-inner {\n  background-color: #920000;\n}\n<\/style>\n<\/div>\n\t<section class=\"section\" id=\"section_1925930220\">\n\t\t<div class=\"bg section-bg fill bg-fill  bg-loaded\" >\n\n\t\t\t\n\t\t\t\n\t\t\t\n\n\t\t<\/div>\n\n\t\t\n\n\t\t<div class=\"section-content relative\">\n\t\t\t\n<div class=\"row align-middle\" style=\"max-width:1300px\" id=\"row-516401962\">\n\n\t<div id=\"col-1306928917\" class=\"col medium-12 small-12 large-5\"  >\n\t\t\t\t<div class=\"col-inner\"  >\n\t\t\t\n\t\t\t\n\n  <div class=\"banner has-hover\" id=\"banner-2009477825\">\n          <div class=\"banner-inner fill\">\n        <div class=\"banner-bg fill\" >\n            <div class=\"bg fill bg-fill \"><\/div>\n                                    \n                    <\/div>\n\t\t\n        <div class=\"banner-layers container\">\n            <div class=\"fill banner-link\"><\/div>            \n   <div id=\"text-box-1721221337\" class=\"text-box banner-layer x50 md-x50 lg-x50 y50 md-y50 lg-y50 res-text\">\n                                <div class=\"text-box-content text dark\">\n              \n              <div class=\"text-inner text-center\">\n                  \n              <\/div>\n           <\/div>\n                            \n<style>\n#text-box-1721221337 {\n  width: 60%;\n}\n#text-box-1721221337 .text-box-content {\n  font-size: 100%;\n}\n@media (min-width:550px) {\n  #text-box-1721221337 {\n    width: 60%;\n  }\n}\n<\/style>\n    <\/div>\n \n        <\/div>\n      <\/div>\n\n            \n<style>\n#banner-2009477825 {\n  padding-top: 350px;\n  background-color: rgb(255, 255, 255);\n}\n#banner-2009477825 .bg.bg-loaded {\n  background-image: url(https:\/\/lavendiera.com\/wp-content\/uploads\/2024\/01\/44444444.png);\n}\n@media (min-width:550px) {\n  #banner-2009477825 {\n    padding-top: 400px;\n  }\n}\n@media (min-width:850px) {\n  #banner-2009477825 {\n    padding-top: 99.99%;\n  }\n}\n<\/style>\n  <\/div>\n\n\n\t\t<\/div>\n\t\t\t\t\n<style>\n#col-1306928917 > .col-inner {\n  margin: -0 0px 0px 0px;\n}\n@media (min-width:850px) {\n  #col-1306928917 > .col-inner {\n    margin: -100px 0px 0px 0px;\n  }\n}\n<\/style>\n\t<\/div>\n\n\t\n\n\t<div id=\"col-1011706408\" class=\"col medium-10 small-12 large-5\"  >\n\t\t\t\t<div class=\"col-inner\"  >\n\t\t\t\n\t\t\t\n\t<div id=\"text-2128114966\" class=\"text\">\n\t\t\n<h2>Ngh\u0129 v\u00e0 h\u00e0nh \u0111\u1ed9ng nhanh<\/h2>\n\t\t\n<style>\n#text-2128114966 {\n  font-size: 1.25rem;\n}\n<\/style>\n\t<\/div>\n\t\n<p><span style=\"color: #282828;\">M\u1ed9t y\u1ebfu t\u1ed1 \u0111\u1ec3 tho\u00e1t kh\u1ecfi nh\u1eefng t\u00ecnh hu\u1ed1ng kh\u1ea9n c\u1ea5p kh\u00f4ng mong \u0111\u1ee3i<\/span><\/p>\n<a class=\"button secondary is-underline\"  >\n    <span>Get a quote<\/span>\n  <\/a>\n\n\t\t<\/div>\n\t\t\t\t\n<style>\n#col-1011706408 > .col-inner {\n  padding: 0px 0px 0px 0;\n}\n@media (min-width:850px) {\n  #col-1011706408 > .col-inner {\n    padding: 0px 0px 0px 105px;\n  }\n}\n<\/style>\n\t<\/div>\n\n\t\n<\/div>\n\t<div id=\"gap-1377255550\" class=\"gap-element clearfix\" style=\"display:block; height:auto;\">\n\t\t\n<style>\n#gap-1377255550 {\n  padding-top: 0px;\n}\n@media (min-width:850px) {\n  #gap-1377255550 {\n    padding-top: 45px;\n  }\n}\n<\/style>\n\t<\/div>\n\t\n\t\t<\/div>\n\n\t\t\n<style>\n#section_1925930220 {\n  padding-top: 30px;\n  padding-bottom: 30px;\n}\n<\/style>\n\t<\/section>\n\t\n\t<section class=\"section\" id=\"section_2091629408\">\n\t\t<div class=\"bg section-bg fill bg-fill  bg-loaded\" >\n\n\t\t\t\n\t\t\t\n\t\t\t\n\n\t\t<\/div>\n\n\t\t\n\n\t\t<div class=\"section-content relative\">\n\t\t\t\n\t<div id=\"gap-1923823761\" class=\"gap-element clearfix\" style=\"display:block; height:auto;\">\n\t\t\n<style>\n#gap-1923823761 {\n  padding-top: 30px;\n}\n<\/style>\n\t<\/div>\n\t\n<div class=\"row align-right\" style=\"max-width:1300px\" id=\"row-1630944743\">\n\n\t<div id=\"col-1268873936\" class=\"col medium-3 small-12 large-3\"  >\n\t\t\t\t<div class=\"col-inner\"  >\n\t\t\t\n\t\t\t\n\t<div id=\"text-2481161383\" class=\"text\">\n\t\t\n<h3><span style=\"color: #f2f2f2;\">Since 1978<\/span><\/h3>\n\t\t\n<style>\n#text-2481161383 {\n  font-size: 3.75rem;\n  line-height: 1;\n  color: rgb(217, 217, 217);\n}\n#text-2481161383 > * {\n  color: rgb(217, 217, 217);\n}\n@media (min-width:550px) {\n  #text-2481161383 {\n    font-size: 3rem;\n  }\n}\n@media (min-width:850px) {\n  #text-2481161383 {\n    font-size: 4rem;\n  }\n}\n<\/style>\n\t<\/div>\n\t\n\t\t<\/div>\n\t\t\t\t\t<\/div>\n\n\t\n\n\t<div id=\"col-347945069\" class=\"col medium-9 small-12 large-9\"  >\n\t\t\t\t<div class=\"col-inner\"  >\n\t\t\t\n\t\t\t\n\n  <div class=\"banner has-hover\" id=\"banner-1612652009\">\n          <div class=\"banner-inner fill\">\n        <div class=\"banner-bg fill\" >\n            <div class=\"bg fill bg-fill \"><\/div>\n                                    \n                    <\/div>\n\t\t\n        <div class=\"banner-layers container\">\n            <div class=\"fill banner-link\"><\/div>            \n   <div id=\"text-box-1673502636\" class=\"text-box banner-layer x50 md-x50 lg-x50 y50 md-y50 lg-y50 res-text\">\n                                <div class=\"text-box-content text dark\">\n              \n              <div class=\"text-inner text-center\">\n                  \n              <\/div>\n           <\/div>\n                            \n<style>\n#text-box-1673502636 {\n  width: 60%;\n}\n#text-box-1673502636 .text-box-content {\n  font-size: 100%;\n}\n@media (min-width:550px) {\n  #text-box-1673502636 {\n    width: 60%;\n  }\n}\n<\/style>\n    <\/div>\n \n        <\/div>\n      <\/div>\n\n            \n<style>\n#banner-1612652009 {\n  padding-top: 250px;\n  background-color: rgb(217, 217, 217);\n}\n#banner-1612652009 .bg.bg-loaded {\n  background-image: url(https:\/\/lavendiera.com\/wp-content\/uploads\/2024\/01\/20130919101355-x2.jpg);\n}\n#banner-1612652009 .bg {\n  background-position: 53% 100%;\n}\n@media (min-width:550px) {\n  #banner-1612652009 {\n    padding-top: 400px;\n  }\n}\n@media (min-width:850px) {\n  #banner-1612652009 {\n    padding-top: 56.25%;\n  }\n}\n<\/style>\n  <\/div>\n\n\n\t\t<\/div>\n\t\t\t\t\t<\/div>\n\n\t\n<\/div>\n<div class=\"row\" style=\"max-width:1300px\" id=\"row-407842116\">\n\n\t<div id=\"col-478003680\" class=\"col medium-8 small-12 large-5\"  >\n\t\t\t\t<div class=\"col-inner\" style=\"background-color:rgb(255, 255, 255);\" >\n\t\t\t\n\t\t\t\n\t<div id=\"text-329071847\" class=\"text\">\n\t\t\n<h2>PCCC<\/h2>\n\t\t\n<style>\n#text-329071847 {\n  font-size: 1.25rem;\n}\n<\/style>\n\t<\/div>\n\t\n<p><span style=\"color: #282828;\">s\u1ef1 k\u1ebft h\u1ee3p c\u00f3 th\u1ec3 mang l\u1ea1i nhi\u1ec1u s\u1ef1 s\u1ed1ng.\u00a0<\/span><\/p>\n<a href=\"https:\/\/lavendiera.com\/index.php\/shop\/\" class=\"button secondary is-shade is-larger\"  style=\"border-radius:99px;\">\n    <span>shop now<\/span>\n  <\/a>\n\n\t\t<\/div>\n\t\t\t\t\n<style>\n#col-478003680 > .col-inner {\n  padding: 40px 40px 40px 40px;\n  margin: -37px 0px 0px 0px;\n}\n@media (min-width:550px) {\n  #col-478003680 > .col-inner {\n    padding: 50px 50px 50px 50px;\n    margin: -270px 0px 0px 0px;\n  }\n}\n<\/style>\n\t<\/div>\n\n\t\n<\/div>\n\t\t<\/div>\n\n\t\t\n<style>\n#section_2091629408 {\n  padding-top: 50px;\n  padding-bottom: 50px;\n  background-color: rgb(233, 233, 233);\n}\n@media (min-width:550px) {\n  #section_2091629408 {\n    padding-top: 80px;\n    padding-bottom: 80px;\n  }\n}\n<\/style>\n\t<\/section>\n\t\n\t<section class=\"section\" id=\"section_1032222815\">\n\t\t<div class=\"bg section-bg fill bg-fill  bg-loaded\" >\n\n\t\t\t\n\t\t\t\n\t\t\t\n\n\t\t<\/div>\n\n\t\t\n\n\t\t<div class=\"section-content relative\">\n\t\t\t\n<div class=\"row\" style=\"max-width:1300px\" id=\"row-1763763283\">\n\n\t<div id=\"col-941046407\" class=\"col medium-11 small-12 large-9\"  >\n\t\t\t\t<div class=\"col-inner\"  >\n\t\t\t\n\t\t\t\n\n  <div class=\"banner has-hover\" id=\"banner-1151925327\">\n          <div class=\"banner-inner fill\">\n        <div class=\"banner-bg fill\" >\n            <div class=\"bg fill bg-fill \"><\/div>\n                                    \n                    <\/div>\n\t\t\n        <div class=\"banner-layers container\">\n            <div class=\"fill banner-link\"><\/div>            \n   <div id=\"text-box-1039933550\" class=\"text-box banner-layer x50 md-x50 lg-x50 y50 md-y50 lg-y50 res-text\">\n                                <div class=\"text-box-content text dark\">\n              \n              <div class=\"text-inner text-center\">\n                  \n              <\/div>\n           <\/div>\n                            \n<style>\n#text-box-1039933550 {\n  width: 60%;\n}\n#text-box-1039933550 .text-box-content {\n  font-size: 100%;\n}\n@media (min-width:550px) {\n  #text-box-1039933550 {\n    width: 60%;\n  }\n}\n<\/style>\n    <\/div>\n \n        <\/div>\n      <\/div>\n\n            \n<style>\n#banner-1151925327 {\n  padding-top: 300px;\n  background-color: rgb(255, 255, 255);\n}\n#banner-1151925327 .bg.bg-loaded {\n  background-image: url(https:\/\/lavendiera.com\/wp-content\/uploads\/2024\/01\/xe-chua-chay.jpg);\n}\n#banner-1151925327 .bg {\n  background-position: 44% 100%;\n}\n@media (min-width:550px) {\n  #banner-1151925327 {\n    padding-top: 400px;\n  }\n}\n@media (min-width:850px) {\n  #banner-1151925327 {\n    padding-top: 500px;\n  }\n}\n<\/style>\n  <\/div>\n\n\n\t\t<\/div>\n\t\t\t\t\t<\/div>\n\n\t\n<\/div>\n<div class=\"row align-right\" style=\"max-width:1300px\" id=\"row-1010879977\">\n\n\t<div id=\"col-272645588\" class=\"col medium-10 small-12 large-6\"  >\n\t\t\t\t<div class=\"col-inner\"  >\n\t\t\t\n\t\t\t\n<div class=\"row\"  id=\"row-578348027\">\n\n\t<div id=\"col-1504055543\" class=\"col medium-4 small-12 large-4\"  >\n\t\t\t\t<div class=\"col-inner\"  >\n\t\t\t\n\t\t\t\n\t<div id=\"text-2321353765\" class=\"text\">\n\t\t\n<h3><span class=\"count-up\">567<\/span><\/h3>\n\t\t\n<style>\n#text-2321353765 {\n  font-size: 1.5rem;\n  text-align: left;\n}\n<\/style>\n\t<\/div>\n\t\n<div class=\"is-divider divider clearfix\" style=\"margin-top:15px;margin-bottom:15px;max-width:50px;background-color:rgb(39, 54, 71);\"><\/div>\n<h5>Private offices<\/h5>\n\t\t<\/div>\n\t\t\t\t\t<\/div>\n\n\t\n\n\t<div id=\"col-1808998141\" class=\"col medium-4 small-12 large-4\"  >\n\t\t\t\t<div class=\"col-inner\"  >\n\t\t\t\n\t\t\t\n\t<div id=\"text-327063803\" class=\"text\">\n\t\t\n<h3><span class=\"count-up\">34<\/span><\/h3>\n\t\t\n<style>\n#text-327063803 {\n  font-size: 1.5rem;\n  text-align: left;\n}\n<\/style>\n\t<\/div>\n\t\n<div class=\"is-divider divider clearfix\" style=\"margin-top:15px;margin-bottom:15px;max-width:50px;background-color:rgb(39, 54, 71);\"><\/div>\n<h5>Locations<\/h5>\n\t\t<\/div>\n\t\t\t\t\t<\/div>\n\n\t\n\n\t<div id=\"col-2069706282\" class=\"col medium-4 small-12 large-4\"  >\n\t\t\t\t<div class=\"col-inner\"  >\n\t\t\t\n\t\t\t\n\t<div id=\"text-819867050\" class=\"text\">\n\t\t\n<h3><span class=\"count-up\">118<\/span><\/h3>\n\t\t\n<style>\n#text-819867050 {\n  font-size: 1.5rem;\n  text-align: left;\n}\n<\/style>\n\t<\/div>\n\t\n<div class=\"is-divider divider clearfix\" style=\"margin-top:15px;margin-bottom:15px;max-width:50px;background-color:rgb(39, 54, 71);\"><\/div>\n<h5>Meeting rooms<\/h5>\n\t\t<\/div>\n\t\t\t\t\t<\/div>\n\n\t\n<\/div>\n\t\t<\/div>\n\t\t\t\t\t<\/div>\n\n\t\n\n\t<div id=\"col-914354623\" class=\"col medium-10 small-12 large-6 medium-col-first\"  >\n\t\t\t\t<div class=\"col-inner\" style=\"background-color:rgb(233, 233, 233);\" >\n\t\t\t\n\t\t\t\n\t<div id=\"text-3104903493\" class=\"text\">\n\t\t\n<h2>Ch\u00fang t\u00f4i \u1edf \u0111\u00e2y v\u00ec b\u1ea1n<\/h2>\n\t\t\n<style>\n#text-3104903493 {\n  font-size: 1.25rem;\n}\n<\/style>\n\t<\/div>\n\t\n<p>B\u1ea5t k\u1ef3 ai c\u0169ng c\u00f3 th\u1ec3 s\u1eed d\u1ee5ng,h\u00e0ng tr\u0103m m\u1ea1ng s\u1ed1ng th\u1ef1c \u0111\u01b0\u1ee3c c\u1ee9u,\u0110\u01b0\u1ee3c th\u1ef1c hi\u1ec7n \u1edf nhi\u1ec1u n\u01a1i tr\u00ean to\u00e0n th\u1ebf gi\u1edbi, Nh\u1eb9, b\u1ec1n v\u00e0 d\u1ec5 s\u1eed d\u1ee5ng, Video \u0111\u00e0o t\u1ea1o tr\u1ef1c tuy\u1ebfn.<\/p>\n<a class=\"button secondary is-underline\"  >\n    <span>Get in touch<\/span>\n  <\/a>\n\n\t\t<\/div>\n\t\t\t\t\n<style>\n#col-914354623 > .col-inner {\n  padding: 40px 40px 40px 40px;\n  margin: -50px 0px 0px 0px;\n}\n@media (min-width:550px) {\n  #col-914354623 > .col-inner {\n    padding: 50px 50px 50px 50px;\n    margin: -110px 0px 0px 0px;\n  }\n}\n@media (min-width:850px) {\n  #col-914354623 > .col-inner {\n    margin: -210px 0px 0px 0px;\n  }\n}\n<\/style>\n\t<\/div>\n\n\t\n<\/div>\n\t\t<\/div>\n\n\t\t\n<style>\n#section_1032222815 {\n  padding-top: 65px;\n  padding-bottom: 65px;\n}\n@media (min-width:850px) {\n  #section_1032222815 {\n    padding-top: 100px;\n    padding-bottom: 100px;\n  }\n}\n<\/style>\n\t<\/section>\n\t\n","protected":false},"excerpt":{"rendered":"","protected":false},"author":1,"featured_media":0,"parent":0,"menu_order":0,"comment_status":"closed","ping_status":"closed","template":"","meta":{"om_disable_all_campaigns":false,"_monsterinsights_skip_tracking":false,"_monsterinsights_sitenote_active":false,"_monsterinsights_sitenote_note":"","_monsterinsights_sitenote_category":0,"_uf_show_specific_survey":0,"_uf_disable_surveys":false,"footnotes":""},"class_list":["post-178","page","type-page","status-publish","hentry"],"aioseo_notices":[],"jetpack_sharing_enabled":true,"_links":{"self":[{"href":"https:\/\/lavendiera.com\/index.php\/wp-json\/wp\/v2\/pages\/178","targetHints":{"allow":["GET"]}}],"collection":[{"href":"https:\/\/lavendiera.com\/index.php\/wp-json\/wp\/v2\/pages"}],"about":[{"href":"https:\/\/lavendiera.com\/index.php\/wp-json\/wp\/v2\/types\/page"}],"author":[{"embeddable":true,"href":"https:\/\/lavendiera.com\/index.php\/wp-json\/wp\/v2\/users\/1"}],"replies":[{"embeddable":true,"href":"https:\/\/lavendiera.com\/index.php\/wp-json\/wp\/v2\/comments?post=178"}],"version-history":[{"count":17,"href":"https:\/\/lavendiera.com\/index.php\/wp-json\/wp\/v2\/pages\/178\/revisions"}],"predecessor-version":[{"id":1294,"href":"https:\/\/lavendiera.com\/index.php\/wp-json\/wp\/v2\/pages\/178\/revisions\/1294"}],"wp:attachment":[{"href":"https:\/\/lavendiera.com\/index.php\/wp-json\/wp\/v2\/media?parent=178"}],"curies":[{"name":"wp","href":"https:\/\/api.w.org\/{rel}","templated":true}]}}