{"id":180,"date":"2023-12-03T04:27:56","date_gmt":"2023-12-03T04:27:56","guid":{"rendered":"https:\/\/lavendiera.com\/?page_id=180"},"modified":"2024-01-12T19:52:18","modified_gmt":"2024-01-12T19:52:18","slug":"va-military","status":"publish","type":"page","link":"https:\/\/lavendiera.com\/index.php\/va-military\/","title":{"rendered":"Ch\u00ednh S\u00e1ch \u0110\u1ed5i Tr\u1ea3"},"content":{"rendered":"\t<section class=\"section\" id=\"section_1517380011\">\n\t\t<div class=\"bg section-bg fill bg-fill  bg-loaded\" >\n\n\t\t\t\n\t\t\t\n\t\t\t\n\n\t\t<\/div>\n\n\t\t\n\n\t\t<div class=\"section-content relative\">\n\t\t\t\n<div class=\"row align-middle\"  id=\"row-5628588\">\n\n\t<div id=\"col-1522819151\" class=\"col medium-12 small-12 large-6\"  >\n\t\t\t\t<div class=\"col-inner\"  >\n\t\t\t\n\t\t\t\n\t<div id=\"text-3669796748\" class=\"text\">\n\t\t\n<h2 style=\"text-align: left;\"><span style=\"color: #282828;\">Ch\u00ednh S\u00e1ch Tr\u1ea3 H\u00e0ng v\u00e0 Ho\u00e0n Ti\u1ec1n\u00a0<\/span><\/h2>\n<p style=\"text-align: left;\"><span style=\"color: #282828;\">T\u1ea1i Lavendiera.com ch\u00fang t\u00f4i cam k\u1ebft mang l\u1ea1i tr\u1ea3i nghi\u1ec7m mua s\u1eafm t\u1ed1t nh\u1ea5t cho kh\u00e1ch h\u00e0ng c\u1ee7a m\u00ecnh. \u0110\u1ec3 \u0111\u1ea3m b\u1ea3o s\u1ef1 h\u00e0i l\u00f2ng v\u00e0 tin t\u01b0\u1edfng t\u1eeb ph\u00eda b\u1ea1n, ch\u00fang t\u00f4i thi\u1ebft l\u1eadp Ch\u00ednh S\u00e1ch Tr\u1ea3 H\u00e0ng v\u00e0 Ho\u00e0n Ti\u1ec1n ch\u1eb7t ch\u1ebd v\u00e0 minh b\u1ea1ch.<\/span><\/p>\n<p style=\"text-align: left;\"><span style=\"color: #282828;\"><strong>1. Th\u1eddi Gian Tr\u1ea3 H\u00e0ng: 7 Ng\u00e0y<\/strong><\/span><\/p>\n<p style=\"text-align: left;\"><span style=\"color: #282828;\">Vi\u1ec7c tr\u1ea3 l\u1ea1i s\u1ea3n ph\u1ea9m s\u1ebd \u0111\u01b0\u1ee3c ch\u1ea5p nh\u1eadn trong kho\u1ea3ng 7 ng\u00e0y k\u1ec3 t\u1eeb ng\u00e0y nh\u1eadn \u0111\u01b0\u1ee3c \u0111\u01a1n \u0111\u1eb7t h\u00e0ng. Ch\u00fang t\u00f4i hi\u1ec3u r\u1eb1ng c\u00f3 nh\u1eefng l\u00fd do kh\u00e1c nhau khi\u1ebfn b\u1ea1n mu\u1ed1n tr\u1ea3 l\u1ea1i s\u1ea3n ph\u1ea9m, v\u00e0 ch\u00fang t\u00f4i s\u1ebd xem x\u00e9t v\u00e0 x\u1eed l\u00fd m\u1ecdi tr\u01b0\u1eddng h\u1ee3p m\u1ed9t c\u00e1ch c\u00f4ng b\u1eb1ng v\u00e0 linh ho\u1ea1t.<\/span><\/p>\n<p style=\"text-align: left;\"><span style=\"color: #282828;\"><strong>2. \u0110i\u1ec1u Ki\u1ec7n Tr\u1ea3 H\u00e0ng: S\u1ea3n Ph\u1ea9m \u0110\u00e3 M\u1edf v\u00e0 L\u00fd Do L\u1ed7i<\/strong><\/span><\/p>\n<p style=\"text-align: left;\"><span style=\"color: #282828;\">C\u00e1c thi\u1ebft b\u1ecb \u0111\u00e3 m\u1edf c\u00f3 th\u1ec3 \u0111\u01b0\u1ee3c tr\u1ea3 l\u1ea1i n\u1ebfu c\u00f3 l\u1ed7i t\u1eeb ph\u00eda nh\u00e0 s\u1ea3n xu\u1ea5t ho\u1eb7c n\u1ebfu c\u00f3 b\u1ea5t k\u1ef3 l\u00fd do n\u00e0o khi\u1ebfn kh\u00e1ch h\u00e0ng kh\u00f4ng h\u00e0i l\u00f2ng. Ch\u00fang t\u00f4i ch\u00fa tr\u1ecdng \u0111\u1ebfn vi\u1ec7c \u0111\u1ea3m b\u1ea3o r\u1eb1ng m\u1ecdi s\u1ea3n ph\u1ea9m \u0111\u1ec1u \u0111\u00e1p \u1ee9ng \u0111\u00fang ch\u1ea5t l\u01b0\u1ee3ng v\u00e0 mong \u0111\u1ee3i.<\/span><\/p>\n<p style=\"text-align: left;\"><span style=\"color: #282828;\"><strong>3. Quy Tr\u00ecnh Ho\u00e0n Ti\u1ec1n v\u00e0 Kh\u1ea5u Tr\u1eeb Ph\u00ed V\u1eadn Chuy\u1ec3n<\/strong><\/span><\/p>\n<p style=\"text-align: left;\"><span style=\"color: #282828;\">Khi ch\u00fang t\u00f4i nh\u1eadn \u0111\u01b0\u1ee3c v\u00e0 ki\u1ec3m tra s\u1ea3n ph\u1ea9m \u0111\u01b0\u1ee3c tr\u1ea3 l\u1ea1i, qu\u00e1 tr\u00ecnh ho\u00e0n ti\u1ec1n s\u1ebd \u0111\u01b0\u1ee3c th\u1ef1c hi\u1ec7n ngay l\u1eadp t\u1ee9c. Ph\u00ed v\u1eadn chuy\u1ec3n tr\u1ea3 l\u1ea1i s\u1ebd \u0111\u01b0\u1ee3c kh\u1ea5u tr\u1eeb v\u00e0o s\u1ed1 ti\u1ec1n ho\u00e0n tr\u1ea3, tr\u1eeb khi l\u1ed7i xu\u1ea5t ph\u00e1t t\u1eeb nh\u00e0 s\u1ea3n xu\u1ea5t. Trong tr\u01b0\u1eddng h\u1ee3p \u0111\u00f3, ch\u00fang t\u00f4i s\u1ebd ho\u00e0n tr\u1ea3 to\u00e0n b\u1ed9 s\u1ed1 ti\u1ec1n \u0111\u01a1n h\u00e0ng ho\u1eb7c th\u1ef1c hi\u1ec7n thay th\u1ebf theo mong mu\u1ed1n c\u1ee7a kh\u00e1ch h\u00e0ng.<\/span><\/p>\n<p style=\"text-align: left;\"><span style=\"color: #282828;\"><strong>4. Li\u00ean H\u1ec7 v\u00e0 Th\u00f4ng Tin Tr\u1ea3 H\u00e0ng<\/strong><\/span><\/p>\n<p style=\"text-align: left;\"><span style=\"color: #282828;\">\u0110\u1ec3 y\u00eau c\u1ea7u tr\u1ea3 h\u00e0ng v\u00e0 ho\u00e0n ti\u1ec1n, vui l\u00f2ng li\u00ean h\u1ec7 qua s\u1ed1 \u0111i\u1ec7n tho\u1ea1i ho\u1eb7c Zalo theo th\u00f4ng tin sau: [S\u1ed1 \u0111i\u1ec7n tho\u1ea1i\/Zalo: 0969350769 \/ 0888003648 (\u0110\u1ea1t)]. H\u00e3y nh\u1eafn tin v\u1edbi n\u1ed9i dung bao g\u1ed3m t\u00ean c\u1ee7a b\u1ea1n, s\u1ed1 \u0111i\u1ec7n tho\u1ea1i, l\u00fd do tr\u1ea3 h\u00e0ng v\u00e0 m\u00e3 s\u1ed1 \u0111\u01a1n h\u00e0ng.<\/span><\/p>\n<p style=\"text-align: left;\"><span style=\"color: #282828;\">S\u1ef1 vui l\u00f2ng c\u1ee7a b\u1ea1n quan tr\u1ecdng v\u1edbi ch\u00fang t\u00f4i v\u00e0 ch\u00fang t\u00f4i cam k\u1ebft gi\u1ea3i quy\u1ebft m\u1ecdi v\u1ea5n \u0111\u1ec1 m\u1ed9t c\u00e1ch nhanh ch\u00f3ng v\u00e0 trung th\u1ef1c. C\u1ea3m \u01a1n b\u1ea1n \u0111\u00e3 tin t\u01b0\u1edfng v\u00e0 l\u1ef1a ch\u1ecdn s\u1ea3n ph\u1ea9m c\u1ee7a ch\u00fang t\u00f4i t\u1ea1i Lavendiera.com<\/span><\/p>\n\t\t\n<style>\n#text-3669796748 {\n  font-size: 1rem;\n}\n<\/style>\n\t<\/div>\n\t\n\t<div id=\"gap-856490904\" class=\"gap-element clearfix\" style=\"display:block; height:auto;\">\n\t\t\n<style>\n#gap-856490904 {\n  padding-top: 10px;\n}\n<\/style>\n\t<\/div>\n\t\n\t\t<\/div>\n\t\t\t\t\t<\/div>\n\n\t\n\n\t<div id=\"col-1757995206\" class=\"col medium-12 small-12 large-6 medium-col-first\"  >\n\t\t\t\t<div class=\"col-inner\"  >\n\t\t\t\n\t\t\t\n\t<div class=\"img has-hover x md-x lg-x y md-y lg-y\" id=\"image_2012944073\">\n\t\t\t\t\t\t\t\t<div class=\"img-inner dark\" >\n\t\t\t<img loading=\"lazy\" decoding=\"async\" width=\"965\" height=\"659\" src=\"https:\/\/lavendiera.com\/wp-content\/uploads\/2024\/01\/8888-1.png\" class=\"attachment-original size-original\" alt=\"\" srcset=\"https:\/\/lavendiera.com\/wp-content\/uploads\/2024\/01\/8888-1.png 965w, https:\/\/lavendiera.com\/wp-content\/uploads\/2024\/01\/8888-1-300x205.png 300w, https:\/\/lavendiera.com\/wp-content\/uploads\/2024\/01\/8888-1-768x524.png 768w\" sizes=\"auto, (max-width: 965px) 100vw, 965px\" \/>\t\t\t\t\t\t\n\t\t\t\t\t<\/div>\n\t\t\t\t\t\t\t\t\n<style>\n#image_2012944073 {\n  width: 100%;\n}\n@media (min-width:850px) {\n  #image_2012944073 {\n    width: 100%;\n  }\n}\n<\/style>\n\t<\/div>\n\t\n\t\t<\/div>\n\t\t\t\t\t<\/div>\n\n\t\n<\/div>\n\t\t<\/div>\n\n\t\t\n<style>\n#section_1517380011 {\n  padding-top: 20px;\n  padding-bottom: 20px;\n  background-color: rgb(212, 236, 242);\n}\n@media (min-width:550px) {\n  #section_1517380011 {\n    padding-top: 50px;\n    padding-bottom: 50px;\n  }\n}\n@media (min-width:850px) {\n  #section_1517380011 {\n    padding-top: 50px;\n    padding-bottom: 50px;\n  }\n}\n<\/style>\n\t<\/section>\n\t\n\t<section class=\"section\" id=\"section_812464394\">\n\t\t<div class=\"bg section-bg fill bg-fill  bg-loaded\" >\n\n\t\t\t\n\t\t\t\n\t\t\t\n\n\t\t<\/div>\n\n\t\t\n\n\t\t<div class=\"section-content relative\">\n\t\t\t\n<div class=\"row\"  id=\"row-1588961667\">\n\n\t<div id=\"col-124151261\" class=\"col medium-12 small-12 large-7\"  >\n\t\t\t\t<div class=\"col-inner\" style=\"background-color:rgb(240, 247, 251);\" >\n\t\t\t\n\t\t\t\n\t<div id=\"text-1170424256\" class=\"text\">\n\t\t\n<h2><span style=\"color: #282828;\">S\u1ef1 b\u1eb1ng l\u00f2ng c\u1ee7a kh\u00e1ch h\u00e0ng l\u00e0 ni\u1ec1m vui c\u1ee7a th\u01b0\u01a1ng hi\u1ec7u<\/span><\/h2>\n\t\t\n<style>\n#text-1170424256 {\n  font-size: 1.25rem;\n}\n<\/style>\n\t<\/div>\n\t\n<p><span style=\"color: #282828;\">lu\u00f4n t\u1ea1o ra nh\u1eefng s\u1ea3n ph\u1ea9m ch\u1ea5t l\u01b0\u1ee3ng hi\u1ec7u qu\u1ea3, s\u1eb5n s\u00e0ng g\u1ea1t b\u1ecf \u0111i nh\u1eefng thi\u1ebfu s\u00f3t, nh\u1eefng s\u1ea3n ph\u1ea9m l\u1ed7i. H\u1ed7 tr\u1ee3 kh\u00e1ch h\u00e0ng 24\/7 m\u1ecdi th\u1eddi \u0111i\u1ec3m gi\u00fap b\u1ea1n gi\u1ea3i \u0111\u00e1p m\u1ecdi th\u1eafc m\u1eafc.<\/span><\/p>\n<a href=\"http:\/\/lavendiera.com\" class=\"button secondary is-link\"  >\n    <span>Read full story<\/span>\n  <i class=\"icon-angle-right\" aria-hidden=\"true\" ><\/i><\/a>\n\n\t<div id=\"gap-1164355868\" class=\"gap-element clearfix\" style=\"display:block; height:auto;\">\n\t\t\n<style>\n#gap-1164355868 {\n  padding-top: 50px;\n}\n<\/style>\n\t<\/div>\n\t\n\n  <div class=\"banner has-hover\" id=\"banner-1792220013\">\n          <div class=\"banner-inner fill\">\n        <div class=\"banner-bg fill\" >\n            <div class=\"bg fill bg-fill \"><\/div>\n                                    \n                    <\/div>\n\t\t\n        <div class=\"banner-layers container\">\n            <div class=\"fill banner-link\"><\/div>            \n   <div id=\"text-box-2120882633\" class=\"text-box banner-layer x50 md-x50 lg-x50 y50 md-y50 lg-y50 res-text\">\n                                <div class=\"text-box-content text dark\">\n              \n              <div class=\"text-inner text-center\">\n                  \n              <\/div>\n           <\/div>\n                            \n<style>\n#text-box-2120882633 {\n  width: 60%;\n}\n#text-box-2120882633 .text-box-content {\n  font-size: 100%;\n}\n@media (min-width:550px) {\n  #text-box-2120882633 {\n    width: 60%;\n  }\n}\n<\/style>\n    <\/div>\n \n        <\/div>\n      <\/div>\n\n            \n<style>\n#banner-1792220013 {\n  padding-top: 56.25%;\n  background-color: rgba(255, 255, 255, 0);\n}\n#banner-1792220013 .bg.bg-loaded {\n  background-image: url(https:\/\/lavendiera.com\/wp-content\/uploads\/2024\/01\/4-1704873436-956-width640height360.png);\n}\n@media (min-width:550px) {\n  #banner-1792220013 {\n    padding-top: 50%;\n  }\n}\n<\/style>\n  <\/div>\n\n\n\t\t<\/div>\n\t\t\t\t\n<style>\n#col-124151261 > .col-inner {\n  padding: 10% 10% 10% 10%;\n}\n<\/style>\n\t<\/div>\n\n\t\n\n\t<div id=\"col-972608955\" class=\"col medium-12 small-12 large-5\"  >\n\t\t\t\t<div class=\"col-inner\"  >\n\t\t\t\n\t\t\t\n<div class=\"row align-equal\"  id=\"row-1786676812\">\n\n\t<div id=\"col-756579533\" class=\"col small-12 large-12\"  >\n\t\t\t\t<div class=\"col-inner\" style=\"background-color:rgb(240, 247, 251);\" >\n\t\t\t\n\t\t\t\n\t<div class=\"box has-hover   has-hover box-shade dark box-text-bottom\" >\n\n\t\t<div class=\"box-image\" style=\"border-radius:50%;width:75%;\">\n\t\t\t<a href=\"#\" >\t\t\t<div class=\"image-glow image-cover\" style=\"padding-top:100%;\">\n\t\t\t\t<img loading=\"lazy\" decoding=\"async\" width=\"1225\" height=\"1250\" src=\"https:\/\/lavendiera.com\/wp-content\/uploads\/2024\/01\/44444444.png\" class=\"attachment- size-\" alt=\"\" srcset=\"https:\/\/lavendiera.com\/wp-content\/uploads\/2024\/01\/44444444.png 1225w, https:\/\/lavendiera.com\/wp-content\/uploads\/2024\/01\/44444444-294x300.png 294w, https:\/\/lavendiera.com\/wp-content\/uploads\/2024\/01\/44444444-1004x1024.png 1004w, https:\/\/lavendiera.com\/wp-content\/uploads\/2024\/01\/44444444-768x784.png 768w, https:\/\/lavendiera.com\/wp-content\/uploads\/2024\/01\/44444444-1200x1224.png 1200w\" sizes=\"auto, (max-width: 1225px) 100vw, 1225px\" \/>\t\t\t\t\t\t\t\t<div class=\"shade\"><\/div>\t\t\t<\/div>\n\t\t\t<\/a>\t\t<\/div>\n\n\t\t<div class=\"box-text text-left\" >\n\t\t\t<div class=\"box-text-inner\">\n\t\t\t\t\n<h2>\u00a0<\/h2>\n<p><span style=\"color: #333399;\">Sign up for our newsletter<\/span><\/p>\n\t\t\t<\/div>\n\t\t<\/div>\n\t<\/div>\n\t\n\t\t<\/div>\n\t\t\t\t\n<style>\n#col-756579533 > .col-inner {\n  padding: 10% 10% 10% 10%;\n}\n<\/style>\n\t<\/div>\n\n\t\n<\/div>\n<div class=\"row\"  id=\"row-432535941\">\n\n\t<div id=\"col-1511551252\" class=\"col small-12 large-12\"  >\n\t\t\t\t<div class=\"col-inner\"  >\n\t\t\t\n\t\t\t\n<div class=\"row\"  id=\"row-90361716\">\n\n\t<div id=\"col-1872515873\" class=\"col small-12 large-12\"  >\n\t\t\t\t<div class=\"col-inner\" style=\"background-color:rgb(240, 247, 251);\" >\n\t\t\t\n\t\t\t\n<h2>Quy\u1ebft T\u00e2m<\/h2>\n<p><span style=\"color: #282828;\">n\u1ed7 l\u1ef1c quy\u1ebft t\u00e2m cao kh\u00f4ng \u0111\u1ec3 t\u00ecnh tr\u1ea1ng kh\u00e1ch h\u00e0ng ph\u1ea3i h\u1ed1i h\u1eadn sau khi mua h\u00e0ng c\u1ee7a th\u01b0\u01a1ng hi\u1ec7u. T\u1ea1o c\u1ea3m x\u00fac ti\u00eau c\u1ef1c \u0111\u1ed1i v\u1edbi b\u1ea1n \u0111\u1ed3ng ngh\u0129a n\u00f3 l\u00e0 \u0111i\u1ec1u t\u1ed3i t\u1ec7 v\u1edbi t\u00f4i<\/span><\/p>\n<a href=\"http:\/\/lavendiera.com\" class=\"button secondary is-link\"  >\n    <span>Read more<\/span>\n  <i class=\"icon-angle-right\" aria-hidden=\"true\" ><\/i><\/a>\n\n\n  <div class=\"banner has-hover\" id=\"banner-142690503\">\n          <div class=\"banner-inner fill\">\n        <div class=\"banner-bg fill\" >\n            <div class=\"bg fill bg-fill \"><\/div>\n                                    \n                    <\/div>\n\t\t\n        <div class=\"banner-layers container\">\n            <div class=\"fill banner-link\"><\/div>            \n   <div id=\"text-box-692847049\" class=\"text-box banner-layer x50 md-x50 lg-x50 y50 md-y50 lg-y50 res-text\">\n                                <div class=\"text-box-content text dark\">\n              \n              <div class=\"text-inner text-center\">\n                  \n              <\/div>\n           <\/div>\n                            \n<style>\n#text-box-692847049 {\n  width: 60%;\n}\n#text-box-692847049 .text-box-content {\n  font-size: 100%;\n}\n<\/style>\n    <\/div>\n \n        <\/div>\n      <\/div>\n\n            \n<style>\n#banner-142690503 {\n  padding-top: 56.25%;\n  background-color: rgba(255, 255, 255, 0);\n}\n#banner-142690503 .bg.bg-loaded {\n  background-image: url(https:\/\/lavendiera.com\/wp-content\/uploads\/2024\/01\/1-1704873435-58-width640height360.png);\n}\n@media (min-width:550px) {\n  #banner-142690503 {\n    padding-top: 300px;\n  }\n}\n@media (min-width:850px) {\n  #banner-142690503 {\n    padding-top: 50%;\n  }\n}\n<\/style>\n  <\/div>\n\n\n\t\t<\/div>\n\t\t\t\t\n<style>\n#col-1872515873 > .col-inner {\n  padding: 10% 10% 10% 10%;\n}\n<\/style>\n\t<\/div>\n\n\t\n<\/div>\n\t\t<\/div>\n\t\t\t\t\t<\/div>\n\n\t\n<\/div>\n\t\t<\/div>\n\t\t\t\t\t<\/div>\n\n\t\n<\/div>\n\t\t<\/div>\n\n\t\t\n<style>\n#section_812464394 {\n  padding-top: 30px;\n  padding-bottom: 30px;\n}\n<\/style>\n\t<\/section>\n\t\n<a href=\"http:\/\/lavendiera.com\" class=\"button primary is-shade is-larger box-shadow-4 box-shadow-5-hover\"  style=\"border-radius:10px;\">\n    <span>Tr\u1edf v\u1ec1 Trang Ch\u1ee7<\/span>\n  <i class=\"icon-angle-right\" aria-hidden=\"true\" ><\/i><\/a>\n\n","protected":false},"excerpt":{"rendered":"","protected":false},"author":1,"featured_media":0,"parent":0,"menu_order":0,"comment_status":"closed","ping_status":"closed","template":"","meta":{"om_disable_all_campaigns":false,"_monsterinsights_skip_tracking":false,"_monsterinsights_sitenote_active":false,"_monsterinsights_sitenote_note":"","_monsterinsights_sitenote_category":0,"_uf_show_specific_survey":0,"_uf_disable_surveys":false,"footnotes":""},"class_list":["post-180","page","type-page","status-publish","hentry"],"aioseo_notices":[],"jetpack_sharing_enabled":true,"_links":{"self":[{"href":"https:\/\/lavendiera.com\/index.php\/wp-json\/wp\/v2\/pages\/180","targetHints":{"allow":["GET"]}}],"collection":[{"href":"https:\/\/lavendiera.com\/index.php\/wp-json\/wp\/v2\/pages"}],"about":[{"href":"https:\/\/lavendiera.com\/index.php\/wp-json\/wp\/v2\/types\/page"}],"author":[{"embeddable":true,"href":"https:\/\/lavendiera.com\/index.php\/wp-json\/wp\/v2\/users\/1"}],"replies":[{"embeddable":true,"href":"https:\/\/lavendiera.com\/index.php\/wp-json\/wp\/v2\/comments?post=180"}],"version-history":[{"count":31,"href":"https:\/\/lavendiera.com\/index.php\/wp-json\/wp\/v2\/pages\/180\/revisions"}],"predecessor-version":[{"id":1326,"href":"https:\/\/lavendiera.com\/index.php\/wp-json\/wp\/v2\/pages\/180\/revisions\/1326"}],"wp:attachment":[{"href":"https:\/\/lavendiera.com\/index.php\/wp-json\/wp\/v2\/media?parent=180"}],"curies":[{"name":"wp","href":"https:\/\/api.w.org\/{rel}","templated":true}]}}