{"id":183,"date":"2023-12-03T04:34:11","date_gmt":"2023-12-03T04:34:11","guid":{"rendered":"https:\/\/lavendiera.com\/?page_id=183"},"modified":"2026-01-11T01:41:02","modified_gmt":"2026-01-11T01:41:02","slug":"huong-dan-su-dung","status":"publish","type":"page","link":"https:\/\/lavendiera.com\/index.php\/huong-dan-su-dung\/","title":{"rendered":"H\u01b0\u1edbng d\u1eabn s\u1eed d\u1ee5ng"},"content":{"rendered":"<div class=\"video video-fit mb hidden\" style=\"padding-top:56.25%;\"><p><iframe loading=\"lazy\" title=\"L\u1ef1c h\u00fat d\u1ee5ng c\u1ee5 h\u00fat d\u1ecb v\u1eadt \u0111\u01b0\u1eddng th\u1edf Lavendiera\" width=\"1020\" height=\"574\" src=\"https:\/\/www.youtube.com\/embed\/vVciXDZuHsw?feature=oembed\" frameborder=\"0\" allow=\"accelerometer; autoplay; clipboard-write; encrypted-media; gyroscope; picture-in-picture; web-share\" referrerpolicy=\"strict-origin-when-cross-origin\" allowfullscreen><\/iframe><\/p>\n<\/div>\n<div class=\"video video-fit mb box-shadow-5\" style=\"padding-top:56.25%;\"><p><iframe loading=\"lazy\" title=\"H\u01b0\u1edbng d\u1eabn s\u1eed d\u1ee5ng thi\u1ebft b\u1ecb ch\u1ed1ng ngh\u1eb9n\" width=\"1020\" height=\"574\" src=\"https:\/\/www.youtube.com\/embed\/uQVzAoOuX2w?feature=oembed\" frameborder=\"0\" allow=\"accelerometer; autoplay; clipboard-write; encrypted-media; gyroscope; picture-in-picture; web-share\" allowfullscreen><\/iframe><\/p>\n<\/div>\n\t<section class=\"section\" id=\"section_666710417\">\n\t\t<div class=\"bg section-bg fill bg-fill  bg-loaded\" >\n\n\t\t\t\n\t\t\t\n\t\t\t\n\n\t\t<\/div>\n\n\t\t\n\n\t\t<div class=\"section-content relative\">\n\t\t\t\n<div class=\"row row-large align-middle\"  id=\"row-154872894\">\n\n\t<div id=\"col-104599443\" class=\"col medium-6 small-12 large-6\"  >\n\t\t\t\t<div class=\"col-inner\"  >\n\t\t\t\n\t\t\t\n<p><strong>H\u01b0\u1edbng D\u1eabn S\u1eed D\u1ee5ng Thi\u1ebft B\u1ecb (Quan Tr\u1ecdng)<\/strong><\/p>\n<p>Vi\u1ec7c s\u1eed d\u1ee5ng thi\u1ebft b\u1ecb h\u00fat \u0111\u1ed3 \u0103n d\u1ecb v\u1eadt \u0111\u01b0\u1eddng th\u1edf l\u00e0 m\u1ed9t qu\u00e1 tr\u00ecnh quan tr\u1ecdng \u0111\u1ec3 b\u1ea3o v\u1ec7 s\u1ee9c kh\u1ecfe c\u1ee7a b\u1ea1n. D\u01b0\u1edbi \u0111\u00e2y l\u00e0 h\u01b0\u1edbng d\u1eabn chi ti\u1ebft v\u00e0 d\u1ec5 hi\u1ec3u nh\u1ea5t \u0111\u1ec3 \u0111\u1ea3m b\u1ea3o r\u1eb1ng b\u1ea1n c\u00f3 th\u1ec3 s\u1eed d\u1ee5ng s\u1ea3n ph\u1ea9m m\u1ed9t c\u00e1ch hi\u1ec7u qu\u1ea3 v\u00e0 an to\u00e0n nh\u1ea5t.<\/p>\n<p><strong>B\u01b0\u1edbc 1:<\/strong> L\u1ea5y m\u1eb7t n\u1ea1 l\u1eafp v\u00e0o thi\u1ebft b\u1ecb, xo\u00e1y nh\u1eb9 sang ph\u1ea3i<\/p>\n<p><strong>B\u01b0\u1edbc 2:<\/strong> D\u00f9ng tay tr\u00e1i t\u1ea1o h\u00ecnh ch\u1eef C c\u1ea7m l\u00ean thi\u1ebft b\u1ecb. \u00c1p ch\u1eb7t n\u1eafp m\u1eb7t n\u1ea1 l\u00ean m\u1eb7t sao cho b\u1ec1 m\u1eb7t ti\u1ebfp x\u00fac gi\u1eefa m\u1eb7t n\u1ea1 v\u00e0 m\u1eb7t k\u00edn nh\u1ea5t. H\u00e3y nh\u1edb \u1ea5n v\u00e0 gi\u1eef ch\u1eb7t kh\u00f4ng \u0111\u1ec3 h\u1edf kh\u00ed gi\u1eefa b\u1ec1 m\u1eb7t ti\u1ebfp x\u00fac, n\u1ebfu h\u1edf s\u1ebd kh\u00f4ng hi\u1ec7u qu\u1ea3.<\/p>\n<p><strong>B\u01b0\u1edbc 3<\/strong>:Trong l\u00fac tay tr\u00e1i \u0111ang \u1ea5n v\u00e0 gi\u1eef m\u1eb7t n\u1ea1 v\u00e0 m\u1eb7t m\u00ecnh c\u1ed1 \u0111\u1ecbnh, Tay ph\u1ea3i \u0111\u01b0a l\u00ean tay c\u1ea7m c\u1ee7a thi\u1ebft b\u1ecb, Thao T\u00e1c \u1ea5n xu\u1ed1ng v\u00e0 k\u00e9o l\u00ean, nhanh m\u1ea1nh v\u00e0 d\u1ee9t kho\u00e1t, h\u00e3y nh\u1edb tay tr\u00e1i lu\u00f4n gi\u1eef v\u00e0 \u1ea5n m\u1eb7t n\u1ea1 \u00e1p ch\u1eb7t v\u1edbi m\u1eb7t. L\u00fac n\u00e0y \u1ea5n xu\u1ed1ng v\u00e0 k\u00e9o l\u00ean kho\u1ea3ng v\u00e0i l\u1ea7n.<\/p>\n<p><strong>B\u01b0\u1edbc 4:<\/strong> Trong khi th\u1eed hay <u>m\u1edf mi\u1ec7ng v\u00e0 n\u00edn th\u1edf<\/u> cho gi\u1ed1ng l\u00fac m\u00ecnh b\u1ecb ngh\u1eb9n, b\u1ea1n s\u1ebd c\u1ea3m nh\u1eadn \u0111\u01b0\u1ee3c l\u1ef1c h\u00fat r\u00f5 nh\u1ea5t v\u00e0 m\u1ea1nh.<\/p>\n<p>&#8212;S\u1ed1 \u0111i\u1ec7n tho\u1ea1i, Zalo h\u1ed7 tr\u1ee3: 0969350769 (\u0110\u1ea1t). N\u1ebfu b\u1ea1n g\u1eb7p v\u1ea5n \u0111\u1ec1. H\u00e3y g\u1ecdi tr\u1ef1c ti\u1ebfp ho\u1eb7c nh\u1eafn tin zalo, m\u00ecnh s\u1ebd h\u1ed7 tr\u1ee3 b\u1ea1n 24\/7!<\/p>\n\t\t<\/div>\n\t\t\t\t\t<\/div>\n\n\t\n\n\t<div id=\"col-247393990\" class=\"col medium-6 small-12 large-6\"  >\n\t\t\t\t<div class=\"col-inner\"  >\n\t\t\t\n\t\t\t\n\t<div class=\"img has-hover x md-x lg-x y md-y lg-y\" id=\"image_465992794\">\n\t\t\t\t\t\t\t\t<div class=\"img-inner dark\" >\n\t\t\t<img loading=\"lazy\" decoding=\"async\" width=\"1488\" height=\"998\" src=\"https:\/\/lavendiera.com\/wp-content\/uploads\/2024\/01\/9999.png\" class=\"attachment-original size-original\" alt=\"\" srcset=\"https:\/\/lavendiera.com\/wp-content\/uploads\/2024\/01\/9999.png 1488w, https:\/\/lavendiera.com\/wp-content\/uploads\/2024\/01\/9999-300x201.png 300w, https:\/\/lavendiera.com\/wp-content\/uploads\/2024\/01\/9999-1024x687.png 1024w, https:\/\/lavendiera.com\/wp-content\/uploads\/2024\/01\/9999-768x515.png 768w, https:\/\/lavendiera.com\/wp-content\/uploads\/2024\/01\/9999-1320x885.png 1320w, https:\/\/lavendiera.com\/wp-content\/uploads\/2024\/01\/9999-1200x805.png 1200w\" sizes=\"auto, (max-width: 1488px) 100vw, 1488px\" \/>\t\t\t\t\t\t\n\t\t\t\t\t<\/div>\n\t\t\t\t\t\t\t\t\n<style>\n#image_465992794 {\n  width: 100%;\n}\n<\/style>\n\t<\/div>\n\t\n\t\t<\/div>\n\t\t\t\t\t<\/div>\n\n\t\n<\/div>\n\t\t<\/div>\n\n\t\t\n<style>\n#section_666710417 {\n  padding-top: 30px;\n  padding-bottom: 30px;\n}\n<\/style>\n\t<\/section>\n\t\n<div class=\"video video-fit mb box-shadow-5\" style=\"padding-top:56.25%;\"><p><iframe loading=\"lazy\" title=\"H\u01b0\u1edbng d\u1eabn s\u1eed d\u1ee5ng thi\u1ebft b\u1ecb h\u00fat \u0111\u1ed3 \u0103n d\u1ecb v\u1eadt lavendiera\" width=\"1020\" height=\"574\" src=\"https:\/\/www.youtube.com\/embed\/T7_O82IJY7g?feature=oembed\" frameborder=\"0\" allow=\"accelerometer; autoplay; clipboard-write; encrypted-media; gyroscope; picture-in-picture; web-share\" allowfullscreen><\/iframe><\/p>\n<\/div>\n<div class=\"video video-fit mb hidden\" style=\"padding-top:56.25%;\"><p><iframe loading=\"lazy\" title=\"H\u01b0\u1edbng d\u1eabn \u00e1p d\u1ee5ng l\u00ean ch\u00ednh b\u1ea3n th\u00e2n, t\u1ef1 s\u01a1 c\u1ee9u khi b\u1ecb ngh\u1eb9n h\u00f3c lavendiera\" width=\"1020\" height=\"574\" src=\"https:\/\/www.youtube.com\/embed\/Px346Q6V9DY?start=1&#038;feature=oembed\" frameborder=\"0\" allow=\"accelerometer; autoplay; clipboard-write; encrypted-media; gyroscope; picture-in-picture; web-share\" referrerpolicy=\"strict-origin-when-cross-origin\" allowfullscreen><\/iframe><\/p>\n<\/div>\n<div class=\"video video-fit mb\" style=\"padding-top:56.25%;\"><p><iframe loading=\"lazy\" title=\"H\u01b0\u1edbng d\u1eabn s\u1eed d\u1ee5ng thi\u1ebft b\u1ecb ch\u1ed1ng ngh\u1eb9n h\u00f3c\" width=\"1020\" height=\"574\" src=\"https:\/\/www.youtube.com\/embed\/nHhjm2OFc7A?feature=oembed\" frameborder=\"0\" allow=\"accelerometer; autoplay; clipboard-write; encrypted-media; gyroscope; picture-in-picture; web-share\" allowfullscreen><\/iframe><\/p>\n<\/div>\n<div class=\"video video-fit mb hidden\" style=\"padding-top:56.25%;\"><p><iframe loading=\"lazy\" title=\"H\u01b0\u1edbng d\u1eabn s\u1eed d\u1ee5ng s\u01a1 c\u1ee9u d\u1ee5ng c\u1ee5 ch\u1ed1ng ngh\u1eb9n cho ng\u01b0\u1eddi xung quanh\" width=\"1020\" height=\"574\" src=\"https:\/\/www.youtube.com\/embed\/QVn4QWF59DE?feature=oembed\" frameborder=\"0\" allow=\"accelerometer; autoplay; clipboard-write; encrypted-media; gyroscope; picture-in-picture; web-share\" referrerpolicy=\"strict-origin-when-cross-origin\" allowfullscreen><\/iframe><\/p>\n<\/div>\n<div class=\"video video-fit mb hidden\" style=\"padding-top:56.25%;\"><p><iframe loading=\"lazy\" title=\"L\u1ef1c H\u00fat c\u1ee7a Thi\u1ebft B\u1ecb Ch\u1ed1ng Ngh\u1eb9n H\u00f3c Lavendiera\" width=\"1020\" height=\"574\" src=\"https:\/\/www.youtube.com\/embed\/t2qXQJWWDTs?start=2&#038;feature=oembed\" frameborder=\"0\" allow=\"accelerometer; autoplay; clipboard-write; encrypted-media; gyroscope; picture-in-picture; web-share\" referrerpolicy=\"strict-origin-when-cross-origin\" allowfullscreen><\/iframe><\/p>\n<\/div>\n<a href=\"http:\/\/lavendiera.com\" class=\"button primary is-shade is-larger box-shadow-4 box-shadow-5-hover\"  style=\"border-radius:99px;\">\n    <span>Tr\u1edf V\u1ec1 Trang ch\u1ee7<\/span>\n  <i class=\"icon-angle-right\" aria-hidden=\"true\" ><\/i><\/a>\n\n","protected":false},"excerpt":{"rendered":"","protected":false},"author":1,"featured_media":0,"parent":0,"menu_order":0,"comment_status":"closed","ping_status":"closed","template":"","meta":{"om_disable_all_campaigns":false,"_monsterinsights_skip_tracking":false,"_monsterinsights_sitenote_active":false,"_monsterinsights_sitenote_note":"","_monsterinsights_sitenote_category":0,"_uf_show_specific_survey":0,"_uf_disable_surveys":false,"footnotes":""},"class_list":["post-183","page","type-page","status-publish","hentry"],"aioseo_notices":[],"jetpack_sharing_enabled":true,"_links":{"self":[{"href":"https:\/\/lavendiera.com\/index.php\/wp-json\/wp\/v2\/pages\/183","targetHints":{"allow":["GET"]}}],"collection":[{"href":"https:\/\/lavendiera.com\/index.php\/wp-json\/wp\/v2\/pages"}],"about":[{"href":"https:\/\/lavendiera.com\/index.php\/wp-json\/wp\/v2\/types\/page"}],"author":[{"embeddable":true,"href":"https:\/\/lavendiera.com\/index.php\/wp-json\/wp\/v2\/users\/1"}],"replies":[{"embeddable":true,"href":"https:\/\/lavendiera.com\/index.php\/wp-json\/wp\/v2\/comments?post=183"}],"version-history":[{"count":70,"href":"https:\/\/lavendiera.com\/index.php\/wp-json\/wp\/v2\/pages\/183\/revisions"}],"predecessor-version":[{"id":7134,"href":"https:\/\/lavendiera.com\/index.php\/wp-json\/wp\/v2\/pages\/183\/revisions\/7134"}],"wp:attachment":[{"href":"https:\/\/lavendiera.com\/index.php\/wp-json\/wp\/v2\/media?parent=183"}],"curies":[{"name":"wp","href":"https:\/\/api.w.org\/{rel}","templated":true}]}}