{"id":196,"date":"2023-12-03T04:49:07","date_gmt":"2023-12-03T04:49:07","guid":{"rendered":"https:\/\/lavendiera.com\/?page_id=196"},"modified":"2024-07-13T12:55:59","modified_gmt":"2024-07-13T12:55:59","slug":"ho-tro","status":"publish","type":"page","link":"https:\/\/lavendiera.com\/index.php\/ho-tro\/","title":{"rendered":"H\u1ed7 tr\u1ee3"},"content":{"rendered":"\t<section class=\"section dark\" id=\"section_304290448\">\n\t\t<div class=\"bg section-bg fill bg-fill  \" >\n\n\t\t\t\n\t\t\t<div class=\"section-bg-overlay absolute fill\"><\/div>\n\t\t\t\n\n\t\t<\/div>\n\n\t\t\n\n\t\t<div class=\"section-content relative\">\n\t\t\t\n<div class=\"row\"  id=\"row-752490540\">\n\n\t<div id=\"col-1071984887\" class=\"col small-12 large-12\"  >\n\t\t\t\t<div class=\"col-inner text-center\"  >\n\t\t\t\n\t\t\t\n\t<div id=\"text-1679373530\" class=\"text\">\n\t\t\n<h3 class=\"uppercase\"><span style=\"color: #00ffff;\">Ch\u00fang t\u00f4i c\u00f3 th\u1ec3 gi\u00fap g\u00ec cho b\u1ea1n?<\/span><\/h3>\n<p><span style=\"color: #00ffff;\">N\u1ebfu b\u1ea1n c\u00f3 c\u00e2u h\u1ecfi li\u00ean quan \u0111\u1ebfn s\u1ea3n ph\u1ea9m h\u00e3y th\u1eed ki\u1ec3m tra c\u00e2u h\u1ecfi th\u01b0\u1eddng g\u1eb7p, c\u00f3 th\u1ec3 s\u1ebd gi\u00fap \u00edch. <\/span><\/p>\n<p><span style=\"color: #00ffff;\"><span style=\"font-size: 14.4px;\">N\u1ebfu c\u00e2u h\u1ecfi c\u1ee7a b\u1ea1n li\u00ean quan \u0111\u1ebfn \u0111\u01a1n h\u00e0ng hi\u1ec7n c\u00f3 ho\u1eb7c c\u00e1ch x\u1eed l\u00fd \u0111\u01a1n h\u00e0ng, b\u1ea1n c\u00f3 th\u1ec3 li\u00ean h\u1ec7 v\u1edbi ch\u00fang t\u00f4i b\u1eb1ng c\u00e1c t\u00f9y ch\u1ecdn b\u00ean d\u01b0\u1edbi.<\/span><\/span><\/p>\n\t\t\n<style>\n#text-1679373530 {\n  line-height: 1.4;\n  text-align: center;\n}\n@media (min-width:550px) {\n  #text-1679373530 {\n    line-height: 1.6;\n  }\n}\n@media (min-width:850px) {\n  #text-1679373530 {\n    line-height: 0.75;\n  }\n}\n<\/style>\n\t<\/div>\n\t\n\t\t<\/div>\n\t\t\t\t\n<style>\n#col-1071984887 > .col-inner {\n  padding: 20px 0px 0px 0px;\n}\n<\/style>\n\t<\/div>\n\n\t\n<\/div>\n\t\t<\/div>\n\n\t\t\n<style>\n#section_304290448 {\n  padding-top: 140px;\n  padding-bottom: 140px;\n  background-color: #446084;\n}\n#section_304290448 .section-bg-overlay {\n  background-color: #446084;\n}\n#section_304290448 .section-bg.bg-loaded {\n  background-image: url(https:\/\/lavendiera.com\/wp-content\/uploads\/2024\/01\/contact-page-for-flatsome-wordpress-theme-pointed-hero.jpg);\n}\n#section_304290448 .section-bg {\n  background-position: 75% 50%;\n}\n<\/style>\n\t<\/section>\n\t\n\t<section class=\"section\" id=\"section_1300934799\">\n\t\t<div class=\"bg section-bg fill bg-fill  bg-loaded\" >\n\n\t\t\t\n\t\t\t\n\t\t\t\n\n\t\t<\/div>\n\n\t\t\n\n\t\t<div class=\"section-content relative\">\n\t\t\t\n<div class=\"row\"  id=\"row-774233383\">\n\n\t<div id=\"col-1401403208\" class=\"col small-12 large-12\"  >\n\t\t\t\t<div class=\"col-inner\"  >\n\t\t\t\n\t\t\t\n<div class=\"row align-equal\"  id=\"row-1746746599\">\n\n\t<div id=\"col-2007253120\" class=\"col medium-6 small-12 large-6\"  >\n\t\t\t\t<div class=\"col-inner text-center\"  >\n\t\t\t\n\t\t\t\n\n\t\t<div class=\"icon-box featured-box icon-box-center text-center\"  >\n\t\t\t\t\t<div class=\"icon-box-img\" style=\"width: 60px\">\n\t\t\t\t<div class=\"icon\">\n\t\t\t\t\t<div class=\"icon-inner\" >\n\t\t\t\t\t\t<img loading=\"lazy\" decoding=\"async\" width=\"300\" height=\"300\" src=\"https:\/\/lavendiera.com\/wp-content\/uploads\/2024\/01\/contact-page-for-flatsome-wordpress-theme-pointed-icon-phone-300x300.png\" class=\"attachment-medium size-medium\" alt=\"\" srcset=\"https:\/\/lavendiera.com\/wp-content\/uploads\/2024\/01\/contact-page-for-flatsome-wordpress-theme-pointed-icon-phone-300x300.png 300w, https:\/\/lavendiera.com\/wp-content\/uploads\/2024\/01\/contact-page-for-flatsome-wordpress-theme-pointed-icon-phone-150x150.png 150w, https:\/\/lavendiera.com\/wp-content\/uploads\/2024\/01\/contact-page-for-flatsome-wordpress-theme-pointed-icon-phone-100x100.png 100w, https:\/\/lavendiera.com\/wp-content\/uploads\/2024\/01\/contact-page-for-flatsome-wordpress-theme-pointed-icon-phone.png 512w\" sizes=\"auto, (max-width: 300px) 100vw, 300px\" \/>\t\t\t\t\t<\/div>\n\t\t\t\t<\/div>\n\t\t\t<\/div>\n\t\t\t\t<div class=\"icon-box-text last-reset\">\n\t\t\t\t\t\t\t\t\t\n<p>N\u00f3i chuy\u1ec7n v\u1edbi nh\u00e2n vi\u00ean h\u1ed7 tr\u1ee3<\/p>\n<p>B\u1ea1n quan t\u00e2m \u0111\u1ebfn d\u1ecbch v\u1ee5 c\u1ee7a ch\u00fang t\u00f4i? Ch\u1ec9 c\u1ea7n nh\u1ea5c m\u00e1y v\u00e0 g\u1ecdi cho ch\u00fang t\u00f4i.<\/p>\n\t<div id=\"gap-579006716\" class=\"gap-element clearfix\" style=\"display:block; height:auto;\">\n\t\t\n<style>\n#gap-579006716 {\n  padding-top: 20px;\n}\n<\/style>\n\t<\/div>\n\t\n<a class=\"button secondary is-shade is-large box-shadow-5\"  style=\"border-radius:99px;\">\n    <span>0969 350 769\/0888 003 648<\/span>\n  <\/a>\n\n\t\t<\/div>\n\t<\/div>\n\t\n\t\n\t\t<\/div>\n\t\t\t\t\t<\/div>\n\n\t\n\n\t<div id=\"col-1778247538\" class=\"col medium-6 small-12 large-6\"  >\n\t\t\t\t<div class=\"col-inner text-center\"  >\n\t\t\t\n\t\t\t\n\n\t\t<div class=\"icon-box featured-box icon-box-center text-center\"  >\n\t\t\t\t\t<div class=\"icon-box-img\" style=\"width: 60px\">\n\t\t\t\t<div class=\"icon\">\n\t\t\t\t\t<div class=\"icon-inner\" >\n\t\t\t\t\t\t<img loading=\"lazy\" decoding=\"async\" width=\"300\" height=\"300\" src=\"https:\/\/lavendiera.com\/wp-content\/uploads\/2024\/01\/contact-page-for-flatsome-wordpress-theme-pointed-icon-chat-300x300.png\" class=\"attachment-medium size-medium\" alt=\"\" srcset=\"https:\/\/lavendiera.com\/wp-content\/uploads\/2024\/01\/contact-page-for-flatsome-wordpress-theme-pointed-icon-chat-300x300.png 300w, https:\/\/lavendiera.com\/wp-content\/uploads\/2024\/01\/contact-page-for-flatsome-wordpress-theme-pointed-icon-chat-150x150.png 150w, https:\/\/lavendiera.com\/wp-content\/uploads\/2024\/01\/contact-page-for-flatsome-wordpress-theme-pointed-icon-chat-100x100.png 100w, https:\/\/lavendiera.com\/wp-content\/uploads\/2024\/01\/contact-page-for-flatsome-wordpress-theme-pointed-icon-chat.png 512w\" sizes=\"auto, (max-width: 300px) 100vw, 300px\" \/>\t\t\t\t\t<\/div>\n\t\t\t\t<\/div>\n\t\t\t<\/div>\n\t\t\t\t<div class=\"icon-box-text last-reset\">\n\t\t\t\t\t\t\t\t\t\n<h4>Nh\u1eafn tin v\u1edbi h\u1ed7 tr\u1ee3 vi\u00ean<\/h4>\n<p>\u0110\u00f4i khi b\u1ea1n c\u1ea7n m\u1ed9t ch\u00fat gi\u00fap \u0111\u1ee1. \u0110\u1eebng lo l\u1eafng, ch\u00fang t\u00f4i \u1edf \u0111\u00e2y v\u00ec b\u1ea1n.<\/p>\n\t<div id=\"gap-1627468590\" class=\"gap-element clearfix\" style=\"display:block; height:auto;\">\n\t\t\n<style>\n#gap-1627468590 {\n  padding-top: 20px;\n}\n<\/style>\n\t<\/div>\n\t\n\t\t<\/div>\n\t<\/div>\n\t\n\t\n<a class=\"button secondary is-shade is-large box-shadow-5\"  style=\"border-radius:99px;\">\n    <span>Zalo: 0969 350 769\/0888 003 648<\/span>\n  <\/a>\n\n\t\t<\/div>\n\t\t\t\t\t<\/div>\n\n\t\n\n<style>\n#row-1746746599 > .col > .col-inner {\n  padding: 40px 40px 40px 40px;\n  background-color: rgb(255,255,255);\n}\n<\/style>\n<\/div>\n\t\t<\/div>\n\t\t\t\t\n<style>\n#col-1401403208 > .col-inner {\n  margin: -100px 0px 0px 0px;\n}\n<\/style>\n\t<\/div>\n\n\t\n<\/div>\n\t\t<\/div>\n\n\t\t\n<style>\n#section_1300934799 {\n  padding-top: 30px;\n  padding-bottom: 30px;\n  background-color: rgb(244, 244, 244);\n}\n<\/style>\n\t<\/section>\n\t\n\t<section class=\"section\" id=\"section_2017918923\">\n\t\t<div class=\"bg section-bg fill bg-fill  bg-loaded\" >\n\n\t\t\t\n\t\t\t\n\t\t\t\n\n\t\t<\/div>\n\n\t\t\n\n\t\t<div class=\"section-content relative\">\n\t\t\t\n\t<div id=\"text-113663712\" class=\"text\">\n\t\t\n<h2 class=\"uppercase\">C\u00e1c c\u00e2u h\u1ecfi th\u01b0\u1eddng g\u1eb7p<\/h2>\n\t\t\n<style>\n#text-113663712 {\n  text-align: center;\n}\n<\/style>\n\t<\/div>\n\t\n<div class=\"text-center\"><div class=\"is-divider divider clearfix\" style=\"background-color:rgb(50, 49, 168);\"><\/div><\/div>\n<div class=\"accordion\">\n\t<div id=\"accordion-2658686950\" class=\"accordion-item\">\n\t\t<a id=\"accordion-2658686950-label\" class=\"accordion-title plain\" href=\"#accordion-item-\u1ede-\u0111\u1ed9-tu\u1ed5i\/c\u00e2n-n\u1eb7ng-n\u00e0o-c\u00f3-th\u1ec3-s\u1eed-d\u1ee5ng-thi\u1ebft-b\u1ecb?\" aria-expanded=\"false\" aria-controls=\"accordion-2658686950-content\" >\n\t\t\t<button class=\"toggle\" aria-label=\"Toggle\"><i class=\"icon-angle-down\"><\/i><\/button>\n\t\t\t<span>\u1ede \u0111\u1ed9 tu\u1ed5i\/c\u00e2n n\u1eb7ng n\u00e0o c\u00f3 th\u1ec3 s\u1eed d\u1ee5ng Thi\u1ebft b\u1ecb?<\/span>\n\t\t<\/a>\n\t\t<div id=\"accordion-2658686950-content\" class=\"accordion-inner\" aria-labelledby=\"accordion-2658686950-label\" >\n\t\t\t\n<p>Thi\u1ebft b\u1ecb \u0111\u01b0\u1ee3c trang b\u1ecb \u0111\u1ec3 s\u1eed d\u1ee5ng cho nh\u1eefng ng\u01b0\u1eddi c\u00f3 c\u00e2n n\u1eb7ng t\u1eeb 22 pound tr\u1edf l\u00ean khi s\u1eed d\u1ee5ng m\u1eb7t n\u1ea1 d\u00e0nh cho tr\u1ebb em. Theo h\u01b0\u1edbng d\u1eabn khuy\u1ebfn ngh\u1ecb c\u1ee7a nh\u00e0 s\u1ea3n xu\u1ea5t kh\u1ea9u trang c\u1ee7a ch\u00fang t\u00f4i, 22 pound l\u00e0 tr\u1ecdng l\u01b0\u1ee3ng t\u1ed1i thi\u1ec3u \u0111\u1ec3 kh\u1ea9u trang d\u00e0nh cho tr\u1ebb em v\u1eeba v\u1eb7n. C\u00e1c nh\u00e0 s\u1ea3n xu\u1ea5t ph\u1ea3i t\u1ea1o ra c\u00e1c th\u00f4ng s\u1ed1 k\u1ef9 thu\u1eadt trong \u0111\u00f3 c\u00e1c th\u1eed nghi\u1ec7m c\u1ee7a h\u1ecd cho th\u1ea5y c\u00e1c ch\u1ee9c n\u0103ng c\u1ee7a s\u1ea3n ph\u1ea9m m\u1ed9t c\u00e1ch t\u1ed1i \u01b0u. Ch\u00fang t\u00f4i \u0111\u00e3 x\u00e1c minh nh\u1eefng l\u1eddi ch\u1ee9ng th\u1ef1c r\u1eb1ng thi\u1ebft b\u1ecb c\u1ee9u h\u1ed9 \u0111\u00e3 \u0111\u01b0\u1ee3c s\u1eed d\u1ee5ng th\u00e0nh c\u00f4ng theo khuy\u1ebfn ngh\u1ecb v\u1ec1 tr\u1ecdng l\u01b0\u1ee3ng \u0111\u00f3 v\u00e0 c\u1ee9u s\u1ed1ng tr\u1ebb s\u01a1 sinh. Sau khi t\u1ea5t c\u1ea3 c\u00e1c bi\u1ec7n ph\u00e1p gi\u1ea3i c\u1ee9u ngh\u1eb9t th\u1edf kh\u00e1c \u0111\u1ec1u kh\u00f4ng th\u00e0nh c\u00f4ng, ph\u1ee5 huynh \u0111\u00e3 t\u00f9y \u00fd s\u1eed d\u1ee5ng thi\u1ebft b\u1ecb c\u1ee9u h\u1ed9 nh\u01b0 bi\u1ec7n ph\u00e1p cu\u1ed1i c\u00f9ng \u0111\u1ec3 c\u1ee9u con m\u00ecnh. LifeVac \u0111\u00e3 c\u1ee9u s\u1ed1ng an to\u00e0n tr\u1ebb em t\u1eeb 3 tu\u1ea7n tu\u1ed5i \u0111\u1ebfn 13 tu\u1ed5i.<\/p>\n\t\t<\/div>\n\t<\/div>\n\t\n\t<div id=\"accordion-3371776644\" class=\"accordion-item\">\n\t\t<a id=\"accordion-3371776644-label\" class=\"accordion-title plain\" href=\"#accordion-item-b\u1ea1n-c\u00f3-c\u1ea7n-ph\u1ea3i-n\u1eb1m-\u0111\u1ec3-s\u1eed-d\u1ee5ng-thi\u1ebft-b\u1ecb-%20kh\u00f4ng?\" aria-expanded=\"false\" aria-controls=\"accordion-3371776644-content\" >\n\t\t\t<button class=\"toggle\" aria-label=\"Toggle\"><i class=\"icon-angle-down\"><\/i><\/button>\n\t\t\t<span>B\u1ea1n c\u00f3 c\u1ea7n ph\u1ea3i n\u1eb1m \u0111\u1ec3 s\u1eed d\u1ee5ng Thi\u1ebft b\u1ecb  kh\u00f4ng?<\/span>\n\t\t<\/a>\n\t\t<div id=\"accordion-3371776644-content\" class=\"accordion-inner\" aria-labelledby=\"accordion-3371776644-label\" >\n\t\t\t\n<p>c\u00f3 th\u1ec3 \u0111\u01b0\u1ee3c s\u1eed d\u1ee5ng \u1edf m\u1ecdi v\u1ecb tr\u00ed. (Ng\u1ed3i, \u0111\u1ee9ng, n\u1eb1m). Ch\u00fang t\u00f4i \u0111\u00e3 c\u00f3 b\u00e1o c\u00e1o v\u1ec1 vi\u1ec7c c\u00e1c b\u00e0 m\u1eb9 \u0111\u00e3 s\u1eed d\u1ee5ng thi\u1ebft b\u1ecb c\u1ee9u h\u1ed9 tr\u00ean gh\u1ebf cao, \u0111\u1eb7t con h\u1ecd xu\u1ed1ng s\u00e0n v\u00e0 th\u1eadm ch\u00ed ng\u1ed3i tr\u00ean \u0111\u00f9i h\u1ecd.<\/p>\n\t\t<\/div>\n\t<\/div>\n\t\n\t<div id=\"accordion-1398098116\" class=\"accordion-item\">\n\t\t<a id=\"accordion-1398098116-label\" class=\"accordion-title plain\" href=\"#accordion-item-thi\u1ebft-b\u1ecb-c\u00f3-th\u1ec3-\u0111\u01b0\u1ee3c-s\u1eed-d\u1ee5ng-nhi\u1ec1u-l\u1ea7n-kh\u00f4ng?-n\u00f3-c\u00f3-th\u1ec3-t\u00e1i-s\u1eed-d\u1ee5ng-\u0111\u01b0\u1ee3c-kh\u00f4ng?\" aria-expanded=\"false\" aria-controls=\"accordion-1398098116-content\" >\n\t\t\t<button class=\"toggle\" aria-label=\"Toggle\"><i class=\"icon-angle-down\"><\/i><\/button>\n\t\t\t<span>Thi\u1ebft b\u1ecb c\u00f3 th\u1ec3 \u0111\u01b0\u1ee3c s\u1eed d\u1ee5ng nhi\u1ec1u l\u1ea7n kh\u00f4ng? N\u00f3 c\u00f3 th\u1ec3 t\u00e1i s\u1eed d\u1ee5ng \u0111\u01b0\u1ee3c kh\u00f4ng?<\/span>\n\t\t<\/a>\n\t\t<div id=\"accordion-1398098116-content\" class=\"accordion-inner\" aria-labelledby=\"accordion-1398098116-label\" >\n\t\t\t\n<p>Thi\u1ebft b\u1ecb l\u00e0 thi\u1ebft b\u1ecb th\u00f4ng tho\u00e1ng \u0111\u01b0\u1eddng th\u1edf ch\u1ec9 s\u1eed d\u1ee5ng m\u1ed9t l\u1ea7n. N\u1ebfu thi\u1ebft b\u1ecb\u0111\u01b0\u1ee3c s\u1eed d\u1ee5ng trong tr\u01b0\u1eddng h\u1ee3p kh\u1ea9n c\u1ea5p b\u1ecb ng\u1ea1t th\u1edf v\u00e0 \u0111\u00e3 c\u1ee9u s\u1ed1ng n\u1ea1n nh\u00e2n th\u00ec kh\u00f4ng n\u00ean s\u1eed d\u1ee5ng l\u1ea1i thi\u1ebft b\u1ecb n\u00e0y v\u00ec l\u00fd do v\u1ec7 sinh. N\u1ebfu \u0111\u01b0\u1ee3c s\u1eed d\u1ee5ng, vui l\u00f2ng li\u00ean h\u1ec7 v\u1edbi ch\u00fang t\u00f4i qua trang web c\u1ee7a ch\u00fang t\u00f4i \u0111\u1ec3 \u0111i\u1ec1n v\u00e0o b\u1ea3ng c\u00e2u h\u1ecfi &#8220;B\u00e1o c\u00e1o m\u1ed9t cu\u1ed9c s\u1ed1ng \u0111\u00e3 \u0111\u01b0\u1ee3c c\u1ee9u&#8221;. Ch\u00fang t\u00f4i s\u1ebd li\u00ean h\u1ec7 v\u1edbi b\u1ea1n v\u00e0 s\u1eb5n s\u00e0ng thay th\u1ebf thi\u1ebft b\u1ecb c\u1ee7a b\u1ea1n mi\u1ec5n ph\u00ed. Thi\u1ebft b\u1ecb c\u00f3 th\u1ec3 \u0111\u01b0\u1ee3c s\u1eed d\u1ee5ng nhi\u1ec1u l\u1ea7n n\u1ebfu v\u1eadt c\u1ea3n kh\u00f4ng \u0111\u01b0\u1ee3c lo\u1ea1i b\u1ecf trong l\u1ea7n \u00e1p d\u1ee5ng \u0111\u1ea7u ti\u00ean. Kh\u1ea9u trang n\u00ean \u0111\u01b0\u1ee3c ki\u1ec3m tra v\u00e0 c\u00e2n nh\u1eafc thay th\u1ebf sau m\u1ed7i 2-3 n\u0103m.<\/p>\n\t\t<\/div>\n\t<\/div>\n\t\n\t<div id=\"accordion-2204311415\" class=\"accordion-item\">\n\t\t<a id=\"accordion-2204311415-label\" class=\"accordion-title plain\" href=\"#accordion-item-thi\u1ebft-b\u1ecb-c\u00f3-th\u1ec3-\u0111\u01b0\u1ee3c-s\u1eed-d\u1ee5ng-cho-ch\u00ednh-b\u1ea1n-trong-tr\u01b0\u1eddng-h\u1ee3p-kh\u1ea9n-c\u1ea5p-kh\u00f4ng?\" aria-expanded=\"false\" aria-controls=\"accordion-2204311415-content\" >\n\t\t\t<button class=\"toggle\" aria-label=\"Toggle\"><i class=\"icon-angle-down\"><\/i><\/button>\n\t\t\t<span>Thi\u1ebft b\u1ecb c\u00f3 th\u1ec3 \u0111\u01b0\u1ee3c s\u1eed d\u1ee5ng cho ch\u00ednh b\u1ea1n trong tr\u01b0\u1eddng h\u1ee3p kh\u1ea9n c\u1ea5p kh\u00f4ng?<\/span>\n\t\t<\/a>\n\t\t<div id=\"accordion-2204311415-content\" class=\"accordion-inner\" aria-labelledby=\"accordion-2204311415-label\" >\n\t\t\t\n<p>\u0110\u00fang. Thi\u1ebft b\u1ecb \u0111\u01b0\u1ee3c thi\u1ebft k\u1ebf \u0111\u1ec3 d\u1ec5 s\u1eed d\u1ee5ng. \u0110\u1ee7 d\u1ec5 d\u00e0ng \u0111\u1ec3 n\u1ebfu b\u1ea1n s\u1ed1ng m\u1ed9t m\u00ecnh, b\u1ea1n c\u00f3 th\u1ec3 s\u1eed d\u1ee5ng cho ch\u00ednh m\u00ecnh trong tr\u01b0\u1eddng h\u1ee3p ngh\u1eb9t th\u1edf kh\u1ea9n c\u1ea5p. H\u00e3y xem c\u00e1ch l\u00e0m video d\u01b0\u1edbi \u0111\u00e2y.<\/p>\n\t\t<\/div>\n\t<\/div>\n\t\n\t<div id=\"accordion-1445155317\" class=\"accordion-item\">\n\t\t<a id=\"accordion-1445155317-label\" class=\"accordion-title plain\" href=\"#accordion-item-vi\u1ec7c-giao-h\u00e0ng-s\u1ebd-m\u1ea5t-bao-l\u00e2u?\" aria-expanded=\"false\" aria-controls=\"accordion-1445155317-content\" >\n\t\t\t<button class=\"toggle\" aria-label=\"Toggle\"><i class=\"icon-angle-down\"><\/i><\/button>\n\t\t\t<span>Vi\u1ec7c giao h\u00e0ng s\u1ebd m\u1ea5t bao l\u00e2u?<\/span>\n\t\t<\/a>\n\t\t<div id=\"accordion-1445155317-content\" class=\"accordion-inner\" aria-labelledby=\"accordion-1445155317-label\" >\n\t\t\t\n<p>H\u1ea7u h\u1ebft c\u00e1c \u0111\u01a1n \u0111\u1eb7t h\u00e0ng s\u1ebd \u0111\u01b0\u1ee3c giao v\u00e0o cu\u1ed1i ng\u00e0y l\u00e0m vi\u1ec7c ti\u1ebfp theo. Vui l\u00f2ng ch\u1edd giao h\u00e0ng trong v\u00f2ng 4-7 ng\u00e0y l\u00e0m vi\u1ec7c.<\/p>\n\t\t<\/div>\n\t<\/div>\n\t\n\t<div id=\"accordion-951660828\" class=\"accordion-item\">\n\t\t<a id=\"accordion-951660828-label\" class=\"accordion-title plain\" href=\"#accordion-item-nh\u1eefng-ph\u01b0\u01a1ng-th\u1ee9c-thanh-to\u00e1n-n\u00e0o-\u0111\u01b0\u1ee3c-ch\u1ea5p-nh\u1eadn-trong-c\u1eeda-h\u00e0ng-tr\u1ef1c-tuy\u1ebfn?\" aria-expanded=\"false\" aria-controls=\"accordion-951660828-content\" >\n\t\t\t<button class=\"toggle\" aria-label=\"Toggle\"><i class=\"icon-angle-down\"><\/i><\/button>\n\t\t\t<span>Nh\u1eefng ph\u01b0\u01a1ng th\u1ee9c thanh to\u00e1n n\u00e0o \u0111\u01b0\u1ee3c ch\u1ea5p nh\u1eadn trong C\u1eeda h\u00e0ng tr\u1ef1c tuy\u1ebfn?<\/span>\n\t\t<\/a>\n\t\t<div id=\"accordion-951660828-content\" class=\"accordion-inner\" aria-labelledby=\"accordion-951660828-label\" >\n\t\t\t\n<p>Thanh to\u00e1n khi nh\u1eadn h\u00e0ng v\u00e0 chuy\u1ec3n kho\u1ea3n ng\u00e2n h\u00e0ng<\/p>\n\t\t<\/div>\n\t<\/div>\n\t\n\t<div id=\"accordion-3752632175\" class=\"accordion-item\">\n\t\t<a id=\"accordion-3752632175-label\" class=\"accordion-title plain\" href=\"#accordion-item-mua-s\u1eafm-trong-c\u1eeda-h\u00e0ng-tr\u1ef1c-tuy\u1ebfn-an-to\u00e0n-\u0111\u1ebfn-m\u1ee9c-n\u00e0o?\" aria-expanded=\"false\" aria-controls=\"accordion-3752632175-content\" >\n\t\t\t<button class=\"toggle\" aria-label=\"Toggle\"><i class=\"icon-angle-down\"><\/i><\/button>\n\t\t\t<span>Mua s\u1eafm trong C\u1eeda h\u00e0ng tr\u1ef1c tuy\u1ebfn an to\u00e0n \u0111\u1ebfn m\u1ee9c n\u00e0o?<\/span>\n\t\t<\/a>\n\t\t<div id=\"accordion-3752632175-content\" class=\"accordion-inner\" aria-labelledby=\"accordion-3752632175-label\" >\n\t\t\t\n<p>V\u00e2ng, n\u00f3 r\u1ea5t an to\u00e0n. K\u1ebft n\u1ed1i c\u1ee7a b\u1ea1n v\u1edbi Lavendiera \u0111\u01b0\u1ee3c m\u00e3 h\u00f3a b\u1eb1ng m\u00e3 h\u00f3a 128-bit. K\u1ebft n\u1ed1i s\u1eed d\u1ee5ng TLS 1.0. Ch\u00fang t\u00f4i c\u0169ng c\u00f3 t\u01b0\u1eddng l\u1eeda c\u1ee7a Sucuri \u0111ang ch\u1ea1y \u0111\u1ec3 t\u0103ng c\u01b0\u1eddng b\u1ea3o m\u1eadt. N\u1ebfu b\u1ea1n kh\u00f4ng tho\u1ea3i m\u00e1i khi nh\u1eadp th\u00f4ng tin th\u1ebb t\u00edn d\u1ee5ng c\u1ee7a m\u00ecnh, b\u1ea1n c\u00f3 th\u1ec3 s\u1eed d\u1ee5ng Apple Pay, Google Pay ho\u1eb7c Paypal \u0111\u1ec3 thanh to\u00e1n. T\u1ea5t c\u1ea3 c\u00e1c ph\u01b0\u01a1ng th\u1ee9c thanh to\u00e1n n\u00e0y \u0111\u1ec1u cung c\u1ea5p m\u1ee9c \u0111\u1ed9 b\u1ea3o m\u1eadt cao h\u01a1n.<\/p>\n\t\t<\/div>\n\t<\/div>\n\t\n\t<div id=\"accordion-3544541137\" class=\"accordion-item\">\n\t\t<a id=\"accordion-3544541137-label\" class=\"accordion-title plain\" href=\"#accordion-item-ch\u00ednh-x\u00e1c-th\u00ec-\u0111i\u1ec1u-g\u00ec-s\u1ebd-x\u1ea3y-ra-sau-khi-\u0111\u1eb7t-h\u00e0ng?\" aria-expanded=\"false\" aria-controls=\"accordion-3544541137-content\" >\n\t\t\t<button class=\"toggle\" aria-label=\"Toggle\"><i class=\"icon-angle-down\"><\/i><\/button>\n\t\t\t<span>Ch\u00ednh x\u00e1c th\u00ec \u0111i\u1ec1u g\u00ec s\u1ebd x\u1ea3y ra sau khi \u0111\u1eb7t h\u00e0ng?<\/span>\n\t\t<\/a>\n\t\t<div id=\"accordion-3544541137-content\" class=\"accordion-inner\" aria-labelledby=\"accordion-3544541137-label\" >\n\t\t\t\n<p>B\u1ea1n s\u1ebd nh\u1eadn \u0111\u01b0\u1ee3c x\u00e1c nh\u1eadn \u0111\u01a1n \u0111\u1eb7t h\u00e0ng c\u1ee7a b\u1ea1n. Khi c\u00f3 b\u1ea5t k\u1ef3 ho\u1ea1t \u0111\u1ed9ng n\u00e0o trong \u0111\u01a1n \u0111\u1eb7t h\u00e0ng c\u1ee7a b\u1ea1n, ch\u1eb3ng h\u1ea1n nh\u01b0 \u0111\u00e3 giao h\u00e0ng, b\u1ea1n s\u1ebd nh\u1eadn \u0111\u01b0\u1ee3c email th\u00f4ng b\u00e1o.<\/p>\n\t\t<\/div>\n\t<\/div>\n\t\n<\/div>\n\t\t<\/div>\n\n\t\t\n<style>\n#section_2017918923 {\n  padding-top: 30px;\n  padding-bottom: 30px;\n}\n<\/style>\n\t<\/section>\n\t\n","protected":false},"excerpt":{"rendered":"","protected":false},"author":1,"featured_media":0,"parent":0,"menu_order":0,"comment_status":"closed","ping_status":"closed","template":"","meta":{"om_disable_all_campaigns":false,"_monsterinsights_skip_tracking":false,"_monsterinsights_sitenote_active":false,"_monsterinsights_sitenote_note":"","_monsterinsights_sitenote_category":0,"_uf_show_specific_survey":0,"_uf_disable_surveys":false,"footnotes":""},"class_list":["post-196","page","type-page","status-publish","hentry"],"aioseo_notices":[],"jetpack_sharing_enabled":true,"_links":{"self":[{"href":"https:\/\/lavendiera.com\/index.php\/wp-json\/wp\/v2\/pages\/196","targetHints":{"allow":["GET"]}}],"collection":[{"href":"https:\/\/lavendiera.com\/index.php\/wp-json\/wp\/v2\/pages"}],"about":[{"href":"https:\/\/lavendiera.com\/index.php\/wp-json\/wp\/v2\/types\/page"}],"author":[{"embeddable":true,"href":"https:\/\/lavendiera.com\/index.php\/wp-json\/wp\/v2\/users\/1"}],"replies":[{"embeddable":true,"href":"https:\/\/lavendiera.com\/index.php\/wp-json\/wp\/v2\/comments?post=196"}],"version-history":[{"count":20,"href":"https:\/\/lavendiera.com\/index.php\/wp-json\/wp\/v2\/pages\/196\/revisions"}],"predecessor-version":[{"id":3144,"href":"https:\/\/lavendiera.com\/index.php\/wp-json\/wp\/v2\/pages\/196\/revisions\/3144"}],"wp:attachment":[{"href":"https:\/\/lavendiera.com\/index.php\/wp-json\/wp\/v2\/media?parent=196"}],"curies":[{"name":"wp","href":"https:\/\/api.w.org\/{rel}","templated":true}]}}