{"id":72,"date":"2023-11-28T09:18:52","date_gmt":"2023-11-28T09:18:52","guid":{"rendered":"https:\/\/lavendiera.com\/?page_id=72"},"modified":"2024-01-13T06:12:39","modified_gmt":"2024-01-13T06:12:39","slug":"faqs","status":"publish","type":"page","link":"https:\/\/lavendiera.com\/index.php\/faqs\/","title":{"rendered":"FAQs"},"content":{"rendered":"\t<section class=\"section\" id=\"section_1405476251\">\n\t\t<div class=\"bg section-bg fill bg-fill  bg-loaded\" >\n\n\t\t\t\n\t\t\t\n\t\t\t\n\n\t\t<\/div>\n\n\t\t\n\n\t\t<div class=\"section-content relative\">\n\t\t\t\n<div class=\"row\"  id=\"row-545387468\">\n\n\t<div id=\"col-454169919\" class=\"col medium-4 small-12 large-2\"  >\n\t\t\t\t<div class=\"col-inner\"  >\n\t\t\t\n\t\t\t\n\t<div id=\"gap-807445060\" class=\"gap-element clearfix hide-for-medium\" style=\"display:block; height:auto;\">\n\t\t\n<style>\n#gap-807445060 {\n  padding-top: 10px;\n}\n<\/style>\n\t<\/div>\n\t\n<a class=\"button success is-link\"  >\n    <span>c\u00e2u h\u1ecfi th\u01b0\u1eddng g\u1eb7p<\/span>\n  <i class=\"icon-angle-right\" aria-hidden=\"true\" ><\/i><\/a>\n\n\t\t<\/div>\n\t\t\t\t\n<style>\n#col-454169919 > .col-inner {\n  margin: 0px 0px -20px 0px;\n}\n<\/style>\n\t<\/div>\n\n\t\n\n\t<div id=\"col-629702291\" class=\"col medium-8 small-12 large-8\"  >\n\t\t\t\t<div class=\"col-inner\"  >\n\t\t\t\n\t\t\t\n<p><strong>1. Tu\u1ed5i v\u00e0 C\u00e2n N\u1eb7ng T\u1ed1i Thi\u1ec3u Cho Vi\u1ec7c S\u1eed D\u1ee5ng Thi\u1ebft B\u1ecb l\u00e0 Bao Nhi\u00eau?<\/strong><\/p>\n<p><strong>Tr\u1ea3 L\u1eddi:<\/strong> Thi\u1ebft b\u1ecb \u0111\u01b0\u1ee3c trang b\u1ecb \u0111\u1ec3 s\u1eed d\u1ee5ng cho ng\u01b0\u1eddi t\u1eeb 22 pounds (kho\u1ea3ng 10 kg) tr\u1edf l\u00ean b\u1eb1ng c\u00e1ch s\u1eed d\u1ee5ng m\u1eb7t n\u1ea1 d\u00e0nh cho tr\u1ebb em. Tuy nhi\u00ean, theo h\u01b0\u1edbng d\u1eabn \u0111\u1ec1 xu\u1ea5t c\u1ee7a nh\u00e0 s\u1ea3n xu\u1ea5t m\u1eb7t n\u1ea1, 22 pounds l\u00e0 tr\u1ecdng l\u01b0\u1ee3ng t\u1ed1i thi\u1ec3u \u0111\u1ec3 m\u1eb7t n\u1ea1 d\u00e0nh cho tr\u1ebb em v\u1eeba v\u1eb7n \u0111\u00fang c\u00e1ch. Ch\u00fang t\u00f4i \u0111\u00e3 c\u00f3 c\u00e1c ph\u1ea3n h\u1ed3i x\u00e1c minh cho th\u1ea5y thi\u1ebft b\u1ecb c\u1ee9u th\u01b0\u01a1ng n\u00e0y \u0111\u00e3 th\u00e0nh c\u00f4ng khi s\u1eed d\u1ee5ng d\u01b0\u1edbi tr\u1ecdng l\u01b0\u1ee3ng n\u00e0y, c\u1ee9u s\u1ed1ng tr\u1ebb em t\u1eeb 3 tu\u1ea7n \u0111\u1ebfn 13 tu\u1ed5i.<\/p>\n<p><strong>2. C\u1ea7n Ph\u1ea3i N\u1eb1m Xu\u1ed1ng Khi S\u1eed D\u1ee5ng Thi\u1ebft B\u1ecb Kh\u00f4ng?<\/strong><\/p>\n<p><strong>Tr\u1ea3 L\u1eddi:<\/strong> Thi\u1ebft b\u1ecb c\u00f3 th\u1ec3 \u0111\u01b0\u1ee3c s\u1eed d\u1ee5ng \u1edf b\u1ea5t k\u1ef3 t\u01b0 th\u1ebf n\u00e0o (ng\u1ed3i, \u0111\u1ee9ng, n\u1eb1m xu\u1ed1ng). Ch\u00fang t\u00f4i \u0111\u00e3 nh\u1eadn \u0111\u01b0\u1ee3c b\u00e1o c\u00e1o v\u1ec1 vi\u1ec7c s\u1eed d\u1ee5ng thi\u1ebft b\u1ecb c\u1ee9u th\u01b0\u01a1ng n\u00e0y tr\u00ean gh\u1ebf \u0103n cho tr\u1ebb, \u0111\u1eb7t tr\u1ebb xu\u1ed1ng s\u00e0n, v\u00e0 th\u1eadm ch\u00ed khi tr\u1ebb ng\u1ed3i tr\u00ean \u0111\u00f9i c\u1ee7a ng\u01b0\u1eddi d\u00f9ng.<\/p>\n<p><strong>3. Thi\u1ebft B\u1ecb C\u00f3 Th\u1ec3 S\u1eed D\u1ee5ng Nhi\u1ec1u L\u1ea7n Kh\u00f4ng? C\u00f3 Th\u1ec3 T\u00e1i S\u1eed D\u1ee5ng Kh\u00f4ng?<\/strong><\/p>\n<p><strong>Tr\u1ea3 L\u1eddi:<\/strong> Thi\u1ebft b\u1ecb ch\u1ec9 c\u00f3 th\u1ec3 s\u1eed d\u1ee5ng m\u1ed9t l\u1ea7n duy nh\u1ea5t \u0111\u1ec3 x\u1eed l\u00fd t\u00ecnh tr\u1ea1ng ngh\u1eb9n. N\u1ebfu thi\u1ebft b\u1ecb n\u00e0y \u0111\u00e3 \u0111\u01b0\u1ee3c s\u1eed d\u1ee5ng \u0111\u1ec3 c\u1ee9u s\u1ed1ng n\u1ea1n nh\u00e2n, n\u00f3 kh\u00f4ng n\u00ean \u0111\u01b0\u1ee3c s\u1eed d\u1ee5ng l\u1ea1i v\u00ec l\u00fd do v\u1ec7 sinh. B\u1ea1n c\u00f3 th\u1ec3 li\u00ean h\u1ec7 v\u1edbi ch\u00fang t\u00f4i \u0111\u1ec3 b\u00e1o c\u00e1o v\u00e0 ch\u00fang t\u00f4i s\u1ebd thay th\u1ebf \u0111\u01a1n v\u1ecb c\u1ee7a b\u1ea1n mi\u1ec5n ph\u00ed. C\u00e1c m\u1eb7t n\u1ea1 c\u00f3 th\u1ec3 s\u1eed d\u1ee5ng nhi\u1ec1u l\u1ea7n n\u1ebfu t\u00ecnh tr\u1ea1ng ngh\u1eb9n kh\u00f4ng \u0111\u01b0\u1ee3c gi\u1ea3i quy\u1ebft ngay t\u1eeb l\u1ea7n \u00e1p d\u1ee5ng \u0111\u1ea7u ti\u00ean. M\u1eb7t n\u1ea1 n\u00ean \u0111\u01b0\u1ee3c ki\u1ec3m tra v\u00e0 xem x\u00e9t vi\u1ec7c thay th\u1ebf m\u1ed7i 2-3 n\u0103m.<\/p>\n<p><strong>4. Thi\u1ebft B\u1ecb C\u00f3 H\u1ea1n S\u1eed D\u1ee5ng Kh\u00f4ng? C\u00f3 C\u1ea7n Thay Th\u1ebf M\u1ed7i Hai N\u0103m M\u1ed9t L\u1ea7n Kh\u00f4ng?<\/strong><\/p>\n<p><strong>Tr\u1ea3 L\u1eddi:<\/strong> Kh\u00f4ng, thi\u1ebft b\u1ecb s\u1ebd KH\u00d4NG c\u1ea7n ph\u1ea3i thay th\u1ebf tr\u1eeb khi \u0111\u01b0\u1ee3c s\u1eed d\u1ee5ng \u0111\u1ec3 c\u1ee9u s\u1ed1ng m\u1ed9t n\u1ea1n nh\u00e2n \u0111ang ngh\u1eb9n. Ch\u1ec9 c\u00f3 m\u1eb7t n\u1ea1 c\u1ea7n ph\u1ea3i \u0111\u01b0\u1ee3c thay th\u1ebf m\u1ed7i 2-3 n\u0103m. \u0110\u00f3 l\u00e0 th\u00f4ng tin c\u00f3 s\u1eb5n tr\u00ean bao b\u00ec ngo\u1ea1i vi c\u1ee7a m\u1eb7t n\u1ea1, ch\u1ec9 \u0111\u1ecbnh ng\u00e0y h\u1ebft h\u1ea1n.<\/p>\n<p><strong>5. Thi\u1ebft B\u1ecb C\u00f3 Th\u1ec3 T\u1ef1 S\u1eed D\u1ee5ng Trong T\u00ecnh Hu\u1ed1ng Kh\u1ea9n C\u1ea5p Kh\u00f4ng?<\/strong><\/p>\n<p><strong>Tr\u1ea3 L\u1eddi:<\/strong> C\u00f3, thi\u1ebft b\u1ecb \u0111\u01b0\u1ee3c thi\u1ebft k\u1ebf \u0111\u1ec3 d\u1ec5 s\u1eed d\u1ee5ng. \u0110\u01a1n gi\u1ea3n \u0111\u1ebfn m\u1ee9c n\u1ebfu b\u1ea1n s\u1ed1ng m\u1ed9t m\u00ecnh, b\u1ea1n c\u00f3 th\u1ec3 t\u1ef1 s\u1eed d\u1ee5ng thi\u1ebft b\u1ecb trong t\u00ecnh hu\u1ed1ng ngh\u1eb9n c\u1ed5. \u0110\u1ec3 bi\u1ebft th\u00eam th\u00f4ng tin, b\u1ea1n c\u00f3 th\u1ec3 xem video h\u01b0\u1edbng d\u1eabn c\u00e1ch s\u1eed d\u1ee5ng d\u01b0\u1edbi \u0111\u00e2y.<\/p>\n\t\t<\/div>\n\t\t\t\t\t<\/div>\n\n\t\n<\/div>\n\t\t<\/div>\n\n\t\t\n<style>\n#section_1405476251 {\n  padding-top: 30px;\n  padding-bottom: 30px;\n}\n<\/style>\n\t<\/section>\n\t\n","protected":false},"excerpt":{"rendered":"","protected":false},"author":1,"featured_media":0,"parent":0,"menu_order":0,"comment_status":"closed","ping_status":"closed","template":"","meta":{"om_disable_all_campaigns":false,"_monsterinsights_skip_tracking":false,"_monsterinsights_sitenote_active":false,"_monsterinsights_sitenote_note":"","_monsterinsights_sitenote_category":0,"_uf_show_specific_survey":0,"_uf_disable_surveys":false,"footnotes":""},"class_list":["post-72","page","type-page","status-publish","hentry"],"aioseo_notices":[],"jetpack_sharing_enabled":true,"_links":{"self":[{"href":"https:\/\/lavendiera.com\/index.php\/wp-json\/wp\/v2\/pages\/72","targetHints":{"allow":["GET"]}}],"collection":[{"href":"https:\/\/lavendiera.com\/index.php\/wp-json\/wp\/v2\/pages"}],"about":[{"href":"https:\/\/lavendiera.com\/index.php\/wp-json\/wp\/v2\/types\/page"}],"author":[{"embeddable":true,"href":"https:\/\/lavendiera.com\/index.php\/wp-json\/wp\/v2\/users\/1"}],"replies":[{"embeddable":true,"href":"https:\/\/lavendiera.com\/index.php\/wp-json\/wp\/v2\/comments?post=72"}],"version-history":[{"count":8,"href":"https:\/\/lavendiera.com\/index.php\/wp-json\/wp\/v2\/pages\/72\/revisions"}],"predecessor-version":[{"id":1431,"href":"https:\/\/lavendiera.com\/index.php\/wp-json\/wp\/v2\/pages\/72\/revisions\/1431"}],"wp:attachment":[{"href":"https:\/\/lavendiera.com\/index.php\/wp-json\/wp\/v2\/media?parent=72"}],"curies":[{"name":"wp","href":"https:\/\/api.w.org\/{rel}","templated":true}]}}