{"id":75,"date":"2023-11-28T09:21:11","date_gmt":"2023-11-28T09:21:11","guid":{"rendered":"https:\/\/lavendiera.com\/?page_id=75"},"modified":"2024-01-13T06:03:04","modified_gmt":"2024-01-13T06:03:04","slug":"payment-methods","status":"publish","type":"page","link":"https:\/\/lavendiera.com\/index.php\/payment-methods\/","title":{"rendered":"Ph\u01b0\u01a1ng Th\u1ee9c Thanh To\u00e1n"},"content":{"rendered":"\t<section class=\"section\" id=\"section_942553778\">\n\t\t<div class=\"bg section-bg fill bg-fill  bg-loaded\" >\n\n\t\t\t\n\t\t\t\n\t\t\t\n\n\t\t<\/div>\n\n\t\t\n\n\t\t<div class=\"section-content relative\">\n\t\t\t\n<div class=\"row\"  id=\"row-1925339891\">\n\n\t<div id=\"col-2021070913\" class=\"col medium-4 small-12 large-3\"  >\n\t\t\t\t<div class=\"col-inner\"  >\n\t\t\t\n\t\t\t\n\t<div id=\"gap-375896098\" class=\"gap-element clearfix hide-for-medium\" style=\"display:block; height:auto;\">\n\t\t\n<style>\n#gap-375896098 {\n  padding-top: 10px;\n}\n<\/style>\n\t<\/div>\n\t\n<a class=\"button success is-link\"  >\n    <span>ph\u01b0\u01a1ng th\u1ee9c thanh to\u00e1n<\/span>\n  <i class=\"icon-angle-right\" aria-hidden=\"true\" ><\/i><\/a>\n\n\t\t<\/div>\n\t\t\t\t\n<style>\n#col-2021070913 > .col-inner {\n  margin: 0px 0px -20px 0px;\n}\n<\/style>\n\t<\/div>\n\n\t\n\n\t<div id=\"col-1425845132\" class=\"col medium-8 small-12 large-8\"  >\n\t\t\t\t<div class=\"col-inner\"  >\n\t\t\t\n\t\t\t\n<div class=\"flex-1 overflow-hidden\">\n<div class=\"react-scroll-to-bottom--css-puksl-79elbk h-full\">\n<div class=\"react-scroll-to-bottom--css-puksl-1n7m0yu\">\n<div class=\"flex flex-col pb-9 text-sm\">\n<div class=\"w-full text-token-text-primary\" data-testid=\"conversation-turn-13\">\n<div class=\"px-4 py-2 justify-center text-base md:gap-6 m-auto\">\n<div class=\"flex flex-1 text-base mx-auto gap-3 md:px-5 lg:px-1 xl:px-5 md:max-w-3xl lg:max-w-&#091;40rem&#093; xl:max-w-&#091;48rem&#093; group final-completion\">\n<div class=\"relative flex w-full flex-col lg:w-&#091;calc(100%-115px)&#093; agent-turn\">\n<div class=\"flex-col gap-1 md:gap-3\">\n<div class=\"flex flex-grow flex-col max-w-full\">\n<div class=\"min-h-&#091;20px&#093; text-message flex flex-col items-start gap-3 whitespace-pre-wrap break-words &#091;.text-message+&amp;&#093;:mt-5 overflow-x-auto\" data-message-author-role=\"assistant\" data-message-id=\"34bab9d3-024e-48af-a0bf-6565a8722a38\">\n<div class=\"markdown prose w-full break-words dark:prose-invert light\">\n<p><strong>2 H\u00ccNH TH\u1ee8C THANH TO\u00c1N CH\u00cdNH<\/strong><\/p>\n<p>T\u1ea1i trang web c\u1ee7a ch\u00fang t\u00f4i, ch\u00fang t\u00f4i hi\u1ec3u r\u1eb1ng s\u1ef1 \u0111a d\u1ea1ng trong ph\u01b0\u01a1ng th\u1ee9c thanh to\u00e1n l\u00e0 quan tr\u1ecdng \u0111\u1ec3 \u0111\u00e1p \u1ee9ng nhu c\u1ea7u \u0111a d\u1ea1ng c\u1ee7a kh\u00e1ch h\u00e0ng. V\u1edbi \u0111\u00f3ng g\u00f3p t\u00edch c\u1ef1c t\u1eeb ph\u1ea3n h\u1ed3i c\u1ee7a ng\u01b0\u1eddi d\u00f9ng, ch\u00fang t\u00f4i h\u00e2n h\u1ea1nh gi\u1edbi thi\u1ec7u hai ph\u01b0\u01a1ng th\u1ee9c thanh to\u00e1n linh ho\u1ea1t: thanh to\u00e1n khi nh\u1eadn h\u00e0ng v\u00e0 chuy\u1ec3n kho\u1ea3n ng\u00e2n h\u00e0ng.<\/p>\n<p><strong>1. Thanh To\u00e1n Khi Nh\u1eadn H\u00e0ng:<\/strong><\/p>\n<p>Ph\u01b0\u01a1ng th\u1ee9c thanh to\u00e1n khi nh\u1eadn h\u00e0ng l\u00e0 m\u1ed9t s\u1ef1 l\u1ef1a ch\u1ecdn thu\u1eadn ti\u1ec7n v\u00e0 an to\u00e0n cho nh\u1eefng ng\u01b0\u1eddi mu\u1ed1n ki\u1ec3m tra s\u1ea3n ph\u1ea9m tr\u01b0\u1edbc khi th\u1ef1c hi\u1ec7n thanh to\u00e1n. Khi b\u1ea1n ch\u1ecdn ph\u01b0\u01a1ng th\u1ee9c n\u00e0y, b\u1ea1n s\u1ebd thanh to\u00e1n cho \u0111\u01a1n h\u00e0ng c\u1ee7a m\u00ecnh khi nh\u1eadn \u0111\u01b0\u1ee3c s\u1ea3n ph\u1ea9m t\u1ea1i \u0111\u1ecba ch\u1ec9 giao h\u00e0ng \u0111\u00e3 cung c\u1ea5p. Qu\u00fd kh\u00e1ch ch\u1ec9 c\u1ea7n chu\u1ea9n b\u1ecb s\u1ed1 ti\u1ec1n ch\u00ednh x\u00e1c \u0111\u1ec3 \u0111\u01a1n h\u00e0ng s\u1ebd \u0111\u01b0\u1ee3c giao tr\u1ef1c ti\u1ebfp \u0111\u1ebfn tay b\u1ea1n m\u1ed9t c\u00e1ch thu\u1eadn ti\u1ec7n.<\/p>\n<p><strong>2. Chuy\u1ec3n Kho\u1ea3n Ng\u00e2n H\u00e0ng:<\/strong><\/p>\n<p>Ch\u00fang t\u00f4i c\u0169ng cung c\u1ea5p ph\u01b0\u01a1ng th\u1ee9c thanh to\u00e1n th\u00f4ng qua chuy\u1ec3n kho\u1ea3n ng\u00e2n h\u00e0ng, gi\u00fap qu\u00fd kh\u00e1ch c\u00f3 th\u00eam s\u1ef1 linh ho\u1ea1t trong qu\u00e1 tr\u00ecnh thanh to\u00e1n. Sau khi \u0111\u1eb7t h\u00e0ng, th\u00f4ng tin t\u00e0i kho\u1ea3n ng\u00e2n h\u00e0ng c\u1ee7a ch\u00fang t\u00f4i s\u1ebd \u0111\u01b0\u1ee3c cung c\u1ea5p v\u00e0 qu\u00fd kh\u00e1ch c\u00f3 th\u1ec3 th\u1ef1c hi\u1ec7n chuy\u1ec3n kho\u1ea3n t\u1eeb t\u00e0i kho\u1ea3n c\u1ee7a m\u00ecnh. \u0110\u1ec3 \u0111\u1ea3m b\u1ea3o r\u1eb1ng thanh to\u00e1n \u0111\u01b0\u1ee3c x\u00e1c nh\u1eadn nhanh ch\u00f3ng, vui l\u00f2ng cung c\u1ea5p ch\u00ednh x\u00e1c th\u00f4ng tin giao d\u1ecbch khi th\u1ef1c hi\u1ec7n chuy\u1ec3n kho\u1ea3n.<\/p>\n<p><strong>L\u1ee3i \u00cdch c\u1ee7a C\u1ea3 Hai Ph\u01b0\u01a1ng Th\u1ee9c:<\/strong><\/p>\n<ul>\n<li>\n<p><em>T\u00ednh Linh Ho\u1ea1t:<\/em> Kh\u00e1ch h\u00e0ng c\u00f3 th\u1ec3 l\u1ef1a ch\u1ecdn ph\u01b0\u01a1ng th\u1ee9c thanh to\u00e1n ph\u00f9 h\u1ee3p v\u1edbi nhu c\u1ea7u v\u00e0 thu\u1eadn l\u1ee3i c\u1ee7a m\u00ecnh.<\/p>\n<\/li>\n<li>\n<p><em>An To\u00e0n v\u00e0 Ti\u1ec7n L\u1ee3i:<\/em> C\u1ea3 hai ph\u01b0\u01a1ng th\u1ee9c thanh to\u00e1n \u0111\u1ec1u \u0111\u01b0\u1ee3c thi\u1ebft k\u1ebf \u0111\u1ec3 \u0111\u1ea3m b\u1ea3o an to\u00e0n v\u00e0 ti\u1ec7n l\u1ee3i cho kh\u00e1ch h\u00e0ng, gi\u00fap h\u1ecd c\u1ea3m th\u1ea5y y\u00ean t\u00e2m khi mua s\u1eafm tr\u1ef1c tuy\u1ebfn.<\/p>\n<\/li>\n<li>\n<p><em>\u0110\u1eb7c Quy\u1ec1n Cho Kh\u00e1ch H\u00e0ng:<\/em> S\u1ef1 \u0111a d\u1ea1ng trong ph\u01b0\u01a1ng th\u1ee9c thanh to\u00e1n l\u00e0 m\u1ed9t c\u00e1ch \u0111\u1ec3 ch\u00fang t\u00f4i th\u1ec3 hi\u1ec7n t\u00f4n tr\u1ecdng v\u00e0 \u0111\u00e1p \u1ee9ng \u0111\u00fang mong \u0111\u1ee3i c\u1ee7a kh\u00e1ch h\u00e0ng.<\/p>\n<\/li>\n<\/ul>\n<p>Ch\u00fang t\u00f4i cam k\u1ebft mang \u0111\u1ebfn tr\u1ea3i nghi\u1ec7m mua s\u1eafm tho\u1ea3i m\u00e1i v\u00e0 an t\u00e2m nh\u1ea5t cho kh\u00e1ch h\u00e0ng c\u1ee7a m\u00ecnh. B\u1eb1ng c\u00e1ch cung c\u1ea5p c\u00e1c ph\u01b0\u01a1ng th\u1ee9c thanh to\u00e1n linh ho\u1ea1t, ch\u00fang t\u00f4i hy v\u1ecdng r\u1eb1ng qu\u00fd kh\u00e1ch s\u1ebd c\u00f3 tr\u1ea3i nghi\u1ec7m mua s\u1eafm tr\u1ef1c tuy\u1ebfn v\u1edbi s\u1ef1 thu\u1eadn ti\u1ec7n v\u00e0 an to\u00e0n tuy\u1ec7t v\u1eddi. C\u1ea3m \u01a1n qu\u00fd kh\u00e1ch \u0111\u00e3 tin t\u01b0\u1edfng v\u00e0 l\u1ef1a ch\u1ecdn s\u1ea3n ph\u1ea9m c\u1ee7a ch\u00fang t\u00f4i!<\/p>\n<\/div>\n<\/div>\n<\/div>\n<div class=\"mt-1 flex justify-start gap-3 empty:hidden\">\n<div class=\"text-gray-400 flex self-end lg:self-center justify-center lg:justify-start mt-0 -ml-1 visible\"><button class=\"flex items-center gap-1.5 rounded-md p-1 text-xs hover:text-gray-950 dark:text-gray-400 dark:hover:text-gray-200 disabled:dark:hover:text-gray-400 md:invisible md:group-hover:visible md:group-&#091;.final-completion&#093;:visible\"><\/button><\/p>\n<div class=\"flex\">\u00a0<\/div>\n<div class=\"flex items-center gap-1.5 text-xs\">\u00a0<\/div>\n<\/div>\n<\/div>\n<\/div>\n<div class=\"absolute\">\n<div class=\"flex w-full gap-2 items-center justify-center\">\u00a0<\/div>\n<\/div>\n<\/div>\n<\/div>\n<\/div>\n<\/div>\n<\/div>\n<\/div>\n<\/div>\n<\/div>\n<div class=\"w-full pt-2 md:pt-0 dark:border-white\/20 md:border-transparent md:dark:border-transparent md:w-&#091;calc(100%-.5rem)&#093;\">\n<form class=\"stretch mx-2 flex flex-row gap-3 last:mb-2 md:mx-4 md:last:mb-6 lg:mx-auto lg:max-w-2xl xl:max-w-3xl\">\n<div class=\"relative flex h-full flex-1 items-stretch md:flex-col\">\n<div class=\"flex w-full items-center\">\u00a0<\/div>\n<\/div>\n<\/form>\n<\/div>\n\t\t<\/div>\n\t\t\t\t\t<\/div>\n\n\t\n<\/div>\n\t\t<\/div>\n\n\t\t\n<style>\n#section_942553778 {\n  padding-top: 30px;\n  padding-bottom: 30px;\n}\n<\/style>\n\t<\/section>\n\t\n","protected":false},"excerpt":{"rendered":"","protected":false},"author":1,"featured_media":0,"parent":0,"menu_order":0,"comment_status":"closed","ping_status":"closed","template":"","meta":{"om_disable_all_campaigns":false,"_monsterinsights_skip_tracking":false,"_monsterinsights_sitenote_active":false,"_monsterinsights_sitenote_note":"","_monsterinsights_sitenote_category":0,"_uf_show_specific_survey":0,"_uf_disable_surveys":false,"footnotes":""},"class_list":["post-75","page","type-page","status-publish","hentry"],"aioseo_notices":[],"jetpack_sharing_enabled":true,"_links":{"self":[{"href":"https:\/\/lavendiera.com\/index.php\/wp-json\/wp\/v2\/pages\/75","targetHints":{"allow":["GET"]}}],"collection":[{"href":"https:\/\/lavendiera.com\/index.php\/wp-json\/wp\/v2\/pages"}],"about":[{"href":"https:\/\/lavendiera.com\/index.php\/wp-json\/wp\/v2\/types\/page"}],"author":[{"embeddable":true,"href":"https:\/\/lavendiera.com\/index.php\/wp-json\/wp\/v2\/users\/1"}],"replies":[{"embeddable":true,"href":"https:\/\/lavendiera.com\/index.php\/wp-json\/wp\/v2\/comments?post=75"}],"version-history":[{"count":4,"href":"https:\/\/lavendiera.com\/index.php\/wp-json\/wp\/v2\/pages\/75\/revisions"}],"predecessor-version":[{"id":1428,"href":"https:\/\/lavendiera.com\/index.php\/wp-json\/wp\/v2\/pages\/75\/revisions\/1428"}],"wp:attachment":[{"href":"https:\/\/lavendiera.com\/index.php\/wp-json\/wp\/v2\/media?parent=75"}],"curies":[{"name":"wp","href":"https:\/\/api.w.org\/{rel}","templated":true}]}}