{"id":77,"date":"2023-11-28T09:22:00","date_gmt":"2023-11-28T09:22:00","guid":{"rendered":"https:\/\/lavendiera.com\/?page_id=77"},"modified":"2024-01-13T05:48:08","modified_gmt":"2024-01-13T05:48:08","slug":"privacy-policy-2","status":"publish","type":"page","link":"https:\/\/lavendiera.com\/index.php\/privacy-policy-2\/","title":{"rendered":"Privacy Policy"},"content":{"rendered":"\t<section class=\"section\" id=\"section_1107907698\">\n\t\t<div class=\"bg section-bg fill bg-fill  bg-loaded\" >\n\n\t\t\t\n\t\t\t\n\t\t\t\n\n\t\t<\/div>\n\n\t\t\n\n\t\t<div class=\"section-content relative\">\n\t\t\t\n<div class=\"row\"  id=\"row-535353894\">\n\n\t<div id=\"col-2019814195\" class=\"col medium-2 small-12 large-2\"  >\n\t\t\t\t<div class=\"col-inner\"  >\n\t\t\t\n\t\t\t\n\t<div id=\"gap-1321204458\" class=\"gap-element clearfix hide-for-medium\" style=\"display:block; height:auto;\">\n\t\t\n<style>\n#gap-1321204458 {\n  padding-top: 10px;\n}\n<\/style>\n\t<\/div>\n\t\n<a class=\"button success is-link\"  >\n    <span>Ch\u00ednh S\u00e1ch B\u1ea3o M\u1eadt<\/span>\n  <i class=\"icon-angle-right\" aria-hidden=\"true\" ><\/i><\/a>\n\n\t\t<\/div>\n\t\t\t\t\n<style>\n#col-2019814195 > .col-inner {\n  margin: 0px 0px -20px 0px;\n}\n<\/style>\n\t<\/div>\n\n\t\n\n\t<div id=\"col-632470583\" class=\"col medium-10 small-12 large-9\"  >\n\t\t\t\t<div class=\"col-inner\"  >\n\t\t\t\n\t\t\t\n<p><strong>Ch\u00ednh S\u00e1ch B\u1ea3o M\u1eadt<\/strong><\/p>\n<p>Ch\u00e0o m\u1eebng b\u1ea1n \u0111\u1ebfn v\u1edbi trang web c\u1ee7a ch\u00fang t\u00f4i, n\u01a1i ch\u00fang t\u00f4i cam k\u1ebft b\u1ea3o v\u1ec7 th\u00f4ng tin c\u00e1 nh\u00e2n c\u1ee7a b\u1ea1n m\u1ed9t c\u00e1ch t\u1ed1t nh\u1ea5t. D\u01b0\u1edbi \u0111\u00e2y l\u00e0 m\u1ed9t t\u1ed5ng quan v\u1ec1 Ch\u00ednh S\u00e1ch B\u1ea3o M\u1eadt c\u1ee7a ch\u00fang t\u00f4i, \u0111\u1eb7c bi\u1ec7t ch\u00fa tr\u1ecdng v\u00e0o vi\u1ec7c b\u1ea3o v\u1ec7 c\u1ea3 ng\u01b0\u1eddi l\u1edbn v\u00e0 tr\u1ebb em khi s\u1eed d\u1ee5ng thi\u1ebft b\u1ecb h\u00fat \u0111\u1ed3 \u0103n d\u1ecb v\u1eadt \u0111\u01b0\u1eddng th\u1edf.<\/p>\n<p><strong>1. Thu Th\u1eadp Th\u00f4ng Tin C\u00e1 Nh\u00e2n:<\/strong><\/p>\n<p>Ch\u00fang t\u00f4i ch\u1ec9 thu th\u1eadp th\u00f4ng tin c\u00e1 nh\u00e2n c\u1ea7n thi\u1ebft \u0111\u1ec3 x\u1eed l\u00fd \u0111\u01a1n h\u00e0ng v\u00e0 cung c\u1ea5p d\u1ecbch v\u1ee5 ch\u0103m s\u00f3c kh\u00e1ch h\u00e0ng. Th\u00f4ng tin n\u00e0y bao g\u1ed3m t\u00ean, \u0111\u1ecba ch\u1ec9, s\u1ed1 \u0111i\u1ec7n tho\u1ea1i v\u00e0 \u0111\u1ecba ch\u1ec9 email. \u0110\u1ed1i v\u1edbi tr\u1ebb em d\u01b0\u1edbi 13 tu\u1ed5i, ch\u00fang t\u00f4i y\u00eau c\u1ea7u s\u1ef1 \u0111\u1ed3ng thu\u1eadn c\u1ee7a ph\u1ee5 huynh ho\u1eb7c ng\u01b0\u1eddi gi\u00e1m h\u1ed9 tr\u01b0\u1edbc khi thu th\u1eadp b\u1ea5t k\u1ef3 th\u00f4ng tin n\u00e0o.<\/p>\n<p><strong>2. B\u1ea3o M\u1eadt Th\u00f4ng Tin:<\/strong><\/p>\n<p>Ch\u00fang t\u00f4i cam k\u1ebft b\u1ea3o m\u1eadt th\u00f4ng tin c\u00e1 nh\u00e2n c\u1ee7a b\u1ea1n. T\u1ea5t c\u1ea3 th\u00f4ng tin \u0111\u01b0\u1ee3c chuy\u1ec3n qua trang web c\u1ee7a ch\u00fang t\u00f4i \u0111\u01b0\u1ee3c m\u00e3 h\u00f3a \u0111\u1ec3 \u0111\u1ea3m b\u1ea3o an to\u00e0n tuy\u1ec7t \u0111\u1ed1i. Ch\u00fang t\u00f4i s\u1eed d\u1ee5ng c\u00e1c bi\u1ec7n ph\u00e1p b\u1ea3o m\u1eadt c\u00f4ng ngh\u1ec7 cao \u0111\u1ec3 ng\u0103n ch\u1eb7n truy c\u1eadp tr\u00e1i ph\u00e9p v\u00e0 l\u1ea1m d\u1ee5ng th\u00f4ng tin c\u00e1 nh\u00e2n.<\/p>\n<p><strong>3. S\u1eed D\u1ee5ng Cookie:<\/strong><\/p>\n<p>Ch\u00fang t\u00f4i s\u1eed d\u1ee5ng cookie \u0111\u1ec3 cung c\u1ea5p tr\u1ea3i nghi\u1ec7m mua s\u1eafm tr\u1ef1c tuy\u1ebfn t\u1ed1t nh\u1ea5t. Cookie l\u00e0 c\u00e1c t\u1eadp tin nh\u1ecf \u0111\u01b0\u1ee3c l\u01b0u tr\u1eef tr\u00ean thi\u1ebft b\u1ecb c\u1ee7a b\u1ea1n gi\u00fap ch\u00fang t\u00f4i nh\u1eadn di\u1ec7n v\u00e0 theo d\u00f5i c\u00e1c ho\u1ea1t \u0111\u1ed9ng c\u1ee7a b\u1ea1n. B\u1ea1n c\u00f3 th\u1ec3 t\u00f9y ch\u1ec9nh c\u00e0i \u0111\u1eb7t cookie trong tr\u00ecnh duy\u1ec7t c\u1ee7a m\u00ecnh.<\/p>\n<p><strong>4. An To\u00e0n Cho Tr\u1ebb Em:<\/strong><\/p>\n<p>Ch\u00fang t\u00f4i kh\u00f4ng c\u00f3 \u00fd \u0111\u1ecbnh thu th\u1eadp b\u1ea5t k\u1ef3 th\u00f4ng tin n\u00e0o v\u1ec1 tr\u1ebb em d\u01b0\u1edbi 13 tu\u1ed5i m\u00e0 kh\u00f4ng c\u00f3 s\u1ef1 \u0111\u1ed3ng thu\u1eadn c\u1ee7a ph\u1ee5 huynh ho\u1eb7c ng\u01b0\u1eddi gi\u00e1m h\u1ed9. Ch\u00fang t\u00f4i khuy\u1ebfn kh\u00edch ph\u1ee5 huynh th\u01b0\u1eddng xuy\u00ean theo d\u00f5i v\u00e0 gi\u00e1o d\u1ee5c tr\u1ebb em v\u1ec1 an to\u00e0n tr\u1ef1c tuy\u1ebfn.<\/p>\n<p><strong>5. Ch\u00ednh S\u00e1ch Qu\u1ea3ng C\u00e1o v\u00e0 Li\u00ean K\u1ebft:<\/strong><\/p>\n<p>Trang web c\u1ee7a ch\u00fang t\u00f4i c\u00f3 th\u1ec3 ch\u1ee9a qu\u1ea3ng c\u00e1o v\u00e0 li\u00ean k\u1ebft \u0111\u1ebfn c\u00e1c trang web kh\u00e1c. Ch\u00fang t\u00f4i kh\u00f4ng ch\u1ecbu tr\u00e1ch nhi\u1ec7m v\u1ec1 n\u1ed9i dung ho\u1eb7c ch\u00ednh s\u00e1ch b\u1ea3o m\u1eadt c\u1ee7a c\u00e1c trang web b\u00ean ngo\u00e0i m\u00e0 ch\u00fang t\u00f4i li\u00ean k\u1ebft \u0111\u1ebfn.<\/p>\n<p><strong>6. Ch\u00ednh S\u00e1ch Thay \u0110\u1ed5i v\u00e0 Th\u00f4ng B\u00e1o:<\/strong><\/p>\n<p>Ch\u00fang t\u00f4i c\u00f3 th\u1ec3 thay \u0111\u1ed5i Ch\u00ednh S\u00e1ch B\u1ea3o M\u1eadt n\u00e0y t\u1eeb th\u1eddi \u0111i\u1ec3m n\u00e0y sang th\u1eddi \u0111i\u1ec3m kh\u00e1c \u0111\u1ec3 ph\u1ea3n \u00e1nh c\u00e1c thay \u0111\u1ed5i trong d\u1ecbch v\u1ee5 c\u1ee7a ch\u00fang t\u00f4i ho\u1eb7c theo y\u00eau c\u1ea7u ph\u00e1p l\u00fd. B\u1ea5t k\u1ef3 thay \u0111\u1ed5i n\u00e0o s\u1ebd \u0111\u01b0\u1ee3c th\u00f4ng b\u00e1o r\u00f5 r\u00e0ng tr\u00ean trang web c\u1ee7a ch\u00fang t\u00f4i.<\/p>\n<p><strong>7. Li\u00ean H\u1ec7 v\u00e0 H\u1ed7 Tr\u1ee3:<\/strong><\/p>\n<p>N\u1ebfu b\u1ea1n c\u00f3 b\u1ea5t k\u1ef3 c\u00e2u h\u1ecfi ho\u1eb7c lo ng\u1ea1i n\u00e0o v\u1ec1 Ch\u00ednh S\u00e1ch B\u1ea3o M\u1eadt c\u1ee7a ch\u00fang t\u00f4i, vui l\u00f2ng li\u00ean h\u1ec7 v\u1edbi ch\u00fang t\u00f4i qua c\u00e1c th\u00f4ng tin li\u00ean l\u1ea1c \u0111\u01b0\u1ee3c cung c\u1ea5p tr\u00ean trang web. Ch\u00fang t\u00f4i lu\u00f4n s\u1eb5n s\u00e0ng h\u1ed7 tr\u1ee3 b\u1ea1n.<\/p>\n<p>Ch\u00fang t\u00f4i cam k\u1ebft b\u1ea3o v\u1ec7 th\u00f4ng tin c\u00e1 nh\u00e2n c\u1ee7a b\u1ea1n v\u00e0 \u0111\u1ea3m b\u1ea3o r\u1eb1ng tr\u1ea3i nghi\u1ec7m mua s\u1eafm c\u1ee7a b\u1ea1n tr\u00ean trang web c\u1ee7a ch\u00fang t\u00f4i l\u00e0 an to\u00e0n v\u00e0 b\u1ea3o m\u1eadt. C\u1ea3m \u01a1n b\u1ea1n \u0111\u00e3 tin t\u01b0\u1edfng v\u00e0 l\u1ef1a ch\u1ecdn s\u1ea3n ph\u1ea9m c\u1ee7a ch\u00fang t\u00f4i!<\/p>\n\t\t<\/div>\n\t\t\t\t\t<\/div>\n\n\t\n<\/div>\n\t\t<\/div>\n\n\t\t\n<style>\n#section_1107907698 {\n  padding-top: 30px;\n  padding-bottom: 30px;\n}\n<\/style>\n\t<\/section>\n\t\n","protected":false},"excerpt":{"rendered":"","protected":false},"author":1,"featured_media":0,"parent":0,"menu_order":0,"comment_status":"closed","ping_status":"closed","template":"","meta":{"om_disable_all_campaigns":false,"_monsterinsights_skip_tracking":false,"_monsterinsights_sitenote_active":false,"_monsterinsights_sitenote_note":"","_monsterinsights_sitenote_category":0,"_uf_show_specific_survey":0,"_uf_disable_surveys":false,"footnotes":""},"class_list":["post-77","page","type-page","status-publish","hentry"],"aioseo_notices":[],"jetpack_sharing_enabled":true,"_links":{"self":[{"href":"https:\/\/lavendiera.com\/index.php\/wp-json\/wp\/v2\/pages\/77","targetHints":{"allow":["GET"]}}],"collection":[{"href":"https:\/\/lavendiera.com\/index.php\/wp-json\/wp\/v2\/pages"}],"about":[{"href":"https:\/\/lavendiera.com\/index.php\/wp-json\/wp\/v2\/types\/page"}],"author":[{"embeddable":true,"href":"https:\/\/lavendiera.com\/index.php\/wp-json\/wp\/v2\/users\/1"}],"replies":[{"embeddable":true,"href":"https:\/\/lavendiera.com\/index.php\/wp-json\/wp\/v2\/comments?post=77"}],"version-history":[{"count":12,"href":"https:\/\/lavendiera.com\/index.php\/wp-json\/wp\/v2\/pages\/77\/revisions"}],"predecessor-version":[{"id":1422,"href":"https:\/\/lavendiera.com\/index.php\/wp-json\/wp\/v2\/pages\/77\/revisions\/1422"}],"wp:attachment":[{"href":"https:\/\/lavendiera.com\/index.php\/wp-json\/wp\/v2\/media?parent=77"}],"curies":[{"name":"wp","href":"https:\/\/api.w.org\/{rel}","templated":true}]}}