{"id":794,"date":"2023-12-26T07:02:56","date_gmt":"2023-12-26T07:02:56","guid":{"rendered":"https:\/\/lavendiera.com\/?page_id=794"},"modified":"2024-12-28T06:26:28","modified_gmt":"2024-12-28T06:26:28","slug":"home1","status":"publish","type":"page","link":"https:\/\/lavendiera.com\/index.php\/home1\/","title":{"rendered":"Home1"},"content":{"rendered":"<h4 style=\"text-align: center;\"><em><strong><span style=\"font-size: 90%;\">M\u1ed9t em b\u00e9 l\u1ee1 may b\u1ecb ngh\u1eb9n h\u00f3c d\u1ecb v\u1eadt<\/span><\/strong><\/em><\/h4>\n<div class=\"video video-fit mb\" style=\"padding-top:50%;\"><p><iframe loading=\"lazy\" title=\"ng\u01b0\u1eddi m\u1eb9 \u0111\u00e3 b\u0129nh t\u0129nh c\u1ee9u con kh\u1ecfi ngh\u1eb9n h\u00f3c \u0111\u1ed3 \u0103n d\u1ecb v\u1eadt\" width=\"1020\" height=\"574\" src=\"https:\/\/www.youtube.com\/embed\/p6DIPjJaKiM?feature=oembed\" frameborder=\"0\" allow=\"accelerometer; autoplay; clipboard-write; encrypted-media; gyroscope; picture-in-picture; web-share\" allowfullscreen><\/iframe><\/p>\n<\/div>\n<h4 style=\"text-align: center;\"><em><strong><span style=\"font-size: 90%; color: #282828;\">M\u1ed9t ch\u00fa l\u1edbn tu\u1ed5i \u0111ang \u0103n m\u1ed9t m\u00ecnh th\u00ec l\u1ee1 ngh\u1eb9n \u0111\u1ed3 \u0103n<\/span><\/strong><\/em><\/h4>\n<div class=\"video video-fit mb\" style=\"padding-top:50%;\"><p><iframe loading=\"lazy\" title=\"M\u1ed9t ch\u00fa ng\u01b0\u1eddi l\u1edbn tu\u1ed5i \u0111ang \u0103n m\u1ed9t m\u00ecnh th\u00ec l\u1ee1 b\u1ecb ngh\u1eb9n \u0111\u1ed3 \u0103n\" width=\"1020\" height=\"574\" src=\"https:\/\/www.youtube.com\/embed\/xFJbCCL0SE4?feature=oembed\" frameborder=\"0\" allow=\"accelerometer; autoplay; clipboard-write; encrypted-media; gyroscope; picture-in-picture; web-share\" allowfullscreen><\/iframe><\/p>\n<\/div>\n<h4 style=\"text-align: center;\"><em><strong><span style=\"font-size: 90%; color: #282828;\">\u0110ang \u0111i \u00f4 t\u00f4 l\u1ee1 may con nh\u1ecf b\u1ecb h\u00f3c d\u1ecb v\u1eadt<\/span><\/strong><\/em><\/h4>\n<div class=\"video video-fit mb\" style=\"padding-top:50%;\"><p><iframe loading=\"lazy\" title=\"\u0110ang \u0111i \u00f4 t\u00f4 th\u00ec con l\u1ee1 may b\u1ecb h\u00f3c d\u1ecb v\u1eadt\" width=\"1020\" height=\"574\" src=\"https:\/\/www.youtube.com\/embed\/KS1v-CRCFUw?feature=oembed\" frameborder=\"0\" allow=\"accelerometer; autoplay; clipboard-write; encrypted-media; gyroscope; picture-in-picture; web-share\" allowfullscreen><\/iframe><\/p>\n<\/div>\n<h4 style=\"text-align: center;\"><em><strong><span style=\"font-size: 100%; color: #282828;\"><span style=\"font-size: 90%;\">Tr\u00ean chuy\u1ebfn bay m\u1ed9t em b\u00e9 l\u1ee1 may b\u1ecb ngh\u1eb9n h\u00f3c<\/span> <\/span><\/strong><\/em><\/h4>\n<div class=\"video video-fit mb\" style=\"padding-top:50%;\"><p><iframe loading=\"lazy\" title=\"M\u1ed9t b\u00e9 g\u00e1i tr\u00ean l\u1ee1 may b\u1ecb ngh\u1eb9n \u0111\u1ed3 \u0103n v\u00e0 \u0111\u00e3 \u0111\u01b0\u1ee3c m\u1ed9t ng\u01b0\u1eddi l\u1ea1 c\u1ee9u b\u1eb1ng m\u1ed9t thi\u1ebft b\u1ecb h\u1eefu \u00edch #fyp\" width=\"1020\" height=\"574\" src=\"https:\/\/www.youtube.com\/embed\/nwF--ZnVIV8?feature=oembed\" frameborder=\"0\" allow=\"accelerometer; autoplay; clipboard-write; encrypted-media; gyroscope; picture-in-picture; web-share\" referrerpolicy=\"strict-origin-when-cross-origin\" allowfullscreen><\/iframe><\/p>\n<\/div>\n<h4 style=\"text-align: center;\"><em><strong><span style=\"font-size: 90%; color: #282828;\">B\u00e9 trai l\u1ee1 b\u1ecb ngh\u1eb9n khi \u0103n c\u00f9ng gia \u0111\u00ecnh<\/span><\/strong><\/em><\/h4>\n<div class=\"video video-fit mb\" style=\"padding-top:50%;\"><p><iframe loading=\"lazy\" title=\"M\u1ed9t em b\u00e9 \u0111ang \u0103n c\u00f9ng gia \u0111\u00ecnh th\u00ec l\u1ee1 may b\u1ecb ngh\u1eb9n \u0111\u1ed3 \u0103n\" width=\"1020\" height=\"574\" src=\"https:\/\/www.youtube.com\/embed\/P7RPzXlgm5w?feature=oembed\" frameborder=\"0\" allow=\"accelerometer; autoplay; clipboard-write; encrypted-media; gyroscope; picture-in-picture; web-share\" allowfullscreen><\/iframe><\/p>\n<\/div>\n<a href=\"http:\/\/lavendiera.com\" class=\"button primary is-shade is-larger box-shadow-4 box-shadow-5-hover\"  style=\"border-radius:10px;\">\n    <span>Tr\u1edf V\u1ec1 Trang Ch\u1ee7<\/span>\n  <i class=\"icon-angle-right\" aria-hidden=\"true\" ><\/i><\/a>\n\n","protected":false},"excerpt":{"rendered":"<p>M\u1ed9t em b\u00e9 l\u1ee1 may b\u1ecb ngh\u1eb9n h\u00f3c d\u1ecb v\u1eadt M\u1ed9t ch\u00fa l\u1edbn tu\u1ed5i \u0111ang \u0103n m\u1ed9t m\u00ecnh th\u00ec l\u1ee1 ngh\u1eb9n \u0111\u1ed3 \u0103n \u0110ang \u0111i \u00f4 t\u00f4 l\u1ee1 may con nh\u1ecf b\u1ecb h\u00f3c d\u1ecb v\u1eadt Tr\u00ean chuy\u1ebfn bay m\u1ed9t em b\u00e9 l\u1ee1 may b\u1ecb ngh\u1eb9n h\u00f3c B\u00e9 trai l\u1ee1 b\u1ecb ngh\u1eb9n khi \u0103n c\u00f9ng gia [&#8230;]\n","protected":false},"author":1,"featured_media":0,"parent":0,"menu_order":0,"comment_status":"closed","ping_status":"closed","template":"","meta":{"om_disable_all_campaigns":false,"_monsterinsights_skip_tracking":false,"_monsterinsights_sitenote_active":false,"_monsterinsights_sitenote_note":"","_monsterinsights_sitenote_category":0,"_uf_show_specific_survey":0,"_uf_disable_surveys":false,"footnotes":""},"class_list":["post-794","page","type-page","status-publish","hentry"],"aioseo_notices":[],"jetpack_sharing_enabled":true,"_links":{"self":[{"href":"https:\/\/lavendiera.com\/index.php\/wp-json\/wp\/v2\/pages\/794","targetHints":{"allow":["GET"]}}],"collection":[{"href":"https:\/\/lavendiera.com\/index.php\/wp-json\/wp\/v2\/pages"}],"about":[{"href":"https:\/\/lavendiera.com\/index.php\/wp-json\/wp\/v2\/types\/page"}],"author":[{"embeddable":true,"href":"https:\/\/lavendiera.com\/index.php\/wp-json\/wp\/v2\/users\/1"}],"replies":[{"embeddable":true,"href":"https:\/\/lavendiera.com\/index.php\/wp-json\/wp\/v2\/comments?post=794"}],"version-history":[{"count":32,"href":"https:\/\/lavendiera.com\/index.php\/wp-json\/wp\/v2\/pages\/794\/revisions"}],"predecessor-version":[{"id":4366,"href":"https:\/\/lavendiera.com\/index.php\/wp-json\/wp\/v2\/pages\/794\/revisions\/4366"}],"wp:attachment":[{"href":"https:\/\/lavendiera.com\/index.php\/wp-json\/wp\/v2\/media?parent=794"}],"curies":[{"name":"wp","href":"https:\/\/api.w.org\/{rel}","templated":true}]}}