{"id":526,"date":"2023-12-18T02:18:08","date_gmt":"2023-12-18T02:18:08","guid":{"rendered":"https:\/\/lavendiera.com\/?post_type=product&#038;p=526"},"modified":"2026-05-06T03:46:13","modified_gmt":"2026-05-06T03:46:13","slug":"thiet-bi-hut-do-an-di-vat-duong-tho-luc-nghen-hoc-lavendiera","status":"publish","type":"product","link":"https:\/\/lavendiera.com\/index.php\/product\/thiet-bi-hut-do-an-di-vat-duong-tho-luc-nghen-hoc-lavendiera\/","title":{"rendered":"Thi\u1ebft B\u1ecb H\u00fat \u0110\u1ed3 \u0102n D\u1ecb V\u1eadt \u0110\u01b0\u1eddng Th\u1edf Ng\u01b0\u1eddi L\u1edbn Tr\u1ebb Em"},"content":{"rendered":"<h2 data-section-id=\"ftq3yp\" data-start=\"668\" data-end=\"701\">Th\u00f4ng tin chi ti\u1ebft s\u1ea3n ph\u1ea9m<\/h2>\n<ul data-start=\"703\" data-end=\"1076\">\n<li data-section-id=\"m31nbg\" data-start=\"703\" data-end=\"765\"><strong data-start=\"705\" data-end=\"722\">T\u00ean s\u1ea3n ph\u1ea9m:<\/strong> Thi\u1ebft b\u1ecb h\u00fat d\u1ecb v\u1eadt \u0111\u01b0\u1eddng th\u1edf Lavendiera<\/li>\n<li data-section-id=\"185s4vy\" data-start=\"766\" data-end=\"839\"><strong data-start=\"768\" data-end=\"782\">C\u00f4ng d\u1ee5ng:<\/strong> H\u1ed7 tr\u1ee3 lo\u1ea1i b\u1ecf d\u1ecb v\u1eadt, th\u1ee9c \u0103n m\u1eafc k\u1eb9t trong \u0111\u01b0\u1eddng th\u1edf<\/li>\n<li data-section-id=\"nyu0pq\" data-start=\"840\" data-end=\"900\"><strong data-start=\"842\" data-end=\"864\">\u0110\u1ed1i t\u01b0\u1ee3ng s\u1eed d\u1ee5ng:<\/strong> Tr\u1ebb em, ng\u01b0\u1eddi l\u1edbn, ng\u01b0\u1eddi cao tu\u1ed5i<\/li>\n<li data-section-id=\"11dw8bv\" data-start=\"901\" data-end=\"940\"><strong data-start=\"903\" data-end=\"916\">Thi\u1ebft k\u1ebf:<\/strong> Nh\u1ecf g\u1ecdn, d\u1ec5 mang theo<\/li>\n<li data-section-id=\"ggpb9n\" data-start=\"941\" data-end=\"1076\"><strong data-start=\"943\" data-end=\"963\">B\u1ed9 s\u1ea3n ph\u1ea9m g\u1ed3m:<\/strong>\n<ul data-start=\"968\" data-end=\"1076\">\n<li data-section-id=\"taevos\" data-start=\"968\" data-end=\"1000\">01 th\u00e2n thi\u1ebft b\u1ecb t\u1ea1o l\u1ef1c h\u00fat<\/li>\n<li data-section-id=\"31o5h8\" data-start=\"1003\" data-end=\"1026\">01 m\u1eb7t n\u1ea1 ng\u01b0\u1eddi l\u1edbn<\/li>\n<li data-section-id=\"1plywhp\" data-start=\"1029\" data-end=\"1049\">01 m\u1eb7t n\u1ea1 tr\u1ebb em<\/li>\n<li data-section-id=\"172rtzo\" data-start=\"1052\" data-end=\"1076\">01 h\u01b0\u1edbng d\u1eabn s\u1eed d\u1ee5ng<\/li>\n<\/ul>\n<\/li>\n<\/ul>\n<p data-start=\"1078\" data-end=\"1240\">\ud83d\udc49 Thi\u1ebft b\u1ecb s\u1eed d\u1ee5ng c\u01a1 ch\u1ebf h\u00fat ch\u00e2n kh\u00f4ng gi\u00fap k\u00e9o d\u1ecb v\u1eadt ra ngo\u00e0i nhanh ch\u00f3ng, ph\u00f9 h\u1ee3p s\u1eed d\u1ee5ng trong t\u00ecnh hu\u1ed1ng kh\u1ea9n c\u1ea5p.<\/p>\n<hr data-start=\"1242\" data-end=\"1245\" \/>\n<h2 data-section-id=\"1w5sm8f\" data-start=\"1247\" data-end=\"1269\">\u26a1 \u01afu \u0111i\u1ec3m v\u01b0\u1ee3t tr\u1ed9i<\/h2>\n<p data-start=\"1271\" data-end=\"1415\">\u2714\ufe0f <strong data-start=\"1274\" data-end=\"1294\">L\u1ef1c h\u00fat m\u1ea1nh m\u1ebd:<\/strong> C\u00f3 th\u1ec3 h\u00fat d\u1ecb v\u1eadt hi\u1ec7u qu\u1ea3 ngay c\u1ea3 khi ph\u01b0\u01a1ng ph\u00e1p th\u00f4ng th\u01b0\u1eddng kh\u00f4ng th\u00e0nh c\u00f4ng<\/p>\n<p data-start=\"1417\" data-end=\"1490\">\u2714\ufe0f <strong data-start=\"1420\" data-end=\"1455\">An to\u00e0n h\u01a1n \u00e9p b\u1ee5ng (Heimlich):<\/strong> Gi\u1ea3m nguy c\u01a1 t\u1ed5n th\u01b0\u01a1ng n\u1ed9i t\u1ea1ng<\/p>\n<p data-start=\"1492\" data-end=\"1613\">\u2714\ufe0f <strong data-start=\"1495\" data-end=\"1522\">Van 1 chi\u1ec1u th\u00f4ng minh:<\/strong> Ch\u1ec9 h\u00fat ra, kh\u00f4ng \u0111\u1ea9y kh\u00ed v\u00e0o, t\u0103ng hi\u1ec7u qu\u1ea3 x\u1eed l\u00fd<\/p>\n<p data-start=\"1615\" data-end=\"1671\">\u2714\ufe0f <strong data-start=\"1618\" data-end=\"1633\">D\u1ec5 s\u1eed d\u1ee5ng:<\/strong> Ch\u1ec9 c\u1ea7n \u0111\u1eb7t \u0111\u00fang v\u1ecb tr\u00ed v\u00e0 nh\u1ea5n h\u00fat<\/p>\n<p data-start=\"1673\" data-end=\"1742\">\u2714\ufe0f <strong data-start=\"1676\" data-end=\"1704\">Ph\u00f9 h\u1ee3p nhi\u1ec1u \u0111\u1ed1i t\u01b0\u1ee3ng:<\/strong> Tr\u1ebb em, ng\u01b0\u1eddi gi\u00e0, ph\u1ee5 n\u1eef mang thai<\/p>\n<p data-start=\"1744\" data-end=\"1842\">\u2714\ufe0f <strong data-start=\"1747\" data-end=\"1771\">Thi\u1ebft k\u1ebf trong su\u1ed1t:<\/strong> D\u1ec5 quan s\u00e1t d\u1ecb v\u1eadt khi s\u1eed d\u1ee5ng<\/p>\n<hr data-start=\"1844\" data-end=\"1847\" \/>\n<h2 data-section-id=\"eoxxa4\" data-start=\"1849\" data-end=\"1875\">\ud83d\udccc Khi n\u00e0o n\u00ean s\u1eed d\u1ee5ng?<\/h2>\n<ul data-start=\"1877\" data-end=\"2025\">\n<li data-section-id=\"bevunl\" data-start=\"1877\" data-end=\"1919\">Ng\u01b0\u1eddi b\u1ecb ngh\u1eb9n th\u1ee9c \u0103n, kh\u00f4ng th\u1edf \u0111\u01b0\u1ee3c<\/li>\n<li data-section-id=\"fqm6xv\" data-start=\"1920\" data-end=\"1957\">Tr\u1ebb nh\u1ecf h\u00f3c \u0111\u1ed3 ch\u01a1i, k\u1eb9o, th\u1ee9c \u0103n<\/li>\n<li data-section-id=\"12s21p6\" data-start=\"1958\" data-end=\"1987\">Ng\u01b0\u1eddi gi\u00e0 b\u1ecb s\u1eb7c, kh\u00f3 th\u1edf<\/li>\n<li data-section-id=\"6yrqj0\" data-start=\"1988\" data-end=\"2025\">Tr\u01b0\u1eddng h\u1ee3p \u00e9p b\u1ee5ng kh\u00f4ng hi\u1ec7u qu\u1ea3<\/li>\n<\/ul>\n<hr data-start=\"2027\" data-end=\"2030\" \/>\n<h2 data-section-id=\"193czxc\" data-start=\"2032\" data-end=\"2065\">\ud83e\udded H\u01b0\u1edbng d\u1eabn s\u1eed d\u1ee5ng \u0111\u00fang c\u00e1ch<\/h2>\n<p data-start=\"2067\" data-end=\"2313\">\ud83d\udc49 B\u01b0\u1edbc 1: Ch\u1ecdn m\u1eb7t n\u1ea1 ph\u00f9 h\u1ee3p (tr\u1ebb em ho\u1eb7c ng\u01b0\u1eddi l\u1edbn)<br data-start=\"2121\" data-end=\"2124\" \/>\ud83d\udc49 B\u01b0\u1edbc 2: \u0110\u1eb7t k\u00edn m\u1eb7t n\u1ea1 l\u00ean mi\u1ec7ng \u2013 m\u0169i ng\u01b0\u1eddi b\u1ecb n\u1ea1n<br data-start=\"2178\" data-end=\"2181\" \/>\ud83d\udc49 B\u01b0\u1edbc 3: Gi\u1eef ch\u1eb7t thi\u1ebft b\u1ecb<br data-start=\"2209\" data-end=\"2212\" \/>\ud83d\udc49 B\u01b0\u1edbc 4: K\u00e9o\/nh\u1ea5n \u0111\u1ec3 t\u1ea1o l\u1ef1c h\u00fat m\u1ea1nh<br data-start=\"2251\" data-end=\"2254\" \/>\ud83d\udc49 B\u01b0\u1edbc 5: L\u1eb7p l\u1ea1i n\u1ebfu c\u1ea7n cho \u0111\u1ebfn khi d\u1ecb v\u1eadt \u0111\u01b0\u1ee3c l\u1ea5y ra<\/p>\n<p data-start=\"2315\" data-end=\"2335\">\ud83d\udccc L\u01b0u \u00fd quan tr\u1ecdng:<\/p>\n<ul data-start=\"2336\" data-end=\"2462\">\n<li data-section-id=\"qp0ur8\" data-start=\"2336\" data-end=\"2363\">Gi\u1eef b\u00ecnh t\u0129nh khi x\u1eed l\u00fd<\/li>\n<li data-section-id=\"ufxurw\" data-start=\"2364\" data-end=\"2411\">Kh\u00f4ng d\u00f9ng khi ng\u01b0\u1eddi c\u00f2n t\u1ef1 th\u1edf b\u00ecnh th\u01b0\u1eddng<\/li>\n<li data-section-id=\"mjqh2o\" data-start=\"2412\" data-end=\"2462\">Sau khi x\u1eed l\u00fd, n\u00ean \u0111\u01b0a \u0111\u1ebfn c\u01a1 s\u1edf y t\u1ebf ki\u1ec3m tra<\/li>\n<\/ul>\n<hr data-start=\"2464\" data-end=\"2467\" \/>\n<h2 data-section-id=\"vsag4m\" data-start=\"2469\" data-end=\"2502\">\ud83d\udee1\ufe0f V\u00ec sao n\u00ean c\u00f3 s\u1eb5n t\u1ea1i nh\u00e0?<\/h2>\n<ul data-start=\"2504\" data-end=\"2709\">\n<li data-section-id=\"11xlj0d\" data-start=\"2504\" data-end=\"2561\">Tai n\u1ea1n ngh\u1eb9n h\u00f3c x\u1ea3y ra <strong data-start=\"2531\" data-end=\"2559\">b\u1ea5t ng\u1edd, kh\u00f4ng b\u00e1o tr\u01b0\u1edbc<\/strong><\/li>\n<li data-section-id=\"1birbb0\" data-start=\"2562\" data-end=\"2605\">Th\u1eddi gian v\u00e0ng c\u1ea5p c\u1ee9u ch\u1ec9 <strong data-start=\"2591\" data-end=\"2603\">v\u00e0i ph\u00fat<\/strong><\/li>\n<li data-section-id=\"1xayyca\" data-start=\"2606\" data-end=\"2659\">Thi\u1ebft b\u1ecb gi\u00fap <strong data-start=\"2622\" data-end=\"2657\">ch\u1ee7 \u0111\u1ed9ng c\u1ee9u ng\u01b0\u1eddi ngay l\u1eadp t\u1ee9c<\/strong><\/li>\n<li data-section-id=\"1t2ivv1\" data-start=\"2660\" data-end=\"2709\">Nh\u1ecf g\u1ecdn, d\u1ec5 c\u1ea5t trong nh\u00e0, xe \u00f4 t\u00f4, v\u0103n ph\u00f2ng<\/li>\n<\/ul>\n<hr data-start=\"2711\" data-end=\"2714\" \/>\n<h2 data-section-id=\"1omh50j\" data-start=\"2716\" data-end=\"2730\">\ud83d\udca1 K\u1ebft lu\u1eadn<\/h2>\n<p data-start=\"2732\" data-end=\"2905\">Thi\u1ebft b\u1ecb h\u00fat d\u1ecb v\u1eadt Lavendiera kh\u00f4ng ch\u1ec9 l\u00e0 m\u1ed9t s\u1ea3n ph\u1ea9m, m\u00e0 l\u00e0 <strong data-start=\"2796\" data-end=\"2827\">c\u00f4ng c\u1ee5 c\u1ee9u m\u1ea1ng quan tr\u1ecdng<\/strong> trong nh\u1eefng t\u00ecnh hu\u1ed1ng kh\u1ea9n c\u1ea5p. \u0110\u1ea7u t\u01b0 m\u1ed9t l\u1ea7n \u2013 b\u1ea3o v\u1ec7 c\u1ea3 gia \u0111\u00ecnh l\u00e2u d\u00e0i.<\/p>\n<p data-start=\"2907\" data-end=\"3017\">\ud83d\udc49 N\u1ebfu b\u1ea1n \u0111ang c\u00f3 tr\u1ebb nh\u1ecf ho\u1eb7c ng\u01b0\u1eddi l\u1edbn tu\u1ed5i trong nh\u00e0, \u0111\u00e2y l\u00e0 s\u1ea3n ph\u1ea9m <strong data-start=\"2981\" data-end=\"3016\">r\u1ea5t \u0111\u00e1ng \u0111\u1ec3 s\u1edf h\u1eefu ngay h\u00f4m nay<\/strong>.<\/p>\n","protected":false},"excerpt":{"rendered":"<p><span style=\"color: #282828;\"><strong><span style=\"font-size: 90%;\">***\u0110\u1eb7c \u0110i\u1ec3m C\u1ea5u T\u1ea1o c\u1ee7a S\u1ea3n Ph\u1ea9m<\/span><\/strong><\/span><\/p>\n<ol>\n<li><span style=\"color: #282828; font-size: 90%;\">H\u00fat M\u1ea1nh: \u0110\u01b0\u1ee3c thi\u1ebft k\u1ebf v\u1edbi l\u00f2 xo h\u1ed7 tr\u1ee3, s\u1ea3n ph\u1ea9m c\u00f3 kh\u1ea3 n\u0103ng h\u00fat d\u1ecb v\u1eadt, \u0111\u1ed3 \u0103n b\u1ecb ch\u1eb7n trong \u0111\u01b0\u1eddng th\u1edf m\u1ea1nh m\u1ebd, \u0111\u1eb7c bi\u1ec7t h\u1eefu \u00edch trong t\u00ecnh hu\u1ed1ng kh\u1ea9n c\u1ea5p. D\u00f9 s\u1eed d\u1ee5ng m\u1ed9t m\u00ecnh, l\u1ef1c h\u00fat v\u1eabn duy tr\u00ec \u1ed5n \u0111\u1ecbnh, kh\u00f4ng g\u1eb7p \u1ea3nh h\u01b0\u1edfng.<\/span><\/li>\n<li><span style=\"color: #282828; font-size: 90%;\">Ng\u0103n Ch\u1eb7n Kh\u00ed Th\u00f4ng Qua: S\u1eed d\u1ee5ng van m\u1ed9t chi\u1ec1u trong thi\u1ebft k\u1ebf, hi\u1ec7u qu\u1ea3 trong vi\u1ec7c ng\u0103n ch\u1eb7n kh\u00f4ng kh\u00ed \u0111\u1ea9y qua n\u1eafp m\u1eb7t n\u1ea1, gi\u00fap t\u0103ng c\u01b0\u1eddng hi\u1ec7u su\u1ea5t khi h\u00fat v\u1eadt th\u1ec3 b\u1ecb ch\u1eb7n. Ch\u1ec9 h\u00fat ra m\u00e0 kh\u00f4ng h\u1ec1 \u0111\u1ea9y kh\u00ed v\u00e0o.<\/span><\/li>\n<li><span style=\"color: #282828; font-size: 90%;\">Kh\u1ea3 N\u0103ng Quan S\u00e1t R\u00f5 R\u00e0ng: V\u1edbi thi\u1ebft k\u1ebf m\u00e0u trong su\u1ed1t, s\u1ea3n ph\u1ea9m gi\u00fap b\u1ea1n d\u1ec5 d\u00e0ng quan s\u00e1t c\u00e1c v\u1eadt th\u1ec3 b\u1ecb t\u1eafc ngh\u1ebdn, t\u1ea1o \u0111i\u1ec1u ki\u1ec7n thu\u1eadn l\u1ee3i cho qu\u00e1 tr\u00ecnh s\u1eed d\u1ee5ng.<\/span><\/li>\n<li><span style=\"color: #282828; font-size: 90%;\">Di \u0110\u1ed9ng v\u00e0 Nh\u1eb9 Nh\u00e0ng: V\u1edbi k\u00edch th\u01b0\u1edbc nh\u1ecf v\u00e0 tr\u1ecdng l\u01b0\u1ee3ng nh\u1eb9, s\u1ea3n ph\u1ea9m d\u1ec5 d\u00e0ng mang theo v\u00e0 ph\u00f9 h\u1ee3p s\u1eed d\u1ee5ng \u1edf nhi\u1ec1u \u0111\u1ecba \u0111i\u1ec3m nh\u01b0 nh\u00e0, tr\u01b0\u1eddng, v\u0103n ph\u00f2ng, v.v.<\/span><\/li>\n<li><span style=\"color: #282828; font-size: 90%;\">Thay Th\u1ebf Thu\u1eadn Ti\u1ec7n: N\u1eafp m\u1eb7t c\u00f3 th\u1ec3 thay th\u1ebf linh ho\u1ea1t v\u00e0 b\u1ec1n, gi\u00fap d\u1ec5 d\u00e0ng lo\u1ea1i b\u1ecf v\u1eadt th\u1ec3 b\u1ecb ch\u1eb7n. S\u1ea3n ph\u1ea9m \u0111i c\u00f9ng 2 n\u1eb7p m\u1eb7t n\u1ea1 ph\u00f9 h\u1ee3p cho c\u1ea3 ng\u01b0\u1eddi l\u1edbn v\u00e0 tr\u1ebb em.<\/span><\/li>\n<\/ol>\n","protected":false},"featured_media":1585,"comment_status":"closed","ping_status":"closed","template":"","meta":{"om_disable_all_campaigns":false,"_monsterinsights_skip_tracking":false,"_monsterinsights_sitenote_active":false,"_monsterinsights_sitenote_note":"","_monsterinsights_sitenote_category":0,"_uf_show_specific_survey":0,"_uf_disable_surveys":false},"product_brand":[],"product_cat":[15],"product_tag":[36,29,35,34],"class_list":{"0":"post-526","1":"product","2":"type-product","3":"status-publish","4":"has-post-thumbnail","6":"product_cat-loai-thong-dung","7":"product_tag-dung-cu-chong-nghen-duong-tho","8":"product_tag-dung-cu-hut-di-vat-duong-tho","9":"product_tag-thiet-bi","10":"product_tag-thiet-bi-hut-di-vat","12":"first","13":"instock","14":"sale","15":"featured","16":"shipping-taxable","17":"purchasable","18":"product-type-simple"},"aioseo_notices":[],"jetpack_sharing_enabled":true,"_links":{"self":[{"href":"https:\/\/lavendiera.com\/index.php\/wp-json\/wp\/v2\/product\/526","targetHints":{"allow":["GET"]}}],"collection":[{"href":"https:\/\/lavendiera.com\/index.php\/wp-json\/wp\/v2\/product"}],"about":[{"href":"https:\/\/lavendiera.com\/index.php\/wp-json\/wp\/v2\/types\/product"}],"replies":[{"embeddable":true,"href":"https:\/\/lavendiera.com\/index.php\/wp-json\/wp\/v2\/comments?post=526"}],"wp:featuredmedia":[{"embeddable":true,"href":"https:\/\/lavendiera.com\/index.php\/wp-json\/wp\/v2\/media\/1585"}],"wp:attachment":[{"href":"https:\/\/lavendiera.com\/index.php\/wp-json\/wp\/v2\/media?parent=526"}],"wp:term":[{"taxonomy":"product_brand","embeddable":true,"href":"https:\/\/lavendiera.com\/index.php\/wp-json\/wp\/v2\/product_brand?post=526"},{"taxonomy":"product_cat","embeddable":true,"href":"https:\/\/lavendiera.com\/index.php\/wp-json\/wp\/v2\/product_cat?post=526"},{"taxonomy":"product_tag","embeddable":true,"href":"https:\/\/lavendiera.com\/index.php\/wp-json\/wp\/v2\/product_tag?post=526"}],"curies":[{"name":"wp","href":"https:\/\/api.w.org\/{rel}","templated":true}]}}